{"id":22412,"date":"2024-11-22T15:25:49","date_gmt":"2024-11-22T14:25:49","guid":{"rendered":"https:\/\/baralivres.ma\/?post_type=product&#038;p=22412"},"modified":"2024-11-22T15:25:49","modified_gmt":"2024-11-22T14:25:49","slug":"mon-premier-livre-sonore-a-toucher-mes-premiers-mots","status":"publish","type":"product","link":"https:\/\/baralivres.ma\/?product=mon-premier-livre-sonore-a-toucher-mes-premiers-mots","title":{"rendered":"Mon premier livre sonore \u00e0 toucher : mes premiers mots"},"content":{"rendered":"<p>\u00ab\u00a0Mon premier livre sonore \u00e0 toucher : mes premiers mots\u00a0\u00bb Ce livre interactif et ludique est sp\u00e9cialement con\u00e7u pour les tout-petits afin de les initier aux mots de leur quotidien. Avec des <strong>photographies color\u00e9es<\/strong>, des <strong>mati\u00e8res \u00e0 toucher<\/strong> et <strong>6 puces sonores<\/strong>, il stimule les sens des jeunes enfants en combinant l\u2019apprentissage visuel, tactile et auditif.<\/p>\n<p>Les petits d\u00e9couvriront des sons familiers tels que :<\/p>\n<ul>\n<li><strong>Le miaulement du chat<\/strong>,<\/li>\n<li><strong>Le klaxon de la voiture<\/strong>,<\/li>\n<li><strong>Le croquement de la pomme<\/strong>,<br \/>\net bien d\u2019autres encore.<\/li>\n<\/ul>\n","protected":false},"excerpt":{"rendered":"<p><strong>\u00ab\u00a0Mon premier livre sonore \u00e0 toucher : mes premiers mots\u00a0\u00bb<\/strong> est un livre interactif pour les tout-petits, combinant photos, textures \u00e0 toucher et 6 sons du quotidien pour apprendre en s&rsquo;amusant. Une exp\u00e9rience sensorielle ludique et \u00e9ducative !<\/p>\n","protected":false},"featured_media":22415,"comment_status":"open","ping_status":"closed","template":"","meta":{"inline_featured_image":false},"product_cat":[3952,3944,197],"product_tag":[],"class_list":{"0":"post-22412","1":"product","2":"type-product","3":"status-publish","4":"has-post-thumbnail","6":"product_cat-les-livres-a-toucher-pour-bebe","7":"product_cat-les-livres-sonore-francais","8":"product_cat-livre-sonore","10":"first","11":"instock","12":"shipping-taxable","13":"purchasable","14":"product-type-simple"},"_links":{"self":[{"href":"https:\/\/baralivres.ma\/index.php?rest_route=\/wp\/v2\/product\/22412","targetHints":{"allow":["GET"]}}],"collection":[{"href":"https:\/\/baralivres.ma\/index.php?rest_route=\/wp\/v2\/product"}],"about":[{"href":"https:\/\/baralivres.ma\/index.php?rest_route=\/wp\/v2\/types\/product"}],"replies":[{"embeddable":true,"href":"https:\/\/baralivres.ma\/index.php?rest_route=%2Fwp%2Fv2%2Fcomments&post=22412"}],"version-history":[{"count":1,"href":"https:\/\/baralivres.ma\/index.php?rest_route=\/wp\/v2\/product\/22412\/revisions"}],"predecessor-version":[{"id":22416,"href":"https:\/\/baralivres.ma\/index.php?rest_route=\/wp\/v2\/product\/22412\/revisions\/22416"}],"wp:featuredmedia":[{"embeddable":true,"href":"https:\/\/baralivres.ma\/index.php?rest_route=\/wp\/v2\/media\/22415"}],"wp:attachment":[{"href":"https:\/\/baralivres.ma\/index.php?rest_route=%2Fwp%2Fv2%2Fmedia&parent=22412"}],"wp:term":[{"taxonomy":"product_cat","embeddable":true,"href":"https:\/\/baralivres.ma\/index.php?rest_route=%2Fwp%2Fv2%2Fproduct_cat&post=22412"},{"taxonomy":"product_tag","embeddable":true,"href":"https:\/\/baralivres.ma\/index.php?rest_route=%2Fwp%2Fv2%2Fproduct_tag&post=22412"}],"curies":[{"name":"wp","href":"https:\/\/api.w.org\/{rel}","templated":true}]}}