{"id":22352,"date":"2024-11-18T17:03:09","date_gmt":"2024-11-18T16:03:09","guid":{"rendered":"https:\/\/baralivres.ma\/?post_type=product&#038;p=22352"},"modified":"2024-11-18T17:03:10","modified_gmt":"2024-11-18T16:03:10","slug":"lets-colour-on-the-farm-2","status":"publish","type":"product","link":"https:\/\/baralivres.ma\/?product=lets-colour-on-the-farm-2","title":{"rendered":"LET&rsquo;S COLOUR ON THE FARM"},"content":{"rendered":"","protected":false},"excerpt":{"rendered":"<div class=\"flex-shrink-0 flex flex-col relative items-end\">\n<div>\n<div class=\"pt-0\">\n<div class=\"gizmo-bot-avatar flex h-8 w-8 items-center justify-center overflow-hidden rounded-full\">\n<div class=\"relative p-1 rounded-sm flex items-center justify-center bg-token-main-surface-primary text-token-text-primary h-8 w-8\"><\/div>\n<\/div>\n<\/div>\n<\/div>\n<\/div>\n<div class=\"group\/conversation-turn relative flex w-full min-w-0 flex-col agent-turn\">\n<div class=\"flex-col gap-1 md:gap-3\">\n<div class=\"flex max-w-full flex-col flex-grow\">\n<div class=\"min-h-8 text-message flex w-full flex-col items-end gap-2 whitespace-normal break-words [.text-message+&amp;]:mt-5\" dir=\"auto\" data-message-author-role=\"assistant\" data-message-id=\"fe9a1993-44f8-485f-b136-141bc3aadfdf\" data-message-model-slug=\"gpt-4o-mini\">\n<div class=\"flex w-full flex-col gap-1 empty:hidden first:pt-[3px]\">\n<div class=\"markdown prose w-full break-words dark:prose-invert light\">\n<p><strong>Let\u2019s Colour on the Farm<\/strong> est un livre captivant qui invite les enfants \u00e0 explorer la ferme tout en coloriant des sc\u00e8nes amusantes ! Avec des illustrations de fermes, d\u2019animaux et de champs, ce livre stimule la cr\u00e9ativit\u00e9 des petits artistes en herbe. Parfait pour \u00e9veiller l\u2019imagination et offrir des heures de divertissement tout en d\u00e9couvrant la vie \u00e0 la ferme. Un excellent moyen pour les enfants d&rsquo;apprendre tout en s&rsquo;amusant avec leurs couleurs !<\/p>\n<\/div>\n<\/div>\n<\/div>\n<\/div>\n<\/div>\n<\/div>\n","protected":false},"featured_media":0,"comment_status":"open","ping_status":"closed","template":"","meta":{"inline_featured_image":false},"product_cat":[215,210],"product_tag":[],"class_list":{"0":"post-22352","1":"product","2":"type-product","3":"status-publish","5":"product_cat-enfant","6":"product_cat-activites-bebe-enfant","8":"first","9":"instock","10":"shipping-taxable","11":"purchasable","12":"product-type-simple"},"_links":{"self":[{"href":"https:\/\/baralivres.ma\/index.php?rest_route=\/wp\/v2\/product\/22352","targetHints":{"allow":["GET"]}}],"collection":[{"href":"https:\/\/baralivres.ma\/index.php?rest_route=\/wp\/v2\/product"}],"about":[{"href":"https:\/\/baralivres.ma\/index.php?rest_route=\/wp\/v2\/types\/product"}],"replies":[{"embeddable":true,"href":"https:\/\/baralivres.ma\/index.php?rest_route=%2Fwp%2Fv2%2Fcomments&post=22352"}],"version-history":[{"count":1,"href":"https:\/\/baralivres.ma\/index.php?rest_route=\/wp\/v2\/product\/22352\/revisions"}],"predecessor-version":[{"id":22353,"href":"https:\/\/baralivres.ma\/index.php?rest_route=\/wp\/v2\/product\/22352\/revisions\/22353"}],"wp:attachment":[{"href":"https:\/\/baralivres.ma\/index.php?rest_route=%2Fwp%2Fv2%2Fmedia&parent=22352"}],"wp:term":[{"taxonomy":"product_cat","embeddable":true,"href":"https:\/\/baralivres.ma\/index.php?rest_route=%2Fwp%2Fv2%2Fproduct_cat&post=22352"},{"taxonomy":"product_tag","embeddable":true,"href":"https:\/\/baralivres.ma\/index.php?rest_route=%2Fwp%2Fv2%2Fproduct_tag&post=22352"}],"curies":[{"name":"wp","href":"https:\/\/api.w.org\/{rel}","templated":true}]}}