{"id":22345,"date":"2024-11-18T16:47:50","date_gmt":"2024-11-18T15:47:50","guid":{"rendered":"https:\/\/baralivres.ma\/?post_type=product&#038;p=22345"},"modified":"2024-11-18T16:47:51","modified_gmt":"2024-11-18T15:47:51","slug":"mummys-little-bear","status":"publish","type":"product","link":"https:\/\/baralivres.ma\/?product=mummys-little-bear","title":{"rendered":"MUMMY\u2019S LITTLE BEAR"},"content":{"rendered":"","protected":false},"excerpt":{"rendered":"<p>Offrez \u00e0 votre enfant <strong>Mummy\u2019s Little Bear<\/strong>, une aventure tendre et magique qui r\u00e9v\u00e8le un monde de d\u00e9couvertes ! Suivez l\u2019histoire de l\u2019adorable ourson et de sa maman tout en coloriant et compl\u00e9tant les sc\u00e8nes avec les autocollants inclus. Un livre interactif, parfait pour stimuler la cr\u00e9ativit\u00e9 de votre enfant et lui offrir des heures d\u2019amusement. Un cadeau id\u00e9al pour \u00e9veiller l\u2019imagination et renforcer les liens affectifs, tout en apprenant de mani\u00e8re ludique !<\/p>\n","protected":false},"featured_media":22346,"comment_status":"open","ping_status":"closed","template":"","meta":{"inline_featured_image":false},"product_cat":[215,210],"product_tag":[],"class_list":{"0":"post-22345","1":"product","2":"type-product","3":"status-publish","4":"has-post-thumbnail","6":"product_cat-enfant","7":"product_cat-activites-bebe-enfant","9":"first","10":"instock","11":"shipping-taxable","12":"purchasable","13":"product-type-simple"},"_links":{"self":[{"href":"https:\/\/baralivres.ma\/index.php?rest_route=\/wp\/v2\/product\/22345","targetHints":{"allow":["GET"]}}],"collection":[{"href":"https:\/\/baralivres.ma\/index.php?rest_route=\/wp\/v2\/product"}],"about":[{"href":"https:\/\/baralivres.ma\/index.php?rest_route=\/wp\/v2\/types\/product"}],"replies":[{"embeddable":true,"href":"https:\/\/baralivres.ma\/index.php?rest_route=%2Fwp%2Fv2%2Fcomments&post=22345"}],"version-history":[{"count":1,"href":"https:\/\/baralivres.ma\/index.php?rest_route=\/wp\/v2\/product\/22345\/revisions"}],"predecessor-version":[{"id":22347,"href":"https:\/\/baralivres.ma\/index.php?rest_route=\/wp\/v2\/product\/22345\/revisions\/22347"}],"wp:featuredmedia":[{"embeddable":true,"href":"https:\/\/baralivres.ma\/index.php?rest_route=\/wp\/v2\/media\/22346"}],"wp:attachment":[{"href":"https:\/\/baralivres.ma\/index.php?rest_route=%2Fwp%2Fv2%2Fmedia&parent=22345"}],"wp:term":[{"taxonomy":"product_cat","embeddable":true,"href":"https:\/\/baralivres.ma\/index.php?rest_route=%2Fwp%2Fv2%2Fproduct_cat&post=22345"},{"taxonomy":"product_tag","embeddable":true,"href":"https:\/\/baralivres.ma\/index.php?rest_route=%2Fwp%2Fv2%2Fproduct_tag&post=22345"}],"curies":[{"name":"wp","href":"https:\/\/api.w.org\/{rel}","templated":true}]}}