{"id":22341,"date":"2024-11-18T16:43:17","date_gmt":"2024-11-18T15:43:17","guid":{"rendered":"https:\/\/baralivres.ma\/?post_type=product&#038;p=22341"},"modified":"2024-11-18T16:43:17","modified_gmt":"2024-11-18T15:43:17","slug":"daddys-little-bear","status":"publish","type":"product","link":"https:\/\/baralivres.ma\/?product=daddys-little-bear","title":{"rendered":"Daddy\u2019s Little Bear"},"content":{"rendered":"","protected":false},"excerpt":{"rendered":"<p>Plongez dans l\u2019aventure magique de <strong>Daddy\u2019s Little Bear<\/strong> ! D\u00e9couvrez la magnifique cabane dans les arbres d\u2019Esm\u00e9e et son secret royal, tout en coloriant et compl\u00e9tant les sc\u00e8nes avec les autocollants inclus. Un livre interactif et enchant\u00e9, parfait pour \u00e9veiller l\u2019imagination de votre enfant et stimuler sa cr\u00e9ativit\u00e9. Offrez-lui un monde de magie et de d\u00e9couvertes \u00e0 chaque page, pour une exp\u00e9rience de lecture ludique et unique !<\/p>\n","protected":false},"featured_media":22343,"comment_status":"open","ping_status":"closed","template":"","meta":{"inline_featured_image":false},"product_cat":[215,210],"product_tag":[],"class_list":{"0":"post-22341","1":"product","2":"type-product","3":"status-publish","4":"has-post-thumbnail","6":"product_cat-enfant","7":"product_cat-activites-bebe-enfant","9":"first","10":"instock","11":"shipping-taxable","12":"purchasable","13":"product-type-simple"},"_links":{"self":[{"href":"https:\/\/baralivres.ma\/index.php?rest_route=\/wp\/v2\/product\/22341","targetHints":{"allow":["GET"]}}],"collection":[{"href":"https:\/\/baralivres.ma\/index.php?rest_route=\/wp\/v2\/product"}],"about":[{"href":"https:\/\/baralivres.ma\/index.php?rest_route=\/wp\/v2\/types\/product"}],"replies":[{"embeddable":true,"href":"https:\/\/baralivres.ma\/index.php?rest_route=%2Fwp%2Fv2%2Fcomments&post=22341"}],"version-history":[{"count":1,"href":"https:\/\/baralivres.ma\/index.php?rest_route=\/wp\/v2\/product\/22341\/revisions"}],"predecessor-version":[{"id":22344,"href":"https:\/\/baralivres.ma\/index.php?rest_route=\/wp\/v2\/product\/22341\/revisions\/22344"}],"wp:featuredmedia":[{"embeddable":true,"href":"https:\/\/baralivres.ma\/index.php?rest_route=\/wp\/v2\/media\/22343"}],"wp:attachment":[{"href":"https:\/\/baralivres.ma\/index.php?rest_route=%2Fwp%2Fv2%2Fmedia&parent=22341"}],"wp:term":[{"taxonomy":"product_cat","embeddable":true,"href":"https:\/\/baralivres.ma\/index.php?rest_route=%2Fwp%2Fv2%2Fproduct_cat&post=22341"},{"taxonomy":"product_tag","embeddable":true,"href":"https:\/\/baralivres.ma\/index.php?rest_route=%2Fwp%2Fv2%2Fproduct_tag&post=22341"}],"curies":[{"name":"wp","href":"https:\/\/api.w.org\/{rel}","templated":true}]}}