{"id":22338,"date":"2024-11-18T16:39:31","date_gmt":"2024-11-18T15:39:31","guid":{"rendered":"https:\/\/baralivres.ma\/?post_type=product&#038;p=22338"},"modified":"2024-11-18T16:39:32","modified_gmt":"2024-11-18T15:39:32","slug":"princesse-esme-and-the-royal-secret","status":"publish","type":"product","link":"https:\/\/baralivres.ma\/?product=princesse-esme-and-the-royal-secret","title":{"rendered":"Princesse Esme and the Royal Secret"},"content":{"rendered":"<p><strong>Princesse Esme and the Royal Secret<\/strong> est un livre magique qui combine une histoire captivante et des illustrations \u00e0 colorier, parfait pour les jeunes cr\u00e9ateurs en herbe. Suivez Princesse Esme dans ses aventures royales, tout en donnant vie \u00e0 ses aventures gr\u00e2ce \u00e0 vos propres couleurs. Ce livre offre aux enfants la possibilit\u00e9 de se plonger dans un conte enchanteur, o\u00f9 chaque page leur permet d&rsquo;explorer leur cr\u00e9ativit\u00e9 en coloriant des sc\u00e8nes magnifiques. Avec des personnages fascinants et une histoire pleine de myst\u00e8re, <strong>Princesse Esme and the Royal Secret<\/strong> capture l&rsquo;imagination des enfants tout en d\u00e9veloppant leurs comp\u00e9tences artistiques. Les enfants pourront colorier des ch\u00e2teaux, des animaux royaux et des objets magiques, cr\u00e9ant leur propre version du monde d&rsquo;Esme. Parfait pour stimuler l&rsquo;imagination et renforcer la concentration, ce livre est id\u00e9al pour les moments de d\u00e9tente tout en apprenant. Une belle fa\u00e7on d\u2019allier lecture et art, tout en encourageant l&rsquo;expression personnelle \u00e0 travers le coloriage. Offrez-le \u00e0 votre enfant pour une exp\u00e9rience interactive, o\u00f9 l&rsquo;aventure et la cr\u00e9ativit\u00e9 se rencontrent ! Un cadeau parfait pour les jeunes artistes et r\u00eaveurs !<\/p>\n","protected":false},"excerpt":{"rendered":"<p><strong>Princesse Esme and the Royal Secret<\/strong> est un livre magique qui m\u00eale une histoire captivante et des illustrations \u00e0 colorier, stimulant \u00e0 la fois l\u2019imagination et la cr\u00e9ativit\u00e9 des enfants. Un cadeau parfait pour les jeunes aventuriers et artistes !<\/p>\n","protected":false},"featured_media":22339,"comment_status":"open","ping_status":"closed","template":"","meta":{"inline_featured_image":false},"product_cat":[215,210],"product_tag":[],"class_list":{"0":"post-22338","1":"product","2":"type-product","3":"status-publish","4":"has-post-thumbnail","6":"product_cat-enfant","7":"product_cat-activites-bebe-enfant","9":"first","10":"instock","11":"shipping-taxable","12":"purchasable","13":"product-type-simple"},"_links":{"self":[{"href":"https:\/\/baralivres.ma\/index.php?rest_route=\/wp\/v2\/product\/22338","targetHints":{"allow":["GET"]}}],"collection":[{"href":"https:\/\/baralivres.ma\/index.php?rest_route=\/wp\/v2\/product"}],"about":[{"href":"https:\/\/baralivres.ma\/index.php?rest_route=\/wp\/v2\/types\/product"}],"replies":[{"embeddable":true,"href":"https:\/\/baralivres.ma\/index.php?rest_route=%2Fwp%2Fv2%2Fcomments&post=22338"}],"version-history":[{"count":2,"href":"https:\/\/baralivres.ma\/index.php?rest_route=\/wp\/v2\/product\/22338\/revisions"}],"predecessor-version":[{"id":22342,"href":"https:\/\/baralivres.ma\/index.php?rest_route=\/wp\/v2\/product\/22338\/revisions\/22342"}],"wp:featuredmedia":[{"embeddable":true,"href":"https:\/\/baralivres.ma\/index.php?rest_route=\/wp\/v2\/media\/22339"}],"wp:attachment":[{"href":"https:\/\/baralivres.ma\/index.php?rest_route=%2Fwp%2Fv2%2Fmedia&parent=22338"}],"wp:term":[{"taxonomy":"product_cat","embeddable":true,"href":"https:\/\/baralivres.ma\/index.php?rest_route=%2Fwp%2Fv2%2Fproduct_cat&post=22338"},{"taxonomy":"product_tag","embeddable":true,"href":"https:\/\/baralivres.ma\/index.php?rest_route=%2Fwp%2Fv2%2Fproduct_tag&post=22338"}],"curies":[{"name":"wp","href":"https:\/\/api.w.org\/{rel}","templated":true}]}}