{"id":22335,"date":"2024-11-18T16:32:20","date_gmt":"2024-11-18T15:32:20","guid":{"rendered":"https:\/\/baralivres.ma\/?post_type=product&#038;p=22335"},"modified":"2024-11-18T16:32:21","modified_gmt":"2024-11-18T15:32:21","slug":"a-boys-adventure-look-find","status":"publish","type":"product","link":"https:\/\/baralivres.ma\/?product=a-boys-adventure-look-find","title":{"rendered":"A Boy&rsquo;s Adventure : Look &#038; Find"},"content":{"rendered":"","protected":false},"excerpt":{"rendered":"<p><strong>A Boy&rsquo;s Adventure: Look &amp; Find<\/strong> est un livre captivant o\u00f9 les enfants peuvent colorier des images tout en recherchant des objets cach\u00e9s, stimulant leur cr\u00e9ativit\u00e9 et leur attention. Un moyen amusant d&rsquo;apprendre tout en s&rsquo;amusant, id\u00e9al pour les jeunes aventuriers !<\/p>\n","protected":false},"featured_media":22336,"comment_status":"open","ping_status":"closed","template":"","meta":{"inline_featured_image":false},"product_cat":[215,210],"product_tag":[],"class_list":{"0":"post-22335","1":"product","2":"type-product","3":"status-publish","4":"has-post-thumbnail","6":"product_cat-enfant","7":"product_cat-activites-bebe-enfant","9":"first","10":"instock","11":"shipping-taxable","12":"purchasable","13":"product-type-simple"},"_links":{"self":[{"href":"https:\/\/baralivres.ma\/index.php?rest_route=\/wp\/v2\/product\/22335","targetHints":{"allow":["GET"]}}],"collection":[{"href":"https:\/\/baralivres.ma\/index.php?rest_route=\/wp\/v2\/product"}],"about":[{"href":"https:\/\/baralivres.ma\/index.php?rest_route=\/wp\/v2\/types\/product"}],"replies":[{"embeddable":true,"href":"https:\/\/baralivres.ma\/index.php?rest_route=%2Fwp%2Fv2%2Fcomments&post=22335"}],"version-history":[{"count":1,"href":"https:\/\/baralivres.ma\/index.php?rest_route=\/wp\/v2\/product\/22335\/revisions"}],"predecessor-version":[{"id":22337,"href":"https:\/\/baralivres.ma\/index.php?rest_route=\/wp\/v2\/product\/22335\/revisions\/22337"}],"wp:featuredmedia":[{"embeddable":true,"href":"https:\/\/baralivres.ma\/index.php?rest_route=\/wp\/v2\/media\/22336"}],"wp:attachment":[{"href":"https:\/\/baralivres.ma\/index.php?rest_route=%2Fwp%2Fv2%2Fmedia&parent=22335"}],"wp:term":[{"taxonomy":"product_cat","embeddable":true,"href":"https:\/\/baralivres.ma\/index.php?rest_route=%2Fwp%2Fv2%2Fproduct_cat&post=22335"},{"taxonomy":"product_tag","embeddable":true,"href":"https:\/\/baralivres.ma\/index.php?rest_route=%2Fwp%2Fv2%2Fproduct_tag&post=22335"}],"curies":[{"name":"wp","href":"https:\/\/api.w.org\/{rel}","templated":true}]}}