{"id":22332,"date":"2024-11-18T16:26:07","date_gmt":"2024-11-18T15:26:07","guid":{"rendered":"https:\/\/baralivres.ma\/?post_type=product&#038;p=22332"},"modified":"2024-11-18T16:26:16","modified_gmt":"2024-11-18T15:26:16","slug":"a-girls-adventure-look-find","status":"publish","type":"product","link":"https:\/\/baralivres.ma\/?product=a-girls-adventure-look-find","title":{"rendered":"A Girl\u2019s Adventure : Look &#038; Find"},"content":{"rendered":"","protected":false},"excerpt":{"rendered":"<p>Offrez \u00e0 votre enfant <strong>A Girl\u2019s Adventure: Look &amp; Find<\/strong>, un livre amusant rempli d&rsquo;images \u00e0 colorier et d&rsquo;\u00e9nigmes \u00e0 r\u00e9soudre, parfait pour stimuler la cr\u00e9ativit\u00e9 et l&rsquo;observation. Id\u00e9al pour les moments de d\u00e9tente et d&rsquo;apprentissage !<\/p>\n","protected":false},"featured_media":22333,"comment_status":"open","ping_status":"closed","template":"","meta":{"inline_featured_image":false},"product_cat":[215,210],"product_tag":[],"class_list":{"0":"post-22332","1":"product","2":"type-product","3":"status-publish","4":"has-post-thumbnail","6":"product_cat-enfant","7":"product_cat-activites-bebe-enfant","9":"first","10":"instock","11":"shipping-taxable","12":"purchasable","13":"product-type-simple"},"_links":{"self":[{"href":"https:\/\/baralivres.ma\/index.php?rest_route=\/wp\/v2\/product\/22332","targetHints":{"allow":["GET"]}}],"collection":[{"href":"https:\/\/baralivres.ma\/index.php?rest_route=\/wp\/v2\/product"}],"about":[{"href":"https:\/\/baralivres.ma\/index.php?rest_route=\/wp\/v2\/types\/product"}],"replies":[{"embeddable":true,"href":"https:\/\/baralivres.ma\/index.php?rest_route=%2Fwp%2Fv2%2Fcomments&post=22332"}],"version-history":[{"count":1,"href":"https:\/\/baralivres.ma\/index.php?rest_route=\/wp\/v2\/product\/22332\/revisions"}],"predecessor-version":[{"id":22334,"href":"https:\/\/baralivres.ma\/index.php?rest_route=\/wp\/v2\/product\/22332\/revisions\/22334"}],"wp:featuredmedia":[{"embeddable":true,"href":"https:\/\/baralivres.ma\/index.php?rest_route=\/wp\/v2\/media\/22333"}],"wp:attachment":[{"href":"https:\/\/baralivres.ma\/index.php?rest_route=%2Fwp%2Fv2%2Fmedia&parent=22332"}],"wp:term":[{"taxonomy":"product_cat","embeddable":true,"href":"https:\/\/baralivres.ma\/index.php?rest_route=%2Fwp%2Fv2%2Fproduct_cat&post=22332"},{"taxonomy":"product_tag","embeddable":true,"href":"https:\/\/baralivres.ma\/index.php?rest_route=%2Fwp%2Fv2%2Fproduct_tag&post=22332"}],"curies":[{"name":"wp","href":"https:\/\/api.w.org\/{rel}","templated":true}]}}