{"id":22329,"date":"2024-11-18T16:23:45","date_gmt":"2024-11-18T15:23:45","guid":{"rendered":"https:\/\/baralivres.ma\/?post_type=product&#038;p=22329"},"modified":"2024-11-18T16:23:46","modified_gmt":"2024-11-18T15:23:46","slug":"vehicles-transport-look-find","status":"publish","type":"product","link":"https:\/\/baralivres.ma\/?product=vehicles-transport-look-find","title":{"rendered":"Vehicles &#038; Transport Look &#038; Find"},"content":{"rendered":"","protected":false},"excerpt":{"rendered":"<p><strong>Vehicles &amp; Transport Look &amp; Find<\/strong> est un livre amusant o\u00f9 les enfants peuvent d\u00e9couvrir et colorier des images de v\u00e9hicules et moyens de transport. Parfait pour stimuler leur cr\u00e9ativit\u00e9 tout en apprenant sur les transports !<\/p>\n","protected":false},"featured_media":22330,"comment_status":"open","ping_status":"closed","template":"","meta":{"inline_featured_image":false},"product_cat":[215,210],"product_tag":[],"class_list":{"0":"post-22329","1":"product","2":"type-product","3":"status-publish","4":"has-post-thumbnail","6":"product_cat-enfant","7":"product_cat-activites-bebe-enfant","9":"first","10":"instock","11":"shipping-taxable","12":"purchasable","13":"product-type-simple"},"_links":{"self":[{"href":"https:\/\/baralivres.ma\/index.php?rest_route=\/wp\/v2\/product\/22329","targetHints":{"allow":["GET"]}}],"collection":[{"href":"https:\/\/baralivres.ma\/index.php?rest_route=\/wp\/v2\/product"}],"about":[{"href":"https:\/\/baralivres.ma\/index.php?rest_route=\/wp\/v2\/types\/product"}],"replies":[{"embeddable":true,"href":"https:\/\/baralivres.ma\/index.php?rest_route=%2Fwp%2Fv2%2Fcomments&post=22329"}],"version-history":[{"count":1,"href":"https:\/\/baralivres.ma\/index.php?rest_route=\/wp\/v2\/product\/22329\/revisions"}],"predecessor-version":[{"id":22331,"href":"https:\/\/baralivres.ma\/index.php?rest_route=\/wp\/v2\/product\/22329\/revisions\/22331"}],"wp:featuredmedia":[{"embeddable":true,"href":"https:\/\/baralivres.ma\/index.php?rest_route=\/wp\/v2\/media\/22330"}],"wp:attachment":[{"href":"https:\/\/baralivres.ma\/index.php?rest_route=%2Fwp%2Fv2%2Fmedia&parent=22329"}],"wp:term":[{"taxonomy":"product_cat","embeddable":true,"href":"https:\/\/baralivres.ma\/index.php?rest_route=%2Fwp%2Fv2%2Fproduct_cat&post=22329"},{"taxonomy":"product_tag","embeddable":true,"href":"https:\/\/baralivres.ma\/index.php?rest_route=%2Fwp%2Fv2%2Fproduct_tag&post=22329"}],"curies":[{"name":"wp","href":"https:\/\/api.w.org\/{rel}","templated":true}]}}