{"id":22326,"date":"2024-11-18T16:20:02","date_gmt":"2024-11-18T15:20:02","guid":{"rendered":"https:\/\/baralivres.ma\/?post_type=product&#038;p=22326"},"modified":"2024-11-18T16:20:04","modified_gmt":"2024-11-18T15:20:04","slug":"look-and-find-animals-and-birds","status":"publish","type":"product","link":"https:\/\/baralivres.ma\/?product=look-and-find-animals-and-birds","title":{"rendered":"Look And Find -Animals And Birds"},"content":{"rendered":"","protected":false},"excerpt":{"rendered":"<p>D\u00e9couvrez <strong>Look and Find &#8211; Animals and Birds<\/strong>, un livre captivant avec des images \u00e0 colorier, parfait pour stimuler la cr\u00e9ativit\u00e9 de vos enfants tout en leur apprenant les animaux et les oiseaux. Offrez-le pour une exp\u00e9rience d&rsquo;apprentissage ludique et artistique !<\/p>\n","protected":false},"featured_media":22327,"comment_status":"open","ping_status":"closed","template":"","meta":{"inline_featured_image":false},"product_cat":[215,210],"product_tag":[],"class_list":{"0":"post-22326","1":"product","2":"type-product","3":"status-publish","4":"has-post-thumbnail","6":"product_cat-enfant","7":"product_cat-activites-bebe-enfant","9":"first","10":"instock","11":"shipping-taxable","12":"purchasable","13":"product-type-simple"},"_links":{"self":[{"href":"https:\/\/baralivres.ma\/index.php?rest_route=\/wp\/v2\/product\/22326","targetHints":{"allow":["GET"]}}],"collection":[{"href":"https:\/\/baralivres.ma\/index.php?rest_route=\/wp\/v2\/product"}],"about":[{"href":"https:\/\/baralivres.ma\/index.php?rest_route=\/wp\/v2\/types\/product"}],"replies":[{"embeddable":true,"href":"https:\/\/baralivres.ma\/index.php?rest_route=%2Fwp%2Fv2%2Fcomments&post=22326"}],"version-history":[{"count":1,"href":"https:\/\/baralivres.ma\/index.php?rest_route=\/wp\/v2\/product\/22326\/revisions"}],"predecessor-version":[{"id":22328,"href":"https:\/\/baralivres.ma\/index.php?rest_route=\/wp\/v2\/product\/22326\/revisions\/22328"}],"wp:featuredmedia":[{"embeddable":true,"href":"https:\/\/baralivres.ma\/index.php?rest_route=\/wp\/v2\/media\/22327"}],"wp:attachment":[{"href":"https:\/\/baralivres.ma\/index.php?rest_route=%2Fwp%2Fv2%2Fmedia&parent=22326"}],"wp:term":[{"taxonomy":"product_cat","embeddable":true,"href":"https:\/\/baralivres.ma\/index.php?rest_route=%2Fwp%2Fv2%2Fproduct_cat&post=22326"},{"taxonomy":"product_tag","embeddable":true,"href":"https:\/\/baralivres.ma\/index.php?rest_route=%2Fwp%2Fv2%2Fproduct_tag&post=22326"}],"curies":[{"name":"wp","href":"https:\/\/api.w.org\/{rel}","templated":true}]}}