{"id":22321,"date":"2024-11-18T16:06:47","date_gmt":"2024-11-18T15:06:47","guid":{"rendered":"https:\/\/baralivres.ma\/?post_type=product&#038;p=22321"},"modified":"2024-11-18T16:06:49","modified_gmt":"2024-11-18T15:06:49","slug":"lets-colour-in-the-jungle","status":"publish","type":"product","link":"https:\/\/baralivres.ma\/?product=lets-colour-in-the-jungle","title":{"rendered":"LET&rsquo;S COLOUR &#8211; IN THE JUNGLE"},"content":{"rendered":"","protected":false},"excerpt":{"rendered":"<p><strong>Let\u2019s Colour &#8211; In the Jungle<\/strong> est un livre amusant pour enfants, offrant des images de la jungle \u00e0 colorier pour stimuler la cr\u00e9ativit\u00e9. Parfait pour d\u00e9velopper les comp\u00e9tences motrices et offrir des heures de plaisir tout en apprenant !<\/p>\n","protected":false},"featured_media":22322,"comment_status":"open","ping_status":"closed","template":"","meta":{"inline_featured_image":false},"product_cat":[215,210],"product_tag":[],"class_list":{"0":"post-22321","1":"product","2":"type-product","3":"status-publish","4":"has-post-thumbnail","6":"product_cat-enfant","7":"product_cat-activites-bebe-enfant","9":"first","10":"instock","11":"shipping-taxable","12":"purchasable","13":"product-type-simple"},"_links":{"self":[{"href":"https:\/\/baralivres.ma\/index.php?rest_route=\/wp\/v2\/product\/22321","targetHints":{"allow":["GET"]}}],"collection":[{"href":"https:\/\/baralivres.ma\/index.php?rest_route=\/wp\/v2\/product"}],"about":[{"href":"https:\/\/baralivres.ma\/index.php?rest_route=\/wp\/v2\/types\/product"}],"replies":[{"embeddable":true,"href":"https:\/\/baralivres.ma\/index.php?rest_route=%2Fwp%2Fv2%2Fcomments&post=22321"}],"version-history":[{"count":2,"href":"https:\/\/baralivres.ma\/index.php?rest_route=\/wp\/v2\/product\/22321\/revisions"}],"predecessor-version":[{"id":22324,"href":"https:\/\/baralivres.ma\/index.php?rest_route=\/wp\/v2\/product\/22321\/revisions\/22324"}],"wp:featuredmedia":[{"embeddable":true,"href":"https:\/\/baralivres.ma\/index.php?rest_route=\/wp\/v2\/media\/22322"}],"wp:attachment":[{"href":"https:\/\/baralivres.ma\/index.php?rest_route=%2Fwp%2Fv2%2Fmedia&parent=22321"}],"wp:term":[{"taxonomy":"product_cat","embeddable":true,"href":"https:\/\/baralivres.ma\/index.php?rest_route=%2Fwp%2Fv2%2Fproduct_cat&post=22321"},{"taxonomy":"product_tag","embeddable":true,"href":"https:\/\/baralivres.ma\/index.php?rest_route=%2Fwp%2Fv2%2Fproduct_tag&post=22321"}],"curies":[{"name":"wp","href":"https:\/\/api.w.org\/{rel}","templated":true}]}}