{"id":22312,"date":"2024-11-18T15:53:25","date_gmt":"2024-11-18T14:53:25","guid":{"rendered":"https:\/\/baralivres.ma\/?post_type=product&#038;p=22312"},"modified":"2024-11-18T16:17:15","modified_gmt":"2024-11-18T15:17:15","slug":"lets-colour-on-the-farm","status":"publish","type":"product","link":"https:\/\/baralivres.ma\/?product=lets-colour-on-the-farm","title":{"rendered":"Let&rsquo;s Colour on the Farm"},"content":{"rendered":"","protected":false},"excerpt":{"rendered":"<p>Offrez \u00e0 votre enfant <strong>Let&rsquo;s Colour on the Farm<\/strong>, un livre amusant rempli d&rsquo;images \u00e0 colorier, pour stimuler sa cr\u00e9ativit\u00e9 tout en d\u00e9couvrant la ferme. Id\u00e9al pour d\u00e9velopper les comp\u00e9tences artistiques et le vocabulaire des tout-petits !<\/p>\n","protected":false},"featured_media":22325,"comment_status":"open","ping_status":"closed","template":"","meta":{"inline_featured_image":false},"product_cat":[215,210],"product_tag":[],"class_list":{"0":"post-22312","1":"product","2":"type-product","3":"status-publish","4":"has-post-thumbnail","6":"product_cat-enfant","7":"product_cat-activites-bebe-enfant","9":"first","10":"instock","11":"shipping-taxable","12":"purchasable","13":"product-type-simple"},"_links":{"self":[{"href":"https:\/\/baralivres.ma\/index.php?rest_route=\/wp\/v2\/product\/22312","targetHints":{"allow":["GET"]}}],"collection":[{"href":"https:\/\/baralivres.ma\/index.php?rest_route=\/wp\/v2\/product"}],"about":[{"href":"https:\/\/baralivres.ma\/index.php?rest_route=\/wp\/v2\/types\/product"}],"replies":[{"embeddable":true,"href":"https:\/\/baralivres.ma\/index.php?rest_route=%2Fwp%2Fv2%2Fcomments&post=22312"}],"version-history":[{"count":1,"href":"https:\/\/baralivres.ma\/index.php?rest_route=\/wp\/v2\/product\/22312\/revisions"}],"predecessor-version":[{"id":22314,"href":"https:\/\/baralivres.ma\/index.php?rest_route=\/wp\/v2\/product\/22312\/revisions\/22314"}],"wp:featuredmedia":[{"embeddable":true,"href":"https:\/\/baralivres.ma\/index.php?rest_route=\/wp\/v2\/media\/22325"}],"wp:attachment":[{"href":"https:\/\/baralivres.ma\/index.php?rest_route=%2Fwp%2Fv2%2Fmedia&parent=22312"}],"wp:term":[{"taxonomy":"product_cat","embeddable":true,"href":"https:\/\/baralivres.ma\/index.php?rest_route=%2Fwp%2Fv2%2Fproduct_cat&post=22312"},{"taxonomy":"product_tag","embeddable":true,"href":"https:\/\/baralivres.ma\/index.php?rest_route=%2Fwp%2Fv2%2Fproduct_tag&post=22312"}],"curies":[{"name":"wp","href":"https:\/\/api.w.org\/{rel}","templated":true}]}}