{"id":22305,"date":"2024-11-18T15:35:25","date_gmt":"2024-11-18T14:35:25","guid":{"rendered":"https:\/\/baralivres.ma\/?post_type=product&#038;p=22305"},"modified":"2024-11-18T15:50:08","modified_gmt":"2024-11-18T14:50:08","slug":"noisy-farm-first-word-book","status":"publish","type":"product","link":"https:\/\/baralivres.ma\/?product=noisy-farm-first-word-book","title":{"rendered":"Noisy Farm First Word Book"},"content":{"rendered":"<p><strong>Noisy Farm First Word Book<\/strong> est un livre en carton con\u00e7u pour les tout-petits, les introduisant aux bruits des animaux de la ferme. Chaque page pr\u00e9sente un animal, comme une vache, un cochon ou une poule, accompagn\u00e9 de son bruit caract\u00e9ristique, comme \u00ab\u00a0meuh\u00a0\u00bb ou \u00ab\u00a0cot-cot-cot\u00a0\u00bb. Les illustrations color\u00e9es et les mots simples en anglais permettent aux enfants de reconna\u00eetre les animaux et d&rsquo;apprendre leurs sons de mani\u00e8re ludique. Ce livre stimule les capacit\u00e9s auditives des b\u00e9b\u00e9s tout en les aidant \u00e0 enrichir leur vocabulaire en anglais. Le format solide est parfait pour les petites mains, garantissant une manipulation facile et durable. <strong>Noisy Farm First Word Book<\/strong> encourage l&rsquo;interaction, car les enfants peuvent imiter les bruits des animaux en s&rsquo;amusant. Les couleurs vives et les dessins attrayants captivent l&rsquo;attention des b\u00e9b\u00e9s, rendant l&rsquo;apprentissage des sons et des mots encore plus amusant. Ce livre est id\u00e9al pour les premi\u00e8res exp\u00e9riences de lecture, en combinant sons et images pour \u00e9veiller l\u2019int\u00e9r\u00eat des tout-petits. Offrez-le pour une aventure sonore et \u00e9ducative \u00e0 la ferme, tout en apprenant l&rsquo;anglais. Un excellent choix pour les jeunes enfants curieux du monde qui les entoure.<\/p>\n","protected":false},"excerpt":{"rendered":"<p><strong>Noisy Farm First Word Book<\/strong> est un livre en carton pour b\u00e9b\u00e9s, introduisant les bruits des animaux de la ferme avec des mots simples en anglais et des illustrations color\u00e9es. Id\u00e9al pour stimuler l&rsquo;audition et enrichir le vocabulaire des tout-petits.<\/p>\n","protected":false},"featured_media":22306,"comment_status":"open","ping_status":"closed","template":"","meta":{"inline_featured_image":false},"product_cat":[3951,198],"product_tag":[],"class_list":{"0":"post-22305","1":"product","2":"type-product","3":"status-publish","4":"has-post-thumbnail","6":"product_cat-les-livres-cartonnes-anglais","7":"product_cat-livres-animes","9":"first","10":"instock","11":"shipping-taxable","12":"purchasable","13":"product-type-simple"},"_links":{"self":[{"href":"https:\/\/baralivres.ma\/index.php?rest_route=\/wp\/v2\/product\/22305","targetHints":{"allow":["GET"]}}],"collection":[{"href":"https:\/\/baralivres.ma\/index.php?rest_route=\/wp\/v2\/product"}],"about":[{"href":"https:\/\/baralivres.ma\/index.php?rest_route=\/wp\/v2\/types\/product"}],"replies":[{"embeddable":true,"href":"https:\/\/baralivres.ma\/index.php?rest_route=%2Fwp%2Fv2%2Fcomments&post=22305"}],"version-history":[{"count":1,"href":"https:\/\/baralivres.ma\/index.php?rest_route=\/wp\/v2\/product\/22305\/revisions"}],"predecessor-version":[{"id":22307,"href":"https:\/\/baralivres.ma\/index.php?rest_route=\/wp\/v2\/product\/22305\/revisions\/22307"}],"wp:featuredmedia":[{"embeddable":true,"href":"https:\/\/baralivres.ma\/index.php?rest_route=\/wp\/v2\/media\/22306"}],"wp:attachment":[{"href":"https:\/\/baralivres.ma\/index.php?rest_route=%2Fwp%2Fv2%2Fmedia&parent=22305"}],"wp:term":[{"taxonomy":"product_cat","embeddable":true,"href":"https:\/\/baralivres.ma\/index.php?rest_route=%2Fwp%2Fv2%2Fproduct_cat&post=22305"},{"taxonomy":"product_tag","embeddable":true,"href":"https:\/\/baralivres.ma\/index.php?rest_route=%2Fwp%2Fv2%2Fproduct_tag&post=22305"}],"curies":[{"name":"wp","href":"https:\/\/api.w.org\/{rel}","templated":true}]}}