{"id":22302,"date":"2024-11-18T15:31:09","date_gmt":"2024-11-18T14:31:09","guid":{"rendered":"https:\/\/baralivres.ma\/?post_type=product&#038;p=22302"},"modified":"2024-11-18T15:50:21","modified_gmt":"2024-11-18T14:50:21","slug":"little-animals-first-word-book","status":"publish","type":"product","link":"https:\/\/baralivres.ma\/?product=little-animals-first-word-book","title":{"rendered":"Little Animals First Word Book"},"content":{"rendered":"<div class=\"flex-shrink-0 flex flex-col relative items-end\">\n<div>\n<div class=\"pt-0\">\n<div class=\"gizmo-bot-avatar flex h-8 w-8 items-center justify-center overflow-hidden rounded-full\">\n<div class=\"relative p-1 rounded-sm flex items-center justify-center bg-token-main-surface-primary text-token-text-primary h-8 w-8\"><\/div>\n<\/div>\n<\/div>\n<\/div>\n<\/div>\n<div class=\"group\/conversation-turn relative flex w-full min-w-0 flex-col agent-turn\">\n<div class=\"flex-col gap-1 md:gap-3\">\n<div class=\"flex max-w-full flex-col flex-grow\">\n<div class=\"min-h-8 text-message flex w-full flex-col items-end gap-2 whitespace-normal break-words [.text-message+&amp;]:mt-5\" dir=\"auto\" data-message-author-role=\"assistant\" data-message-id=\"d9080a02-2d1c-440c-99e4-cd56ed05d8b8\" data-message-model-slug=\"gpt-4o-mini\">\n<div class=\"flex w-full flex-col gap-1 empty:hidden first:pt-[3px]\">\n<div class=\"markdown prose w-full break-words dark:prose-invert light\">\n<p><strong>Little Animals First Word Book<\/strong> est un livre en carton con\u00e7u pour les tout-petits, les introduisant aux animaux avec des mots simples en anglais. Chaque page pr\u00e9sente un animal, comme un chat, un chien, ou un oiseau, accompagn\u00e9 d&rsquo;une image claire et color\u00e9e, facilitant la reconnaissance des animaux. Ce livre aide les enfants \u00e0 enrichir leur vocabulaire tout en d\u00e9couvrant les noms des animaux dans une langue \u00e9trang\u00e8re. Les pages robustes et adapt\u00e9es aux petites mains permettent une lecture interactive et durable. <strong>Little Animals First Word Book<\/strong> encourage l&rsquo;apprentissage du vocabulaire de mani\u00e8re ludique, stimulant la curiosit\u00e9 des b\u00e9b\u00e9s avec des illustrations attrayantes. Ce livre favorise \u00e9galement l&rsquo;interaction, car les enfants peuvent imiter les bruits des animaux en s&rsquo;amusant. Parfait pour les premi\u00e8res explorations linguistiques, il rend l&rsquo;apprentissage de l&rsquo;anglais \u00e0 la fois amusant et \u00e9ducatif. Le format solide permet aux tout-petits de manipuler facilement le livre et de l&#8217;emporter partout avec eux. Offrez-le pour initier vos enfants \u00e0 un monde fascinant d&rsquo;animaux tout en apprenant l&rsquo;anglais d\u00e8s le plus jeune \u00e2ge. Un excellent choix pour enrichir leur exp\u00e9rience de lecture.<\/p>\n<\/div>\n<\/div>\n<\/div>\n<\/div>\n<\/div>\n<\/div>\n","protected":false},"excerpt":{"rendered":"<p><strong>Little Animals First Word Book<\/strong> est un livre en carton pour b\u00e9b\u00e9s, pr\u00e9sentant des animaux avec des mots simples en anglais et des illustrations color\u00e9es. Id\u00e9al pour enrichir le vocabulaire et \u00e9veiller la curiosit\u00e9 des tout-petits.<\/p>\n","protected":false},"featured_media":22303,"comment_status":"open","ping_status":"closed","template":"","meta":{"inline_featured_image":false},"product_cat":[3951,198],"product_tag":[],"class_list":{"0":"post-22302","1":"product","2":"type-product","3":"status-publish","4":"has-post-thumbnail","6":"product_cat-les-livres-cartonnes-anglais","7":"product_cat-livres-animes","9":"first","10":"instock","11":"shipping-taxable","12":"purchasable","13":"product-type-simple"},"_links":{"self":[{"href":"https:\/\/baralivres.ma\/index.php?rest_route=\/wp\/v2\/product\/22302","targetHints":{"allow":["GET"]}}],"collection":[{"href":"https:\/\/baralivres.ma\/index.php?rest_route=\/wp\/v2\/product"}],"about":[{"href":"https:\/\/baralivres.ma\/index.php?rest_route=\/wp\/v2\/types\/product"}],"replies":[{"embeddable":true,"href":"https:\/\/baralivres.ma\/index.php?rest_route=%2Fwp%2Fv2%2Fcomments&post=22302"}],"version-history":[{"count":1,"href":"https:\/\/baralivres.ma\/index.php?rest_route=\/wp\/v2\/product\/22302\/revisions"}],"predecessor-version":[{"id":22304,"href":"https:\/\/baralivres.ma\/index.php?rest_route=\/wp\/v2\/product\/22302\/revisions\/22304"}],"wp:featuredmedia":[{"embeddable":true,"href":"https:\/\/baralivres.ma\/index.php?rest_route=\/wp\/v2\/media\/22303"}],"wp:attachment":[{"href":"https:\/\/baralivres.ma\/index.php?rest_route=%2Fwp%2Fv2%2Fmedia&parent=22302"}],"wp:term":[{"taxonomy":"product_cat","embeddable":true,"href":"https:\/\/baralivres.ma\/index.php?rest_route=%2Fwp%2Fv2%2Fproduct_cat&post=22302"},{"taxonomy":"product_tag","embeddable":true,"href":"https:\/\/baralivres.ma\/index.php?rest_route=%2Fwp%2Fv2%2Fproduct_tag&post=22302"}],"curies":[{"name":"wp","href":"https:\/\/api.w.org\/{rel}","templated":true}]}}