{"id":22299,"date":"2024-11-18T15:27:22","date_gmt":"2024-11-18T14:27:22","guid":{"rendered":"https:\/\/baralivres.ma\/?post_type=product&#038;p=22299"},"modified":"2024-11-18T15:50:32","modified_gmt":"2024-11-18T14:50:32","slug":"count-to-10-first-word-book","status":"publish","type":"product","link":"https:\/\/baralivres.ma\/?product=count-to-10-first-word-book","title":{"rendered":"Count to 10 First Word Book"},"content":{"rendered":"<p><strong>Count to 10 First Word Book<\/strong> est un livre en carton con\u00e7u pour les tout-petits, les aidant \u00e0 apprendre \u00e0 compter de 1 \u00e0 10 de mani\u00e8re ludique. \u00c0 travers des illustrations claires et color\u00e9es, chaque page pr\u00e9sente un nombre accompagn\u00e9 d&rsquo;objets ou d&rsquo;animaux en quantit\u00e9 correspondante, comme \u00ab\u00a01 pomme\u00a0\u00bb, \u00ab\u00a02 poissons\u00a0\u00bb, ou \u00ab\u00a03 fleurs\u00a0\u00bb. Ce livre aide les enfants \u00e0 associer les chiffres aux quantit\u00e9s tout en enrichissant leur vocabulaire en anglais. Le format solide du livre est parfait pour les petites mains, ce qui permet aux b\u00e9b\u00e9s de manipuler facilement les pages. <strong>Count to 10 First Word Book<\/strong> encourage l&rsquo;apprentissage des chiffres tout en introduisant des mots de base en anglais. Les couleurs vives et les dessins attrayants captivent l&rsquo;attention des enfants, rendant l&rsquo;apprentissage plus engageant et amusant. Ce livre favorise \u00e9galement la reconnaissance des nombres et la compr\u00e9hension des concepts math\u00e9matiques de base. Il est un excellent moyen pour les parents d\u2019initier leurs enfants \u00e0 la num\u00e9ration de mani\u00e8re simple et interactive. Offrez-le \u00e0 votre enfant pour lui donner un bon d\u00e9part dans les math\u00e9matiques et l\u2019apprentissage des langues. Un excellent choix pour un apprentissage pr\u00e9coce des nombres et des mots !<\/p>\n","protected":false},"excerpt":{"rendered":"<p><strong>Count to 10 First Word Book<\/strong> est un livre en carton pour b\u00e9b\u00e9s, enseignant les chiffres de 1 \u00e0 10 avec des illustrations color\u00e9es et des mots simples en anglais. Id\u00e9al pour enrichir le vocabulaire et initier les tout-petits \u00e0 la num\u00e9ration.<\/p>\n","protected":false},"featured_media":22300,"comment_status":"open","ping_status":"closed","template":"","meta":{"inline_featured_image":false},"product_cat":[3951,198],"product_tag":[],"class_list":{"0":"post-22299","1":"product","2":"type-product","3":"status-publish","4":"has-post-thumbnail","6":"product_cat-les-livres-cartonnes-anglais","7":"product_cat-livres-animes","9":"first","10":"instock","11":"shipping-taxable","12":"purchasable","13":"product-type-simple"},"_links":{"self":[{"href":"https:\/\/baralivres.ma\/index.php?rest_route=\/wp\/v2\/product\/22299","targetHints":{"allow":["GET"]}}],"collection":[{"href":"https:\/\/baralivres.ma\/index.php?rest_route=\/wp\/v2\/product"}],"about":[{"href":"https:\/\/baralivres.ma\/index.php?rest_route=\/wp\/v2\/types\/product"}],"replies":[{"embeddable":true,"href":"https:\/\/baralivres.ma\/index.php?rest_route=%2Fwp%2Fv2%2Fcomments&post=22299"}],"version-history":[{"count":1,"href":"https:\/\/baralivres.ma\/index.php?rest_route=\/wp\/v2\/product\/22299\/revisions"}],"predecessor-version":[{"id":22301,"href":"https:\/\/baralivres.ma\/index.php?rest_route=\/wp\/v2\/product\/22299\/revisions\/22301"}],"wp:featuredmedia":[{"embeddable":true,"href":"https:\/\/baralivres.ma\/index.php?rest_route=\/wp\/v2\/media\/22300"}],"wp:attachment":[{"href":"https:\/\/baralivres.ma\/index.php?rest_route=%2Fwp%2Fv2%2Fmedia&parent=22299"}],"wp:term":[{"taxonomy":"product_cat","embeddable":true,"href":"https:\/\/baralivres.ma\/index.php?rest_route=%2Fwp%2Fv2%2Fproduct_cat&post=22299"},{"taxonomy":"product_tag","embeddable":true,"href":"https:\/\/baralivres.ma\/index.php?rest_route=%2Fwp%2Fv2%2Fproduct_tag&post=22299"}],"curies":[{"name":"wp","href":"https:\/\/api.w.org\/{rel}","templated":true}]}}