{"id":22296,"date":"2024-11-18T15:22:59","date_gmt":"2024-11-18T14:22:59","guid":{"rendered":"https:\/\/baralivres.ma\/?post_type=product&#038;p=22296"},"modified":"2024-11-18T15:50:45","modified_gmt":"2024-11-18T14:50:45","slug":"baby-firsts-opposites","status":"publish","type":"product","link":"https:\/\/baralivres.ma\/?product=baby-firsts-opposites","title":{"rendered":"Baby Firsts &#8211; Opposites"},"content":{"rendered":"<div class=\"flex-shrink-0 flex flex-col relative items-end\">\n<div>\n<div class=\"pt-0\">\n<div class=\"gizmo-bot-avatar flex h-8 w-8 items-center justify-center overflow-hidden rounded-full\">\n<div class=\"relative p-1 rounded-sm flex items-center justify-center bg-token-main-surface-primary text-token-text-primary h-8 w-8\"><\/div>\n<\/div>\n<\/div>\n<\/div>\n<\/div>\n<div class=\"group\/conversation-turn relative flex w-full min-w-0 flex-col agent-turn\">\n<div class=\"flex-col gap-1 md:gap-3\">\n<div class=\"flex max-w-full flex-col flex-grow\">\n<div class=\"min-h-8 text-message flex w-full flex-col items-end gap-2 whitespace-normal break-words [.text-message+&amp;]:mt-5\" dir=\"auto\" data-message-author-role=\"assistant\" data-message-id=\"7d2c7850-0420-4f64-bb09-a520abbe3a6e\" data-message-model-slug=\"gpt-4o-mini\">\n<div class=\"flex w-full flex-col gap-1 empty:hidden first:pt-[3px]\">\n<div class=\"markdown prose w-full break-words dark:prose-invert light\">\n<p><strong>Baby Firsts &#8211; Opposites<\/strong> est un livre en carton con\u00e7u pour aider les tout-petits \u00e0 comprendre les concepts d&rsquo;oppos\u00e9s de mani\u00e8re simple et ludique. \u00c0 travers des illustrations color\u00e9es et des mots en anglais, chaque page pr\u00e9sente des oppos\u00e9s faciles \u00e0 comprendre, comme \u00ab\u00a0haut\/bas\u00a0\u00bb, \u00ab\u00a0grand\/petit\u00a0\u00bb ou \u00ab\u00a0ouvert\/ferm\u00e9\u00a0\u00bb. Ce livre permet aux b\u00e9b\u00e9s de faire des associations visuelles tout en apprenant de nouveaux mots. Les pages robustes et adapt\u00e9es aux petites mains facilitent l&rsquo;interaction et la manipulation, offrant une exp\u00e9rience de lecture durable. <strong>Baby Firsts &#8211; Opposites<\/strong> est un excellent moyen d&rsquo;introduire des concepts fondamentaux de mani\u00e8re interactive, tout en stimulant la m\u00e9moire et la reconnaissance visuelle. Ce livre enrichit \u00e9galement le vocabulaire des enfants en anglais et les aide \u00e0 d\u00e9velopper leur capacit\u00e9 \u00e0 comparer et \u00e0 diff\u00e9rencier des objets et des situations. Les couleurs vives et les dessins clairs captivent l\u2019attention des b\u00e9b\u00e9s, rendant l&rsquo;apprentissage agr\u00e9able et amusant. Parfait pour les premi\u00e8res exp\u00e9riences de lecture, il aide les enfants \u00e0 comprendre des id\u00e9es abstraites \u00e0 travers des images concr\u00e8tes. Un excellent choix pour les parents souhaitant enseigner les oppos\u00e9s de mani\u00e8re \u00e9ducative. Offrez-le pour un apprentissage interactif d\u00e8s le plus jeune \u00e2ge !<\/p>\n<\/div>\n<\/div>\n<\/div>\n<\/div>\n<\/div>\n<\/div>\n","protected":false},"excerpt":{"rendered":"<p><strong>Baby Firsts &#8211; Opposites<\/strong> est un livre en carton pour b\u00e9b\u00e9s, introduisant les concepts d&rsquo;oppos\u00e9s avec des mots simples en anglais et des illustrations color\u00e9es. Id\u00e9al pour enrichir le vocabulaire et d\u00e9velopper la compr\u00e9hension des contrastes chez les tout-petits.<\/p>\n","protected":false},"featured_media":22297,"comment_status":"open","ping_status":"closed","template":"","meta":{"inline_featured_image":false},"product_cat":[3951,198],"product_tag":[],"class_list":{"0":"post-22296","1":"product","2":"type-product","3":"status-publish","4":"has-post-thumbnail","6":"product_cat-les-livres-cartonnes-anglais","7":"product_cat-livres-animes","9":"first","10":"instock","11":"shipping-taxable","12":"purchasable","13":"product-type-simple"},"_links":{"self":[{"href":"https:\/\/baralivres.ma\/index.php?rest_route=\/wp\/v2\/product\/22296","targetHints":{"allow":["GET"]}}],"collection":[{"href":"https:\/\/baralivres.ma\/index.php?rest_route=\/wp\/v2\/product"}],"about":[{"href":"https:\/\/baralivres.ma\/index.php?rest_route=\/wp\/v2\/types\/product"}],"replies":[{"embeddable":true,"href":"https:\/\/baralivres.ma\/index.php?rest_route=%2Fwp%2Fv2%2Fcomments&post=22296"}],"version-history":[{"count":1,"href":"https:\/\/baralivres.ma\/index.php?rest_route=\/wp\/v2\/product\/22296\/revisions"}],"predecessor-version":[{"id":22298,"href":"https:\/\/baralivres.ma\/index.php?rest_route=\/wp\/v2\/product\/22296\/revisions\/22298"}],"wp:featuredmedia":[{"embeddable":true,"href":"https:\/\/baralivres.ma\/index.php?rest_route=\/wp\/v2\/media\/22297"}],"wp:attachment":[{"href":"https:\/\/baralivres.ma\/index.php?rest_route=%2Fwp%2Fv2%2Fmedia&parent=22296"}],"wp:term":[{"taxonomy":"product_cat","embeddable":true,"href":"https:\/\/baralivres.ma\/index.php?rest_route=%2Fwp%2Fv2%2Fproduct_cat&post=22296"},{"taxonomy":"product_tag","embeddable":true,"href":"https:\/\/baralivres.ma\/index.php?rest_route=%2Fwp%2Fv2%2Fproduct_tag&post=22296"}],"curies":[{"name":"wp","href":"https:\/\/api.w.org\/{rel}","templated":true}]}}