{"id":22293,"date":"2024-11-18T15:18:39","date_gmt":"2024-11-18T14:18:39","guid":{"rendered":"https:\/\/baralivres.ma\/?post_type=product&#038;p=22293"},"modified":"2024-11-18T15:50:53","modified_gmt":"2024-11-18T14:50:53","slug":"around-the-farm","status":"publish","type":"product","link":"https:\/\/baralivres.ma\/?product=around-the-farm","title":{"rendered":"Around the Farm"},"content":{"rendered":"<p><strong>Around the Farm<\/strong> est un livre en carton con\u00e7u pour les tout-petits, les emmenant dans une exploration de la ferme \u00e0 travers des images color\u00e9es et des mots simples en anglais. Chaque page pr\u00e9sente une sc\u00e8ne typique de la ferme, comme des animaux, des champs, et des outils agricoles, offrant une introduction ludique \u00e0 la vie rurale. Les b\u00e9b\u00e9s peuvent d\u00e9couvrir les diff\u00e9rents animaux de la ferme, tels que des vaches, des poules, des cochons et des chevaux, tout en apprenant leurs noms en anglais. Le livre stimule la curiosit\u00e9 des enfants, leur permettant de reconna\u00eetre des objets familiers tout en d\u00e9veloppant leur vocabulaire. <strong>Around the Farm<\/strong> favorise l&rsquo;interaction avec des questions simples qui encouragent les tout-petits \u00e0 nommer les animaux et \u00e0 imiter leurs sons. Avec des pages robustes et adapt\u00e9es aux petites mains, ce livre est id\u00e9al pour une premi\u00e8re exp\u00e9rience de lecture. Il est \u00e9galement con\u00e7u pour durer, offrant des heures d&rsquo;apprentissage et de plaisir. Ce livre encourage l\u2019observation et l\u2019imagination des b\u00e9b\u00e9s tout en leur offrant une introduction \u00e0 l\u2019anglais. Un excellent choix pour \u00e9veiller les enfants \u00e0 la ferme et \u00e0 ses habitants. Offrez-le pour une aventure \u00e9ducative et amusante d\u00e8s le plus jeune \u00e2ge.<\/p>\n","protected":false},"excerpt":{"rendered":"<p><strong>Around the Farm<\/strong> est un livre en carton pour b\u00e9b\u00e9s, explorant la ferme et ses animaux avec des mots simples en anglais et des illustrations color\u00e9es. Id\u00e9al pour \u00e9veiller la curiosit\u00e9 et enrichir le vocabulaire des tout-petits.<\/p>\n","protected":false},"featured_media":22294,"comment_status":"open","ping_status":"closed","template":"","meta":{"inline_featured_image":false},"product_cat":[3951,198],"product_tag":[],"class_list":{"0":"post-22293","1":"product","2":"type-product","3":"status-publish","4":"has-post-thumbnail","6":"product_cat-les-livres-cartonnes-anglais","7":"product_cat-livres-animes","9":"first","10":"instock","11":"shipping-taxable","12":"purchasable","13":"product-type-simple"},"_links":{"self":[{"href":"https:\/\/baralivres.ma\/index.php?rest_route=\/wp\/v2\/product\/22293","targetHints":{"allow":["GET"]}}],"collection":[{"href":"https:\/\/baralivres.ma\/index.php?rest_route=\/wp\/v2\/product"}],"about":[{"href":"https:\/\/baralivres.ma\/index.php?rest_route=\/wp\/v2\/types\/product"}],"replies":[{"embeddable":true,"href":"https:\/\/baralivres.ma\/index.php?rest_route=%2Fwp%2Fv2%2Fcomments&post=22293"}],"version-history":[{"count":1,"href":"https:\/\/baralivres.ma\/index.php?rest_route=\/wp\/v2\/product\/22293\/revisions"}],"predecessor-version":[{"id":22295,"href":"https:\/\/baralivres.ma\/index.php?rest_route=\/wp\/v2\/product\/22293\/revisions\/22295"}],"wp:featuredmedia":[{"embeddable":true,"href":"https:\/\/baralivres.ma\/index.php?rest_route=\/wp\/v2\/media\/22294"}],"wp:attachment":[{"href":"https:\/\/baralivres.ma\/index.php?rest_route=%2Fwp%2Fv2%2Fmedia&parent=22293"}],"wp:term":[{"taxonomy":"product_cat","embeddable":true,"href":"https:\/\/baralivres.ma\/index.php?rest_route=%2Fwp%2Fv2%2Fproduct_cat&post=22293"},{"taxonomy":"product_tag","embeddable":true,"href":"https:\/\/baralivres.ma\/index.php?rest_route=%2Fwp%2Fv2%2Fproduct_tag&post=22293"}],"curies":[{"name":"wp","href":"https:\/\/api.w.org\/{rel}","templated":true}]}}