{"id":22286,"date":"2024-11-18T15:09:55","date_gmt":"2024-11-18T14:09:55","guid":{"rendered":"https:\/\/baralivres.ma\/?post_type=product&#038;p=22286"},"modified":"2024-11-18T15:51:20","modified_gmt":"2024-11-18T14:51:20","slug":"baby-firsts-farm-noises","status":"publish","type":"product","link":"https:\/\/baralivres.ma\/?product=baby-firsts-farm-noises","title":{"rendered":"Baby Firsts Farm Noises"},"content":{"rendered":"<p><strong>Baby Firsts Farm Noises<\/strong> est un livre en carton con\u00e7u pour les tout-petits, leur permettant de d\u00e9couvrir les bruits des animaux de la ferme. Chaque page pr\u00e9sente un animal familier, comme une vache, un cochon ou un mouton, accompagn\u00e9 de son bruit caract\u00e9ristique, comme \u00ab\u00a0meuh\u00a0\u00bb ou \u00ab\u00a0groin\u00a0\u00bb. Gr\u00e2ce \u00e0 des illustrations vives et des mots simples en anglais, ce livre permet aux b\u00e9b\u00e9s d\u2019associer les sons aux animaux, stimulant leur d\u00e9veloppement auditif et leur vocabulaire. Le livre est con\u00e7u avec des pages solides adapt\u00e9es aux petites mains, offrant une exp\u00e9rience de lecture durable. <strong>Baby Firsts Farm Noises<\/strong> encourage \u00e9galement l\u2019interaction, car les tout-petits peuvent imiter les bruits des animaux. C\u2019est un moyen amusant et \u00e9ducatif d\u2019introduire l\u2019anglais d\u00e8s le plus jeune \u00e2ge. Les sons de la ferme captivent l\u2019attention des enfants tout en les aidant \u00e0 d\u00e9velopper leur reconnaissance sonore et leur compr\u00e9hension des animaux. Ce livre est id\u00e9al pour enrichir l\u2019apprentissage et \u00e9veiller la curiosit\u00e9 des b\u00e9b\u00e9s. Un excellent cadeau pour les jeunes enfants, combinant apprentissage et amusement. Offrez-le pour encourager l&rsquo;exploration des sons de la nature de fa\u00e7on ludique.<\/p>\n","protected":false},"excerpt":{"rendered":"<p><strong>Baby Firsts Farm Noises<\/strong> est un livre en carton pour b\u00e9b\u00e9s, introduisant les bruits des animaux de la ferme avec des mots simples en anglais et des illustrations color\u00e9es. Id\u00e9al pour stimuler l\u2019audition et enrichir le vocabulaire des tout-petits.<\/p>\n","protected":false},"featured_media":22287,"comment_status":"open","ping_status":"closed","template":"","meta":{"inline_featured_image":false},"product_cat":[3951,198],"product_tag":[],"class_list":{"0":"post-22286","1":"product","2":"type-product","3":"status-publish","4":"has-post-thumbnail","6":"product_cat-les-livres-cartonnes-anglais","7":"product_cat-livres-animes","9":"first","10":"instock","11":"shipping-taxable","12":"purchasable","13":"product-type-simple"},"_links":{"self":[{"href":"https:\/\/baralivres.ma\/index.php?rest_route=\/wp\/v2\/product\/22286","targetHints":{"allow":["GET"]}}],"collection":[{"href":"https:\/\/baralivres.ma\/index.php?rest_route=\/wp\/v2\/product"}],"about":[{"href":"https:\/\/baralivres.ma\/index.php?rest_route=\/wp\/v2\/types\/product"}],"replies":[{"embeddable":true,"href":"https:\/\/baralivres.ma\/index.php?rest_route=%2Fwp%2Fv2%2Fcomments&post=22286"}],"version-history":[{"count":1,"href":"https:\/\/baralivres.ma\/index.php?rest_route=\/wp\/v2\/product\/22286\/revisions"}],"predecessor-version":[{"id":22288,"href":"https:\/\/baralivres.ma\/index.php?rest_route=\/wp\/v2\/product\/22286\/revisions\/22288"}],"wp:featuredmedia":[{"embeddable":true,"href":"https:\/\/baralivres.ma\/index.php?rest_route=\/wp\/v2\/media\/22287"}],"wp:attachment":[{"href":"https:\/\/baralivres.ma\/index.php?rest_route=%2Fwp%2Fv2%2Fmedia&parent=22286"}],"wp:term":[{"taxonomy":"product_cat","embeddable":true,"href":"https:\/\/baralivres.ma\/index.php?rest_route=%2Fwp%2Fv2%2Fproduct_cat&post=22286"},{"taxonomy":"product_tag","embeddable":true,"href":"https:\/\/baralivres.ma\/index.php?rest_route=%2Fwp%2Fv2%2Fproduct_tag&post=22286"}],"curies":[{"name":"wp","href":"https:\/\/api.w.org\/{rel}","templated":true}]}}