{"id":22283,"date":"2024-11-18T15:02:34","date_gmt":"2024-11-18T14:02:34","guid":{"rendered":"https:\/\/baralivres.ma\/?post_type=product&#038;p=22283"},"modified":"2024-11-18T15:51:36","modified_gmt":"2024-11-18T14:51:36","slug":"shapes","status":"publish","type":"product","link":"https:\/\/baralivres.ma\/?product=shapes","title":{"rendered":"Shapes"},"content":{"rendered":"<div class=\"flex-shrink-0 flex flex-col relative items-end\">\n<div>\n<div class=\"pt-0\">\n<div class=\"gizmo-bot-avatar flex h-8 w-8 items-center justify-center overflow-hidden rounded-full\">\n<div class=\"relative p-1 rounded-sm flex items-center justify-center bg-token-main-surface-primary text-token-text-primary h-8 w-8\"><\/div>\n<\/div>\n<\/div>\n<\/div>\n<\/div>\n<div class=\"group\/conversation-turn relative flex w-full min-w-0 flex-col agent-turn\">\n<div class=\"flex-col gap-1 md:gap-3\">\n<div class=\"flex max-w-full flex-col flex-grow\">\n<div class=\"min-h-8 text-message flex w-full flex-col items-end gap-2 whitespace-normal break-words [.text-message+&amp;]:mt-5\" dir=\"auto\" data-message-author-role=\"assistant\" data-message-id=\"ac1d75e9-15d2-4704-af8c-4229e83c27ef\" data-message-model-slug=\"gpt-4o-mini\">\n<div class=\"flex w-full flex-col gap-1 empty:hidden first:pt-[3px]\">\n<div class=\"markdown prose w-full break-words dark:prose-invert light\">\n<p><strong>Baby Firsts Shapes<\/strong> est un livre en carton con\u00e7u pour les tout-petits, leur permettant de d\u00e9couvrir les formes de mani\u00e8re ludique et interactive. Avec des illustrations simples et color\u00e9es, il introduit les enfants \u00e0 des formes g\u00e9om\u00e9triques de base telles que le cercle, le carr\u00e9, le triangle et le rectangle. Chaque page pr\u00e9sente une forme associ\u00e9e \u00e0 un objet familier, facilitant la compr\u00e9hension des concepts tout en enrichissant le vocabulaire en anglais. Le format robuste et les pages \u00e9paisses sont parfaits pour les petites mains, assurant une prise facile et durable. Ce livre stimule la reconnaissance des formes et encourage l\u2019apprentissage de l\u2019anglais d\u00e8s le plus jeune \u00e2ge. <strong>Baby Firsts Shapes<\/strong> est un excellent moyen de renforcer la coordination visuelle et motrice des enfants tout en les initiant \u00e0 un apprentissage pr\u00e9coce. Ce livre est une excellente ressource pour les parents qui souhaitent initier leurs enfants \u00e0 l&rsquo;apprentissage des formes de fa\u00e7on simple et amusante. Les couleurs vives et les dessins clairs captivent l&rsquo;attention des tout-petits. Offrez-le d\u00e8s aujourd\u2019hui pour enrichir l\u2019exp\u00e9rience d\u2019apprentissage de votre enfant ! Un premier pas vers la d\u00e9couverte du monde des formes.<\/p>\n<\/div>\n<\/div>\n<\/div>\n<\/div>\n<\/div>\n<\/div>\n","protected":false},"excerpt":{"rendered":"<p><strong>Baby Firsts Shapes<\/strong> est un livre en carton pour b\u00e9b\u00e9s, introduisant les formes g\u00e9om\u00e9triques de mani\u00e8re simple et ludique avec des illustrations color\u00e9es et des mots en anglais.<\/p>\n","protected":false},"featured_media":22284,"comment_status":"open","ping_status":"closed","template":"","meta":{"inline_featured_image":false},"product_cat":[3951,198],"product_tag":[],"class_list":{"0":"post-22283","1":"product","2":"type-product","3":"status-publish","4":"has-post-thumbnail","6":"product_cat-les-livres-cartonnes-anglais","7":"product_cat-livres-animes","9":"first","10":"instock","11":"shipping-taxable","12":"purchasable","13":"product-type-simple"},"_links":{"self":[{"href":"https:\/\/baralivres.ma\/index.php?rest_route=\/wp\/v2\/product\/22283","targetHints":{"allow":["GET"]}}],"collection":[{"href":"https:\/\/baralivres.ma\/index.php?rest_route=\/wp\/v2\/product"}],"about":[{"href":"https:\/\/baralivres.ma\/index.php?rest_route=\/wp\/v2\/types\/product"}],"replies":[{"embeddable":true,"href":"https:\/\/baralivres.ma\/index.php?rest_route=%2Fwp%2Fv2%2Fcomments&post=22283"}],"version-history":[{"count":1,"href":"https:\/\/baralivres.ma\/index.php?rest_route=\/wp\/v2\/product\/22283\/revisions"}],"predecessor-version":[{"id":22285,"href":"https:\/\/baralivres.ma\/index.php?rest_route=\/wp\/v2\/product\/22283\/revisions\/22285"}],"wp:featuredmedia":[{"embeddable":true,"href":"https:\/\/baralivres.ma\/index.php?rest_route=\/wp\/v2\/media\/22284"}],"wp:attachment":[{"href":"https:\/\/baralivres.ma\/index.php?rest_route=%2Fwp%2Fv2%2Fmedia&parent=22283"}],"wp:term":[{"taxonomy":"product_cat","embeddable":true,"href":"https:\/\/baralivres.ma\/index.php?rest_route=%2Fwp%2Fv2%2Fproduct_cat&post=22283"},{"taxonomy":"product_tag","embeddable":true,"href":"https:\/\/baralivres.ma\/index.php?rest_route=%2Fwp%2Fv2%2Fproduct_tag&post=22283"}],"curies":[{"name":"wp","href":"https:\/\/api.w.org\/{rel}","templated":true}]}}