{"id":22277,"date":"2024-11-18T14:50:46","date_gmt":"2024-11-18T13:50:46","guid":{"rendered":"https:\/\/baralivres.ma\/?post_type=product&#038;p=22277"},"modified":"2024-11-18T15:52:05","modified_gmt":"2024-11-18T14:52:05","slug":"teddy-bear-tom","status":"publish","type":"product","link":"https:\/\/baralivres.ma\/?product=teddy-bear-tom","title":{"rendered":"Teddy Bear Tom"},"content":{"rendered":"<p><strong>Teddy Bear Tom<\/strong> est un livre en carton tendre et color\u00e9, racontant les aventures de l&rsquo;ours en peluche Tom. Ce livre est con\u00e7u pour les tout-petits, les aidant \u00e0 d\u00e9velopper leur vocabulaire en anglais \u00e0 travers des mots simples et des illustrations attrayantes. Les enfants d\u00e9couvrent les moments de jeu et d&rsquo;amiti\u00e9 entre Tom et ses compagnons, renfor\u00e7ant l\u2019id\u00e9e de r\u00e9confort et de s\u00e9curit\u00e9 que procurent les peluches. Le format solide du livre le rend facile \u00e0 manipuler pour les petites mains. <strong>Teddy Bear Tom<\/strong> stimule l\u2019imagination des b\u00e9b\u00e9s, tout en les initiant \u00e0 des termes de base en anglais. Il est parfait pour accompagner les premi\u00e8res \u00e9tapes de lecture de mani\u00e8re ludique et \u00e9ducative. Ce livre est aussi une belle mani\u00e8re d&rsquo;apprendre en douceur la langue anglaise tout en racontant une histoire pleine de tendresse. Offrez-le \u00e0 votre enfant pour nourrir son amour des livres et de la lecture d\u00e8s le plus jeune \u00e2ge. Un cadeau id\u00e9al pour \u00e9veiller l&rsquo;imaginaire des tout-petits !<\/p>\n","protected":false},"excerpt":{"rendered":"<p><strong>Teddy Bear Tom<\/strong> est un livre en carton pour b\u00e9b\u00e9s, racontant les aventures de l&rsquo;ours en peluche Tom, id\u00e9al pour l&rsquo;apprentissage de l&rsquo;anglais et l&rsquo;\u00e9veil de l&rsquo;imagination.<\/p>\n","protected":false},"featured_media":22278,"comment_status":"open","ping_status":"closed","template":"","meta":{"inline_featured_image":false},"product_cat":[3951,198],"product_tag":[],"class_list":{"0":"post-22277","1":"product","2":"type-product","3":"status-publish","4":"has-post-thumbnail","6":"product_cat-les-livres-cartonnes-anglais","7":"product_cat-livres-animes","9":"first","10":"instock","11":"shipping-taxable","12":"purchasable","13":"product-type-simple"},"_links":{"self":[{"href":"https:\/\/baralivres.ma\/index.php?rest_route=\/wp\/v2\/product\/22277","targetHints":{"allow":["GET"]}}],"collection":[{"href":"https:\/\/baralivres.ma\/index.php?rest_route=\/wp\/v2\/product"}],"about":[{"href":"https:\/\/baralivres.ma\/index.php?rest_route=\/wp\/v2\/types\/product"}],"replies":[{"embeddable":true,"href":"https:\/\/baralivres.ma\/index.php?rest_route=%2Fwp%2Fv2%2Fcomments&post=22277"}],"version-history":[{"count":1,"href":"https:\/\/baralivres.ma\/index.php?rest_route=\/wp\/v2\/product\/22277\/revisions"}],"predecessor-version":[{"id":22279,"href":"https:\/\/baralivres.ma\/index.php?rest_route=\/wp\/v2\/product\/22277\/revisions\/22279"}],"wp:featuredmedia":[{"embeddable":true,"href":"https:\/\/baralivres.ma\/index.php?rest_route=\/wp\/v2\/media\/22278"}],"wp:attachment":[{"href":"https:\/\/baralivres.ma\/index.php?rest_route=%2Fwp%2Fv2%2Fmedia&parent=22277"}],"wp:term":[{"taxonomy":"product_cat","embeddable":true,"href":"https:\/\/baralivres.ma\/index.php?rest_route=%2Fwp%2Fv2%2Fproduct_cat&post=22277"},{"taxonomy":"product_tag","embeddable":true,"href":"https:\/\/baralivres.ma\/index.php?rest_route=%2Fwp%2Fv2%2Fproduct_tag&post=22277"}],"curies":[{"name":"wp","href":"https:\/\/api.w.org\/{rel}","templated":true}]}}