{"id":22274,"date":"2024-11-18T14:46:12","date_gmt":"2024-11-18T13:46:12","guid":{"rendered":"https:\/\/baralivres.ma\/?post_type=product&#038;p=22274"},"modified":"2024-11-18T15:52:13","modified_gmt":"2024-11-18T14:52:13","slug":"rag-doll-rosie","status":"publish","type":"product","link":"https:\/\/baralivres.ma\/?product=rag-doll-rosie","title":{"rendered":"Rag Doll Rosie"},"content":{"rendered":"<div class=\"flex-shrink-0 flex flex-col relative items-end\">\n<div>\n<div class=\"pt-0\">\n<div class=\"gizmo-bot-avatar flex h-8 w-8 items-center justify-center overflow-hidden rounded-full\">\n<div class=\"relative p-1 rounded-sm flex items-center justify-center bg-token-main-surface-primary text-token-text-primary h-8 w-8\"><\/div>\n<\/div>\n<\/div>\n<\/div>\n<\/div>\n<div class=\"group\/conversation-turn relative flex w-full min-w-0 flex-col agent-turn\">\n<div class=\"flex-col gap-1 md:gap-3\">\n<div class=\"flex max-w-full flex-col flex-grow\">\n<div class=\"min-h-8 text-message flex w-full flex-col items-end gap-2 whitespace-normal break-words [.text-message+&amp;]:mt-5\" dir=\"auto\" data-message-author-role=\"assistant\" data-message-id=\"d1438538-aeb2-48c5-8f1f-a5b2a7a52531\" data-message-model-slug=\"gpt-4o-mini\">\n<div class=\"flex w-full flex-col gap-1 empty:hidden first:pt-[3px]\">\n<div class=\"markdown prose w-full break-words dark:prose-invert light\">\n<p><strong>Rag Doll Rosie<\/strong> est un livre charmant pour les tout-petits, racontant l\u2019histoire d\u2019une poup\u00e9e en chiffon nomm\u00e9e Rosie. \u00c0 travers ses pages en carton, les enfants d\u00e9couvrent les aventures de Rosie, sa douceur et sa simplicit\u00e9. Ce livre aide \u00e0 d\u00e9velopper l&rsquo;imagination des jeunes enfants, tout en leur permettant de se familiariser avec des mots simples en anglais. Avec des illustrations tendres et color\u00e9es, <strong>Rag Doll Rosie<\/strong> invite les b\u00e9b\u00e9s \u00e0 explorer un univers r\u00e9confortant et familier. Ce livre favorise aussi la reconnaissance des objets du quotidien, comme les v\u00eatements et les jouets. Son format robuste est parfait pour les petites mains, ce qui le rend id\u00e9al pour une premi\u00e8re exp\u00e9rience de lecture. C&rsquo;est une fa\u00e7on ludique d\u2019apprendre en anglais, tout en d\u00e9couvrant le monde d&rsquo;une poup\u00e9e et de ses aventures. Offrez-le \u00e0 votre enfant pour encourager la lecture et stimuler sa curiosit\u00e9. Un cadeau qui allie douceur et apprentissage dans un format parfait pour les tout-petits. Une histoire \u00e0 lire et \u00e0 red\u00e9couvrir encore et encore !<\/p>\n<\/div>\n<\/div>\n<\/div>\n<\/div>\n<\/div>\n<\/div>\n","protected":false},"excerpt":{"rendered":"<p><strong>Rag Doll Rosie<\/strong> est un livre en carton pour b\u00e9b\u00e9s, racontant l&rsquo;histoire de la poup\u00e9e Rosie et ses aventures simples avec des mots en anglais. Id\u00e9al pour \u00e9veiller l&rsquo;imagination et encourager l&rsquo;apprentissage pr\u00e9coce.<\/p>\n","protected":false},"featured_media":22275,"comment_status":"open","ping_status":"closed","template":"","meta":{"inline_featured_image":false},"product_cat":[3951,198],"product_tag":[],"class_list":{"0":"post-22274","1":"product","2":"type-product","3":"status-publish","4":"has-post-thumbnail","6":"product_cat-les-livres-cartonnes-anglais","7":"product_cat-livres-animes","9":"first","10":"instock","11":"shipping-taxable","12":"purchasable","13":"product-type-simple"},"_links":{"self":[{"href":"https:\/\/baralivres.ma\/index.php?rest_route=\/wp\/v2\/product\/22274","targetHints":{"allow":["GET"]}}],"collection":[{"href":"https:\/\/baralivres.ma\/index.php?rest_route=\/wp\/v2\/product"}],"about":[{"href":"https:\/\/baralivres.ma\/index.php?rest_route=\/wp\/v2\/types\/product"}],"replies":[{"embeddable":true,"href":"https:\/\/baralivres.ma\/index.php?rest_route=%2Fwp%2Fv2%2Fcomments&post=22274"}],"version-history":[{"count":1,"href":"https:\/\/baralivres.ma\/index.php?rest_route=\/wp\/v2\/product\/22274\/revisions"}],"predecessor-version":[{"id":22276,"href":"https:\/\/baralivres.ma\/index.php?rest_route=\/wp\/v2\/product\/22274\/revisions\/22276"}],"wp:featuredmedia":[{"embeddable":true,"href":"https:\/\/baralivres.ma\/index.php?rest_route=\/wp\/v2\/media\/22275"}],"wp:attachment":[{"href":"https:\/\/baralivres.ma\/index.php?rest_route=%2Fwp%2Fv2%2Fmedia&parent=22274"}],"wp:term":[{"taxonomy":"product_cat","embeddable":true,"href":"https:\/\/baralivres.ma\/index.php?rest_route=%2Fwp%2Fv2%2Fproduct_cat&post=22274"},{"taxonomy":"product_tag","embeddable":true,"href":"https:\/\/baralivres.ma\/index.php?rest_route=%2Fwp%2Fv2%2Fproduct_tag&post=22274"}],"curies":[{"name":"wp","href":"https:\/\/api.w.org\/{rel}","templated":true}]}}