{"id":22271,"date":"2024-11-18T14:38:40","date_gmt":"2024-11-18T13:38:40","guid":{"rendered":"https:\/\/baralivres.ma\/?post_type=product&#038;p=22271"},"modified":"2024-11-18T15:52:24","modified_gmt":"2024-11-18T14:52:24","slug":"baby-firsts-farm-foods","status":"publish","type":"product","link":"https:\/\/baralivres.ma\/?product=baby-firsts-farm-foods","title":{"rendered":"Baby Firsts Farm Foods"},"content":{"rendered":"<p><strong>Baby Firsts Farm Foods<\/strong> est un livre en carton con\u00e7u pour les tout-petits, leur permettant de d\u00e9couvrir les aliments de la ferme. Avec des images vibrantes et des mots simples en anglais, ce livre aide les b\u00e9b\u00e9s \u00e0 associer des produits alimentaires courants \u00e0 des images claires. Chaque page pr\u00e9sente un aliment de la ferme, comme des l\u00e9gumes, des fruits ou des produits laitiers, et facilite l\u2019apprentissage du vocabulaire en anglais. C\u2019est un moyen ludique et interactif pour les enfants de commencer \u00e0 comprendre les bases de l&rsquo;alimentation tout en enrichissant leur vocabulaire. <strong>Baby Firsts Farm Foods<\/strong> est parfait pour les parents souhaitant initier leurs enfants \u00e0 une nouvelle langue de mani\u00e8re fun et \u00e9ducative. Le format robuste est adapt\u00e9 aux petites mains, et les couleurs vives attirent l\u2019attention des tout-petits. Ce livre est un cadeau id\u00e9al pour les jeunes enfants, combinant apprentissage et divertissement. Il encourage aussi la curiosit\u00e9 sur le monde agricole et les produits naturels. Un excellent choix pour \u00e9veiller les sens et l\u2019esprit des b\u00e9b\u00e9s tout en apprenant l\u2019anglais. Offrez-le d\u00e8s aujourd\u2019hui pour enrichir l\u2019exp\u00e9rience d\u2019apprentissage de votre enfant !<\/p>\n","protected":false},"excerpt":{"rendered":"<p><strong>Baby Firsts Farm Foods<\/strong> est un livre en carton pour b\u00e9b\u00e9s, introduisant les aliments de la ferme avec des mots simples en anglais et des illustrations color\u00e9es. Id\u00e9al pour \u00e9veiller les tout-petits \u00e0 l\u2019alimentation et \u00e0 l&rsquo;apprentissage des langues.<\/p>\n","protected":false},"featured_media":22272,"comment_status":"open","ping_status":"closed","template":"","meta":{"inline_featured_image":false},"product_cat":[3951,198],"product_tag":[],"class_list":{"0":"post-22271","1":"product","2":"type-product","3":"status-publish","4":"has-post-thumbnail","6":"product_cat-les-livres-cartonnes-anglais","7":"product_cat-livres-animes","9":"first","10":"instock","11":"shipping-taxable","12":"purchasable","13":"product-type-simple"},"_links":{"self":[{"href":"https:\/\/baralivres.ma\/index.php?rest_route=\/wp\/v2\/product\/22271","targetHints":{"allow":["GET"]}}],"collection":[{"href":"https:\/\/baralivres.ma\/index.php?rest_route=\/wp\/v2\/product"}],"about":[{"href":"https:\/\/baralivres.ma\/index.php?rest_route=\/wp\/v2\/types\/product"}],"replies":[{"embeddable":true,"href":"https:\/\/baralivres.ma\/index.php?rest_route=%2Fwp%2Fv2%2Fcomments&post=22271"}],"version-history":[{"count":1,"href":"https:\/\/baralivres.ma\/index.php?rest_route=\/wp\/v2\/product\/22271\/revisions"}],"predecessor-version":[{"id":22273,"href":"https:\/\/baralivres.ma\/index.php?rest_route=\/wp\/v2\/product\/22271\/revisions\/22273"}],"wp:featuredmedia":[{"embeddable":true,"href":"https:\/\/baralivres.ma\/index.php?rest_route=\/wp\/v2\/media\/22272"}],"wp:attachment":[{"href":"https:\/\/baralivres.ma\/index.php?rest_route=%2Fwp%2Fv2%2Fmedia&parent=22271"}],"wp:term":[{"taxonomy":"product_cat","embeddable":true,"href":"https:\/\/baralivres.ma\/index.php?rest_route=%2Fwp%2Fv2%2Fproduct_cat&post=22271"},{"taxonomy":"product_tag","embeddable":true,"href":"https:\/\/baralivres.ma\/index.php?rest_route=%2Fwp%2Fv2%2Fproduct_tag&post=22271"}],"curies":[{"name":"wp","href":"https:\/\/api.w.org\/{rel}","templated":true}]}}