{"id":22251,"date":"2024-11-18T14:11:00","date_gmt":"2024-11-18T13:11:00","guid":{"rendered":"https:\/\/baralivres.ma\/?post_type=product&#038;p=22251"},"modified":"2024-11-18T15:53:17","modified_gmt":"2024-11-18T14:53:17","slug":"pauls-police-car","status":"publish","type":"product","link":"https:\/\/baralivres.ma\/?product=pauls-police-car","title":{"rendered":"Paul&rsquo;S Police Car"},"content":{"rendered":"<p>D\u00e9couvrez <em>Paul&rsquo;s Police Car<\/em>, un petit livre en carton parfait pour les jeunes lecteurs ! Ce livre adorable raconte l&rsquo;histoire de Paul, un courageux policier, qui part en mission pour sauver la situation avec son v\u00e9hicule de police. \u00c0 travers des illustrations color\u00e9es et une histoire captivante, les enfants d\u00e9couvriront les aventures d&rsquo;un h\u00e9ros de la police, tout en apprenant des valeurs comme le courage et l&rsquo;entraide. <em>Paul&rsquo;s Police Car<\/em> est con\u00e7u pour les tout-petits, avec des pages solides et faciles \u00e0 tourner, adapt\u00e9es \u00e0 leurs petites mains. Ce livre stimule la curiosit\u00e9 des enfants et favorise leur apprentissage des r\u00f4les sociaux, tout en les initiant au monde fascinant des policiers. Il est id\u00e9al pour lire avant de dormir ou pour des moments de partage en famille. Un cadeau parfait pour les jeunes enfants qui adorent les histoires d&rsquo;aventures et les v\u00e9hicules. Offrez ce livre amusant et \u00e9ducatif pour encourager l\u2019amour de la lecture d\u00e8s le plus jeune \u00e2ge. Commandez <em>Paul&rsquo;s Police Car<\/em> et embarquez pour une aventure palpitante !<\/p>\n","protected":false},"excerpt":{"rendered":"<div class=\"flex-shrink-0 flex flex-col relative items-end\">\n<div>\n<div class=\"pt-0\">\n<div class=\"gizmo-bot-avatar flex h-8 w-8 items-center justify-center overflow-hidden rounded-full\">\n<div class=\"relative p-1 rounded-sm flex items-center justify-center bg-token-main-surface-primary text-token-text-primary h-8 w-8\"><\/div>\n<\/div>\n<\/div>\n<\/div>\n<\/div>\n<div class=\"group\/conversation-turn relative flex w-full min-w-0 flex-col agent-turn\">\n<div class=\"flex-col gap-1 md:gap-3\">\n<div class=\"flex max-w-full flex-col flex-grow\">\n<div class=\"min-h-8 text-message flex w-full flex-col items-end gap-2 whitespace-normal break-words [.text-message+&amp;]:mt-5\" dir=\"auto\" data-message-author-role=\"assistant\" data-message-id=\"f9895c1e-cf2c-49a2-aefe-d12b90057a54\" data-message-model-slug=\"gpt-4o-mini\">\n<div class=\"flex w-full flex-col gap-1 empty:hidden first:pt-[3px]\">\n<div class=\"markdown prose w-full break-words dark:prose-invert light\">\n<p>D\u00e9couvrez <em>Paul&rsquo;s Police Car<\/em>, un livre en carton pour enfants racontant l\u2019histoire d\u2019un policier courageux en mission. Parfait pour stimuler l\u2019imagination et l\u2019amour de la lecture d\u00e8s le plus jeune \u00e2ge !<\/p>\n<\/div>\n<\/div>\n<\/div>\n<\/div>\n<\/div>\n<\/div>\n","protected":false},"featured_media":22256,"comment_status":"open","ping_status":"closed","template":"","meta":{"inline_featured_image":false},"product_cat":[3951,198],"product_tag":[],"class_list":{"0":"post-22251","1":"product","2":"type-product","3":"status-publish","4":"has-post-thumbnail","6":"product_cat-les-livres-cartonnes-anglais","7":"product_cat-livres-animes","9":"first","10":"instock","11":"shipping-taxable","12":"purchasable","13":"product-type-simple"},"_links":{"self":[{"href":"https:\/\/baralivres.ma\/index.php?rest_route=\/wp\/v2\/product\/22251","targetHints":{"allow":["GET"]}}],"collection":[{"href":"https:\/\/baralivres.ma\/index.php?rest_route=\/wp\/v2\/product"}],"about":[{"href":"https:\/\/baralivres.ma\/index.php?rest_route=\/wp\/v2\/types\/product"}],"replies":[{"embeddable":true,"href":"https:\/\/baralivres.ma\/index.php?rest_route=%2Fwp%2Fv2%2Fcomments&post=22251"}],"version-history":[{"count":1,"href":"https:\/\/baralivres.ma\/index.php?rest_route=\/wp\/v2\/product\/22251\/revisions"}],"predecessor-version":[{"id":22257,"href":"https:\/\/baralivres.ma\/index.php?rest_route=\/wp\/v2\/product\/22251\/revisions\/22257"}],"wp:featuredmedia":[{"embeddable":true,"href":"https:\/\/baralivres.ma\/index.php?rest_route=\/wp\/v2\/media\/22256"}],"wp:attachment":[{"href":"https:\/\/baralivres.ma\/index.php?rest_route=%2Fwp%2Fv2%2Fmedia&parent=22251"}],"wp:term":[{"taxonomy":"product_cat","embeddable":true,"href":"https:\/\/baralivres.ma\/index.php?rest_route=%2Fwp%2Fv2%2Fproduct_cat&post=22251"},{"taxonomy":"product_tag","embeddable":true,"href":"https:\/\/baralivres.ma\/index.php?rest_route=%2Fwp%2Fv2%2Fproduct_tag&post=22251"}],"curies":[{"name":"wp","href":"https:\/\/api.w.org\/{rel}","templated":true}]}}