{"id":22245,"date":"2024-11-18T13:57:07","date_gmt":"2024-11-18T12:57:07","guid":{"rendered":"https:\/\/baralivres.ma\/?post_type=product&#038;p=22245"},"modified":"2024-11-18T15:54:05","modified_gmt":"2024-11-18T14:54:05","slug":"dougs-digger","status":"publish","type":"product","link":"https:\/\/baralivres.ma\/?product=dougs-digger","title":{"rendered":"Doug&rsquo;S Digger"},"content":{"rendered":"<p>D\u00e9couvrez <em>Doug&rsquo;s Digger<\/em>, un petit livre cartonn\u00e9 parfait pour les jeunes lecteurs ! Ce livre raconte l\u2019histoire de Doug, un petit excavateur qui r\u00eave de creuser de grandes tranch\u00e9es et de r\u00e9aliser des aventures passionnantes sur un chantier. Les enfants suivront Doug dans ses missions de construction tout en d\u00e9couvrant l\u2019univers des machines de chantier. Avec des illustrations color\u00e9es et des pages \u00e9paisses, ce livre est id\u00e9al pour les mains des tout-petits. Les mots simples et l\u2019histoire captivante permettent aux enfants de d\u00e9velopper leur vocabulaire tout en s\u2019amusant. <em>Doug&rsquo;s Digger<\/em> est un excellent moyen d\u2019initier les enfants aux m\u00e9tiers du b\u00e2timent tout en les divertissant. Ce livre est con\u00e7u pour encourager l\u2019amour de la lecture d\u00e8s le plus jeune \u00e2ge. C\u2019est un cadeau parfait pour les enfants qui s\u2019int\u00e9ressent aux v\u00e9hicules et aux aventures. \u00c0 la fois \u00e9ducatif et amusant, il \u00e9veillera la curiosit\u00e9 et l\u2019imagination de vos enfants. Offrez-le d\u00e8s aujourd\u2019hui pour un moment de lecture agr\u00e9able et enrichissant !<\/p>\n","protected":false},"excerpt":{"rendered":"<p>D\u00e9couvrez <em>Doug&rsquo;s Digger<\/em>, une mini-pelle interactive qui permet aux enfants de vivre des aventures de construction. Parfait pour stimuler leur imagination et leur motricit\u00e9 tout en s&rsquo;amusant !<\/p>\n","protected":false},"featured_media":22246,"comment_status":"open","ping_status":"closed","template":"","meta":{"inline_featured_image":false},"product_cat":[3951,198],"product_tag":[],"class_list":{"0":"post-22245","1":"product","2":"type-product","3":"status-publish","4":"has-post-thumbnail","6":"product_cat-les-livres-cartonnes-anglais","7":"product_cat-livres-animes","9":"first","10":"instock","11":"shipping-taxable","12":"purchasable","13":"product-type-simple"},"_links":{"self":[{"href":"https:\/\/baralivres.ma\/index.php?rest_route=\/wp\/v2\/product\/22245","targetHints":{"allow":["GET"]}}],"collection":[{"href":"https:\/\/baralivres.ma\/index.php?rest_route=\/wp\/v2\/product"}],"about":[{"href":"https:\/\/baralivres.ma\/index.php?rest_route=\/wp\/v2\/types\/product"}],"replies":[{"embeddable":true,"href":"https:\/\/baralivres.ma\/index.php?rest_route=%2Fwp%2Fv2%2Fcomments&post=22245"}],"version-history":[{"count":2,"href":"https:\/\/baralivres.ma\/index.php?rest_route=\/wp\/v2\/product\/22245\/revisions"}],"predecessor-version":[{"id":22260,"href":"https:\/\/baralivres.ma\/index.php?rest_route=\/wp\/v2\/product\/22245\/revisions\/22260"}],"wp:featuredmedia":[{"embeddable":true,"href":"https:\/\/baralivres.ma\/index.php?rest_route=\/wp\/v2\/media\/22246"}],"wp:attachment":[{"href":"https:\/\/baralivres.ma\/index.php?rest_route=%2Fwp%2Fv2%2Fmedia&parent=22245"}],"wp:term":[{"taxonomy":"product_cat","embeddable":true,"href":"https:\/\/baralivres.ma\/index.php?rest_route=%2Fwp%2Fv2%2Fproduct_cat&post=22245"},{"taxonomy":"product_tag","embeddable":true,"href":"https:\/\/baralivres.ma\/index.php?rest_route=%2Fwp%2Fv2%2Fproduct_tag&post=22245"}],"curies":[{"name":"wp","href":"https:\/\/api.w.org\/{rel}","templated":true}]}}