{"id":22242,"date":"2024-11-18T13:52:39","date_gmt":"2024-11-18T12:52:39","guid":{"rendered":"https:\/\/baralivres.ma\/?post_type=product&#038;p=22242"},"modified":"2024-11-18T15:54:14","modified_gmt":"2024-11-18T14:54:14","slug":"tammys-truck","status":"publish","type":"product","link":"https:\/\/baralivres.ma\/?product=tammys-truck","title":{"rendered":"Tammy&rsquo;S Truck"},"content":{"rendered":"<div class=\"flex-shrink-0 flex flex-col relative items-end\">\n<div>\n<div class=\"pt-0\">\n<div class=\"gizmo-bot-avatar flex h-8 w-8 items-center justify-center overflow-hidden rounded-full\">\n<div class=\"relative p-1 rounded-sm flex items-center justify-center bg-token-main-surface-primary text-token-text-primary h-8 w-8\"><\/div>\n<\/div>\n<\/div>\n<\/div>\n<\/div>\n<div class=\"group\/conversation-turn relative flex w-full min-w-0 flex-col agent-turn\">\n<div class=\"flex-col gap-1 md:gap-3\">\n<div class=\"flex max-w-full flex-col flex-grow\">\n<div class=\"min-h-8 text-message flex w-full flex-col items-end gap-2 whitespace-normal break-words [.text-message+&amp;]:mt-5\" dir=\"auto\" data-message-author-role=\"assistant\" data-message-id=\"cb405d07-4f72-4588-9187-163cafaf3c1d\" data-message-model-slug=\"gpt-4o-mini\">\n<div class=\"flex w-full flex-col gap-1 empty:hidden first:pt-[3px]\">\n<div class=\"markdown prose w-full break-words dark:prose-invert light\">\n<p>D\u00e9couvrez <em>Tammy&rsquo;s Truck<\/em>, un petit livre cartonn\u00e9 pour les tout-petits, qui raconte l\u2019histoire de Tammy, une petite camionneuse pleine de courage ! \u00c0 travers des pages color\u00e9es et un texte simple, les enfants suivront Tammy dans ses aventures de transport, apprenant les valeurs de travail, de pers\u00e9v\u00e9rance et d&rsquo;amiti\u00e9. Ce livre captivant aide \u00e0 d\u00e9velopper le vocabulaire des enfants tout en stimulant leur imagination. Parfaitement adapt\u00e9 aux petites mains, <em>Tammy&rsquo;s Truck<\/em> est facile \u00e0 manipuler et con\u00e7u pour durer. Les illustrations vibrantes et d\u00e9taill\u00e9es ajoutent de la magie \u00e0 l\u2019histoire, rendant chaque page un moment de d\u00e9couverte. Les enfants se r\u00e9jouiront de suivre Tammy dans ses aventures de camion et de transport. Ce livre est id\u00e9al pour initier les jeunes lecteurs aux plaisirs de la lecture et les aider \u00e0 se familiariser avec les m\u00e9tiers et les v\u00e9hicules. Un cadeau parfait pour \u00e9veiller la curiosit\u00e9 et l&rsquo;amour de la lecture d\u00e8s le plus jeune \u00e2ge. Offrez <em>Tammy&rsquo;s Truck<\/em> et laissez vos enfants partir en aventure \u00e0 chaque page tourn\u00e9e !<\/p>\n<\/div>\n<\/div>\n<\/div>\n<\/div>\n<\/div>\n<\/div>\n","protected":false},"excerpt":{"rendered":"<div class=\"flex-shrink-0 flex flex-col relative items-end\">\n<div>\n<div class=\"pt-0\">\n<div class=\"gizmo-bot-avatar flex h-8 w-8 items-center justify-center overflow-hidden rounded-full\">\n<div class=\"relative p-1 rounded-sm flex items-center justify-center bg-token-main-surface-primary text-token-text-primary h-8 w-8\"><\/div>\n<\/div>\n<\/div>\n<\/div>\n<\/div>\n<div class=\"group\/conversation-turn relative flex w-full min-w-0 flex-col agent-turn\">\n<div class=\"flex-col gap-1 md:gap-3\">\n<div class=\"flex max-w-full flex-col flex-grow\">\n<div class=\"min-h-8 text-message flex w-full flex-col items-end gap-2 whitespace-normal break-words [.text-message+&amp;]:mt-5\" dir=\"auto\" data-message-author-role=\"assistant\" data-message-id=\"3e455ba9-e34d-4727-bab8-f9944ccd5e8f\" data-message-model-slug=\"gpt-4o-mini\">\n<div class=\"flex w-full flex-col gap-1 empty:hidden first:pt-[3px]\">\n<div class=\"markdown prose w-full break-words dark:prose-invert light\">\n<p>D\u00e9couvrez <em>Tammy&rsquo;s Truck<\/em>, un camion interactif qui permet aux enfants de vivre des aventures de transport passionnantes. Id\u00e9al pour stimuler leur cr\u00e9ativit\u00e9 et leur motricit\u00e9 tout en s&rsquo;amusant !<\/p>\n<\/div>\n<\/div>\n<\/div>\n<\/div>\n<\/div>\n<\/div>\n","protected":false},"featured_media":22243,"comment_status":"open","ping_status":"closed","template":"","meta":{"inline_featured_image":false},"product_cat":[3951,198],"product_tag":[],"class_list":{"0":"post-22242","1":"product","2":"type-product","3":"status-publish","4":"has-post-thumbnail","6":"product_cat-les-livres-cartonnes-anglais","7":"product_cat-livres-animes","9":"first","10":"instock","11":"shipping-taxable","12":"purchasable","13":"product-type-simple"},"_links":{"self":[{"href":"https:\/\/baralivres.ma\/index.php?rest_route=\/wp\/v2\/product\/22242","targetHints":{"allow":["GET"]}}],"collection":[{"href":"https:\/\/baralivres.ma\/index.php?rest_route=\/wp\/v2\/product"}],"about":[{"href":"https:\/\/baralivres.ma\/index.php?rest_route=\/wp\/v2\/types\/product"}],"replies":[{"embeddable":true,"href":"https:\/\/baralivres.ma\/index.php?rest_route=%2Fwp%2Fv2%2Fcomments&post=22242"}],"version-history":[{"count":3,"href":"https:\/\/baralivres.ma\/index.php?rest_route=\/wp\/v2\/product\/22242\/revisions"}],"predecessor-version":[{"id":22259,"href":"https:\/\/baralivres.ma\/index.php?rest_route=\/wp\/v2\/product\/22242\/revisions\/22259"}],"wp:featuredmedia":[{"embeddable":true,"href":"https:\/\/baralivres.ma\/index.php?rest_route=\/wp\/v2\/media\/22243"}],"wp:attachment":[{"href":"https:\/\/baralivres.ma\/index.php?rest_route=%2Fwp%2Fv2%2Fmedia&parent=22242"}],"wp:term":[{"taxonomy":"product_cat","embeddable":true,"href":"https:\/\/baralivres.ma\/index.php?rest_route=%2Fwp%2Fv2%2Fproduct_cat&post=22242"},{"taxonomy":"product_tag","embeddable":true,"href":"https:\/\/baralivres.ma\/index.php?rest_route=%2Fwp%2Fv2%2Fproduct_tag&post=22242"}],"curies":[{"name":"wp","href":"https:\/\/api.w.org\/{rel}","templated":true}]}}