{"id":22235,"date":"2024-11-18T13:43:37","date_gmt":"2024-11-18T12:43:37","guid":{"rendered":"https:\/\/baralivres.ma\/?post_type=product&#038;p=22235"},"modified":"2024-11-18T15:54:55","modified_gmt":"2024-11-18T14:54:55","slug":"harrys-helicopter","status":"publish","type":"product","link":"https:\/\/baralivres.ma\/?product=harrys-helicopter","title":{"rendered":"Harry&rsquo;s HELICOPTER"},"content":{"rendered":"<p>D\u00e9couvrez <em>Harry&rsquo;s Helicopter<\/em>, un adorable livre cartonn\u00e9 pour enfants qui raconte l&rsquo;histoire d&rsquo;un h\u00e9licopt\u00e8re courageux en mission ! Ce livre color\u00e9 et captivant emm\u00e8ne les petits dans une aventure a\u00e9rienne o\u00f9 Harry l&rsquo;h\u00e9licopt\u00e8re doit sauver la situation. Con\u00e7u sp\u00e9cialement pour les jeunes lecteurs, il aide \u00e0 d\u00e9velopper leur vocabulaire et leur amour pour la lecture gr\u00e2ce \u00e0 des illustrations vivantes et une histoire simple mais excitante. Avec des pages robustes, <em>Harry&rsquo;s Helicopter<\/em> est parfait pour les petites mains et r\u00e9siste aux manipulations. Chaque page tourne pour d\u00e9voiler de nouvelles p\u00e9rip\u00e9ties et enseigner des valeurs comme l&rsquo;entraide et le courage. Ce livre est id\u00e9al pour \u00e9veiller la curiosit\u00e9 des enfants et stimuler leur imagination. C\u2019est \u00e9galement un excellent moyen de leur faire d\u00e9couvrir le monde des h\u00e9licopt\u00e8res et des m\u00e9tiers de secours. Un cadeau id\u00e9al pour les petits passionn\u00e9s d&rsquo;aventure et d&rsquo;aviation. Offrez-le d\u00e8s maintenant et laissez vos enfants voyager dans les airs avec Harry l\u2019h\u00e9licopt\u00e8re. Commandez <em>Harry&rsquo;s Helicopter<\/em> et faites entrer l\u2019aventure dans la biblioth\u00e8que de votre enfant !<\/p>\n","protected":false},"excerpt":{"rendered":"<p>D\u00e9couvrez <em>Harry&rsquo;s Helicopter<\/em>, un petit livre captivant qui permet aux enfants d&rsquo;explorer le ciel et de vivre des aventures a\u00e9riennes. Parfait pour stimuler leur imagination et leur motricit\u00e9 tout en s&rsquo;amusant !<\/p>\n","protected":false},"featured_media":22237,"comment_status":"open","ping_status":"closed","template":"","meta":{"inline_featured_image":false},"product_cat":[3951,198],"product_tag":[],"class_list":{"0":"post-22235","1":"product","2":"type-product","3":"status-publish","4":"has-post-thumbnail","6":"product_cat-les-livres-cartonnes-anglais","7":"product_cat-livres-animes","9":"first","10":"instock","11":"shipping-taxable","12":"purchasable","13":"product-type-simple"},"_links":{"self":[{"href":"https:\/\/baralivres.ma\/index.php?rest_route=\/wp\/v2\/product\/22235","targetHints":{"allow":["GET"]}}],"collection":[{"href":"https:\/\/baralivres.ma\/index.php?rest_route=\/wp\/v2\/product"}],"about":[{"href":"https:\/\/baralivres.ma\/index.php?rest_route=\/wp\/v2\/types\/product"}],"replies":[{"embeddable":true,"href":"https:\/\/baralivres.ma\/index.php?rest_route=%2Fwp%2Fv2%2Fcomments&post=22235"}],"version-history":[{"count":2,"href":"https:\/\/baralivres.ma\/index.php?rest_route=\/wp\/v2\/product\/22235\/revisions"}],"predecessor-version":[{"id":22263,"href":"https:\/\/baralivres.ma\/index.php?rest_route=\/wp\/v2\/product\/22235\/revisions\/22263"}],"wp:featuredmedia":[{"embeddable":true,"href":"https:\/\/baralivres.ma\/index.php?rest_route=\/wp\/v2\/media\/22237"}],"wp:attachment":[{"href":"https:\/\/baralivres.ma\/index.php?rest_route=%2Fwp%2Fv2%2Fmedia&parent=22235"}],"wp:term":[{"taxonomy":"product_cat","embeddable":true,"href":"https:\/\/baralivres.ma\/index.php?rest_route=%2Fwp%2Fv2%2Fproduct_cat&post=22235"},{"taxonomy":"product_tag","embeddable":true,"href":"https:\/\/baralivres.ma\/index.php?rest_route=%2Fwp%2Fv2%2Fproduct_tag&post=22235"}],"curies":[{"name":"wp","href":"https:\/\/api.w.org\/{rel}","templated":true}]}}