{"id":22232,"date":"2024-11-18T13:39:13","date_gmt":"2024-11-18T12:39:13","guid":{"rendered":"https:\/\/baralivres.ma\/?post_type=product&#038;p=22232"},"modified":"2024-11-18T15:55:07","modified_gmt":"2024-11-18T14:55:07","slug":"tobys-tractor","status":"publish","type":"product","link":"https:\/\/baralivres.ma\/?product=tobys-tractor","title":{"rendered":"Toby&rsquo;s TRACTOR"},"content":{"rendered":"<p>D\u00e9couvrez <em>Toby&rsquo;s Tractor<\/em>, un charmant petit livre en carton pour enfants, id\u00e9al pour les jeunes lecteurs ! Ce livre raconte l\u2019histoire de Toby, un petit tracteur qui part en aventure \u00e0 travers la ferme, rencontrant des animaux et d\u00e9couvrant de nouvelles t\u00e2ches \u00e0 accomplir. Con\u00e7u pour les tout-petits, <em>Toby&rsquo;s Tractor<\/em> pr\u00e9sente des pages \u00e9paisses et durables, parfaites pour les petites mains. Les illustrations color\u00e9es et les personnages attachants captivent l\u2019imagination des enfants et les aident \u00e0 d\u00e9velopper leur amour de la lecture. Chaque page invite les enfants \u00e0 explorer le monde agricole tout en suivant Toby dans ses aventures. Ce livre \u00e9ducatif stimule la curiosit\u00e9 des enfants et leur apprend les m\u00e9tiers de la ferme de mani\u00e8re ludique. Facile \u00e0 lire, il est parfait pour les moments de lecture partag\u00e9e avec les parents ou les \u00e9ducateurs. Un excellent moyen d\u2019encourager les premi\u00e8res d\u00e9couvertes litt\u00e9raires. <em>Toby&rsquo;s Tractor<\/em> est un cadeau parfait pour les jeunes enfants, leur permettant de d\u00e9velopper leur vocabulaire et leur compr\u00e9hension des histoires. Offrez-le d\u00e8s aujourd\u2019hui et laissez vos enfants plonger dans cette belle aventure !<\/p>\n","protected":false},"excerpt":{"rendered":"<p>D\u00e9couvrez <em>Toby&rsquo;s Tractor<\/em>, un livre amusant et \u00e9ducatif qui plonge les enfants dans l&rsquo;univers de la ferme. Id\u00e9al pour stimuler leur imagination et leur curiosit\u00e9 tout en s&rsquo;amusant !<\/p>\n","protected":false},"featured_media":22233,"comment_status":"open","ping_status":"closed","template":"","meta":{"inline_featured_image":false},"product_cat":[3951],"product_tag":[],"class_list":{"0":"post-22232","1":"product","2":"type-product","3":"status-publish","4":"has-post-thumbnail","6":"product_cat-les-livres-cartonnes-anglais","8":"first","9":"instock","10":"shipping-taxable","11":"purchasable","12":"product-type-simple"},"_links":{"self":[{"href":"https:\/\/baralivres.ma\/index.php?rest_route=\/wp\/v2\/product\/22232","targetHints":{"allow":["GET"]}}],"collection":[{"href":"https:\/\/baralivres.ma\/index.php?rest_route=\/wp\/v2\/product"}],"about":[{"href":"https:\/\/baralivres.ma\/index.php?rest_route=\/wp\/v2\/types\/product"}],"replies":[{"embeddable":true,"href":"https:\/\/baralivres.ma\/index.php?rest_route=%2Fwp%2Fv2%2Fcomments&post=22232"}],"version-history":[{"count":2,"href":"https:\/\/baralivres.ma\/index.php?rest_route=\/wp\/v2\/product\/22232\/revisions"}],"predecessor-version":[{"id":22264,"href":"https:\/\/baralivres.ma\/index.php?rest_route=\/wp\/v2\/product\/22232\/revisions\/22264"}],"wp:featuredmedia":[{"embeddable":true,"href":"https:\/\/baralivres.ma\/index.php?rest_route=\/wp\/v2\/media\/22233"}],"wp:attachment":[{"href":"https:\/\/baralivres.ma\/index.php?rest_route=%2Fwp%2Fv2%2Fmedia&parent=22232"}],"wp:term":[{"taxonomy":"product_cat","embeddable":true,"href":"https:\/\/baralivres.ma\/index.php?rest_route=%2Fwp%2Fv2%2Fproduct_cat&post=22232"},{"taxonomy":"product_tag","embeddable":true,"href":"https:\/\/baralivres.ma\/index.php?rest_route=%2Fwp%2Fv2%2Fproduct_tag&post=22232"}],"curies":[{"name":"wp","href":"https:\/\/api.w.org\/{rel}","templated":true}]}}