{"id":22225,"date":"2024-11-18T13:29:12","date_gmt":"2024-11-18T12:29:12","guid":{"rendered":"https:\/\/baralivres.ma\/?post_type=product&#038;p=22225"},"modified":"2024-11-18T15:58:12","modified_gmt":"2024-11-18T14:58:12","slug":"patch-the-puppy","status":"publish","type":"product","link":"https:\/\/baralivres.ma\/?product=patch-the-puppy","title":{"rendered":"Patch the Puppy"},"content":{"rendered":"<p>Rencontrez <strong>Patch the Puppy<\/strong>, un adorable chiot curieux qui explore son monde avec enthousiasme. Ce livre cartonn\u00e9 est parfait pour les tout-petits, avec une histoire simple et des illustrations douces qui captivent l\u2019attention des enfants. Suivez Patch dans ses aventures quotidiennes, d\u00e9couvrant des tr\u00e9sors et des surprises en chemin. Le format compact (11,5 x 18 x 1,5 cm) et la couverture rigide assurent une prise en main facile et une grande durabilit\u00e9. Publi\u00e9 par North Parade Publishing, <strong>Patch the Puppy<\/strong> garantit une qualit\u00e9 exceptionnelle et un contenu qui plaira autant aux enfants qu\u2019aux parents. Ce livre est con\u00e7u pour stimuler l\u2019imagination des enfants et enrichir leur vocabulaire tout en leur offrant un moment de tendresse. Il est id\u00e9al pour les cadeaux ou pour enrichir la biblioth\u00e8que des petits lecteurs. Avec Patch, les enfants apprendront la joie de la d\u00e9couverte et de l\u2019amiti\u00e9. Ne manquez pas cette adorable histoire pleine de rires et de c\u00e2lins ! <strong>Patch the Puppy<\/strong> est un compagnon id\u00e9al pour les moments de lecture en famille.<\/p>\n","protected":false},"excerpt":{"rendered":"<p><strong>Patch the Puppy<\/strong> est un livre cartonn\u00e9 charmant o\u00f9 les enfants suivent les aventures d\u2019un chiot curieux. Avec ses illustrations douces et son format pratique, il offre des moments de tendresse et de d\u00e9couverte pour les tout-petits.<\/p>\n","protected":false},"featured_media":22227,"comment_status":"open","ping_status":"closed","template":"","meta":{"inline_featured_image":false},"product_cat":[3951,198],"product_tag":[],"class_list":{"0":"post-22225","1":"product","2":"type-product","3":"status-publish","4":"has-post-thumbnail","6":"product_cat-les-livres-cartonnes-anglais","7":"product_cat-livres-animes","9":"first","10":"instock","11":"shipping-taxable","12":"purchasable","13":"product-type-simple"},"_links":{"self":[{"href":"https:\/\/baralivres.ma\/index.php?rest_route=\/wp\/v2\/product\/22225","targetHints":{"allow":["GET"]}}],"collection":[{"href":"https:\/\/baralivres.ma\/index.php?rest_route=\/wp\/v2\/product"}],"about":[{"href":"https:\/\/baralivres.ma\/index.php?rest_route=\/wp\/v2\/types\/product"}],"replies":[{"embeddable":true,"href":"https:\/\/baralivres.ma\/index.php?rest_route=%2Fwp%2Fv2%2Fcomments&post=22225"}],"version-history":[{"count":1,"href":"https:\/\/baralivres.ma\/index.php?rest_route=\/wp\/v2\/product\/22225\/revisions"}],"predecessor-version":[{"id":22228,"href":"https:\/\/baralivres.ma\/index.php?rest_route=\/wp\/v2\/product\/22225\/revisions\/22228"}],"wp:featuredmedia":[{"embeddable":true,"href":"https:\/\/baralivres.ma\/index.php?rest_route=\/wp\/v2\/media\/22227"}],"wp:attachment":[{"href":"https:\/\/baralivres.ma\/index.php?rest_route=%2Fwp%2Fv2%2Fmedia&parent=22225"}],"wp:term":[{"taxonomy":"product_cat","embeddable":true,"href":"https:\/\/baralivres.ma\/index.php?rest_route=%2Fwp%2Fv2%2Fproduct_cat&post=22225"},{"taxonomy":"product_tag","embeddable":true,"href":"https:\/\/baralivres.ma\/index.php?rest_route=%2Fwp%2Fv2%2Fproduct_tag&post=22225"}],"curies":[{"name":"wp","href":"https:\/\/api.w.org\/{rel}","templated":true}]}}