{"id":22222,"date":"2024-11-18T13:24:56","date_gmt":"2024-11-18T12:24:56","guid":{"rendered":"https:\/\/baralivres.ma\/?post_type=product&#038;p=22222"},"modified":"2024-11-18T15:58:50","modified_gmt":"2024-11-18T14:58:50","slug":"danny-the-duckling","status":"publish","type":"product","link":"https:\/\/baralivres.ma\/?product=danny-the-duckling","title":{"rendered":"Danny the DUCKLING"},"content":{"rendered":"<p>D\u00e9couvrez <strong>Danny the Duckling<\/strong>, un petit canard espi\u00e8gle qui explore le monde autour de lui avec curiosit\u00e9 et joie. Ce livre cartonn\u00e9 est parfait pour les tout-petits, offrant une histoire simple et captivante avec des illustrations color\u00e9es qui \u00e9veillent l\u2019imagination. Suivez Danny dans ses premi\u00e8res d\u00e9couvertes et apprenez-en davantage sur la vie \u00e0 la ferme. Le format compact (11,5 x 18 x 1,5 cm) et la couverture rigide le rendent id\u00e9al pour les petites mains. Publi\u00e9 par North Parade Publishing, <strong>Danny the Duckling<\/strong> offre une qualit\u00e9 exceptionnelle, id\u00e9ale pour une lecture durable. Ce livre encourage l&rsquo;apprentissage du vocabulaire et la compr\u00e9hension chez les jeunes enfants tout en les divertissant. <strong>Danny the Duckling<\/strong> est une excellente option pour enrichir la biblioth\u00e8que des petits et offrir des moments d\u2019\u00e9veil. Offrez-le en cadeau ou pour ajouter de la douceur et de l\u2019amusement \u00e0 l\u2019heure du conte. Un compagnon parfait pour les moments de lecture en famille. <strong>Ne manquez pas cette histoire adorable et \u00e9ducative d\u00e8s aujourd\u2019hui !<\/strong><\/p>\n","protected":false},"excerpt":{"rendered":"<p><strong>Danny the Duckling<\/strong> est un livre cartonn\u00e9 charmant o\u00f9 les enfants suivent les aventures d\u2019un petit canard curieux. Avec ses illustrations color\u00e9es et son format pratique, il offre des moments de d\u00e9couverte et d\u2019\u00e9veil pour les tout-petits.<\/p>\n","protected":false},"featured_media":22223,"comment_status":"open","ping_status":"closed","template":"","meta":{"inline_featured_image":false},"product_cat":[3951,198],"product_tag":[],"class_list":{"0":"post-22222","1":"product","2":"type-product","3":"status-publish","4":"has-post-thumbnail","6":"product_cat-les-livres-cartonnes-anglais","7":"product_cat-livres-animes","9":"first","10":"instock","11":"shipping-taxable","12":"purchasable","13":"product-type-simple"},"_links":{"self":[{"href":"https:\/\/baralivres.ma\/index.php?rest_route=\/wp\/v2\/product\/22222","targetHints":{"allow":["GET"]}}],"collection":[{"href":"https:\/\/baralivres.ma\/index.php?rest_route=\/wp\/v2\/product"}],"about":[{"href":"https:\/\/baralivres.ma\/index.php?rest_route=\/wp\/v2\/types\/product"}],"replies":[{"embeddable":true,"href":"https:\/\/baralivres.ma\/index.php?rest_route=%2Fwp%2Fv2%2Fcomments&post=22222"}],"version-history":[{"count":2,"href":"https:\/\/baralivres.ma\/index.php?rest_route=\/wp\/v2\/product\/22222\/revisions"}],"predecessor-version":[{"id":22226,"href":"https:\/\/baralivres.ma\/index.php?rest_route=\/wp\/v2\/product\/22222\/revisions\/22226"}],"wp:featuredmedia":[{"embeddable":true,"href":"https:\/\/baralivres.ma\/index.php?rest_route=\/wp\/v2\/media\/22223"}],"wp:attachment":[{"href":"https:\/\/baralivres.ma\/index.php?rest_route=%2Fwp%2Fv2%2Fmedia&parent=22222"}],"wp:term":[{"taxonomy":"product_cat","embeddable":true,"href":"https:\/\/baralivres.ma\/index.php?rest_route=%2Fwp%2Fv2%2Fproduct_cat&post=22222"},{"taxonomy":"product_tag","embeddable":true,"href":"https:\/\/baralivres.ma\/index.php?rest_route=%2Fwp%2Fv2%2Fproduct_tag&post=22222"}],"curies":[{"name":"wp","href":"https:\/\/api.w.org\/{rel}","templated":true}]}}