{"id":22216,"date":"2024-11-18T13:15:47","date_gmt":"2024-11-18T12:15:47","guid":{"rendered":"https:\/\/baralivres.ma\/?post_type=product&#038;p=22216"},"modified":"2024-11-18T16:00:43","modified_gmt":"2024-11-18T15:00:43","slug":"katy-the-kitten","status":"publish","type":"product","link":"https:\/\/baralivres.ma\/?product=katy-the-kitten","title":{"rendered":"Katy the Kitten"},"content":{"rendered":"<p>D\u00e9couvrez <strong>Katy the Kitten<\/strong>, un livre cartonn\u00e9 adorable qui raconte les escapades d\u2019un petit chaton curieux et espi\u00e8gle. Suivez Katy dans ses explorations quotidiennes, o\u00f9 chaque page r\u00e9v\u00e8le de nouvelles surprises et des le\u00e7ons pr\u00e9cieuses. Con\u00e7u sp\u00e9cialement pour les tout-petits, ce livre au format pratique (11,5 x 18 x 1,5 cm) est parfait pour les petites mains qui adorent tourner les pages. Sa couverture rigide et r\u00e9sistante assure une durabilit\u00e9 optimale, id\u00e9ale pour une utilisation \u00e0 la maison ou en d\u00e9placement. Publi\u00e9 par North Parade Publishing, <strong>Katy the Kitten<\/strong> garantit une qualit\u00e9 exceptionnelle et des illustrations captivantes qui stimulent l\u2019imagination des enfants. Ce livre est non seulement une source de divertissement, mais aussi un outil \u00e9ducatif qui aide \u00e0 d\u00e9velopper le vocabulaire et la compr\u00e9hension des jeunes lecteurs. Offrez \u00e0 vos enfants des moments de tendresse et de joie avec les aventures de Katy. Parfait comme cadeau ou pour enrichir la biblioth\u00e8que de votre enfant, <strong>Katy the Kitten<\/strong> promet des heures de lecture enchant\u00e9e. Ne manquez pas l\u2019occasion d\u2019introduire ce charmant compagnon dans la vie de vos petits lecteurs d\u00e8s aujourd\u2019hui !<\/p>\n","protected":false},"excerpt":{"rendered":"<div class=\"flex-shrink-0 flex flex-col relative items-end\">\n<div>\n<div class=\"pt-0\">\n<div class=\"gizmo-bot-avatar flex h-8 w-8 items-center justify-center overflow-hidden rounded-full\">\n<div class=\"relative p-1 rounded-sm flex items-center justify-center bg-token-main-surface-primary text-token-text-primary h-8 w-8\"><\/div>\n<\/div>\n<\/div>\n<\/div>\n<\/div>\n<div class=\"group\/conversation-turn relative flex w-full min-w-0 flex-col agent-turn\">\n<div class=\"flex-col gap-1 md:gap-3\">\n<div class=\"flex max-w-full flex-col flex-grow\">\n<div class=\"min-h-8 text-message flex w-full flex-col items-end gap-2 whitespace-normal break-words [.text-message+&amp;]:mt-5\" dir=\"auto\" data-message-author-role=\"assistant\" data-message-id=\"90c440c7-1926-48da-ae1a-58264036808a\" data-message-model-slug=\"gpt-4o\">\n<div class=\"flex w-full flex-col gap-1 empty:hidden first:pt-[3px]\">\n<div class=\"markdown prose w-full break-words dark:prose-invert light\">\n<p><strong>Katy the Kitten<\/strong> est un livre cartonn\u00e9 charmant o\u00f9 les enfants suivent les aventures espi\u00e8gles d\u2019un chaton curieux. Compact et durable, il offre des moments de tendresse et de d\u00e9couverte pour les tout-petits.<\/p>\n<\/div>\n<\/div>\n<\/div>\n<\/div>\n<\/div>\n<\/div>\n","protected":false},"featured_media":22217,"comment_status":"open","ping_status":"closed","template":"","meta":{"inline_featured_image":false},"product_cat":[3951,198],"product_tag":[],"class_list":{"0":"post-22216","1":"product","2":"type-product","3":"status-publish","4":"has-post-thumbnail","6":"product_cat-les-livres-cartonnes-anglais","7":"product_cat-livres-animes","9":"first","10":"instock","11":"shipping-taxable","12":"purchasable","13":"product-type-simple"},"_links":{"self":[{"href":"https:\/\/baralivres.ma\/index.php?rest_route=\/wp\/v2\/product\/22216","targetHints":{"allow":["GET"]}}],"collection":[{"href":"https:\/\/baralivres.ma\/index.php?rest_route=\/wp\/v2\/product"}],"about":[{"href":"https:\/\/baralivres.ma\/index.php?rest_route=\/wp\/v2\/types\/product"}],"replies":[{"embeddable":true,"href":"https:\/\/baralivres.ma\/index.php?rest_route=%2Fwp%2Fv2%2Fcomments&post=22216"}],"version-history":[{"count":1,"href":"https:\/\/baralivres.ma\/index.php?rest_route=\/wp\/v2\/product\/22216\/revisions"}],"predecessor-version":[{"id":22218,"href":"https:\/\/baralivres.ma\/index.php?rest_route=\/wp\/v2\/product\/22216\/revisions\/22218"}],"wp:featuredmedia":[{"embeddable":true,"href":"https:\/\/baralivres.ma\/index.php?rest_route=\/wp\/v2\/media\/22217"}],"wp:attachment":[{"href":"https:\/\/baralivres.ma\/index.php?rest_route=%2Fwp%2Fv2%2Fmedia&parent=22216"}],"wp:term":[{"taxonomy":"product_cat","embeddable":true,"href":"https:\/\/baralivres.ma\/index.php?rest_route=%2Fwp%2Fv2%2Fproduct_cat&post=22216"},{"taxonomy":"product_tag","embeddable":true,"href":"https:\/\/baralivres.ma\/index.php?rest_route=%2Fwp%2Fv2%2Fproduct_tag&post=22216"}],"curies":[{"name":"wp","href":"https:\/\/api.w.org\/{rel}","templated":true}]}}