{"id":22206,"date":"2024-11-18T13:00:36","date_gmt":"2024-11-18T12:00:36","guid":{"rendered":"https:\/\/baralivres.ma\/?post_type=product&#038;p=22206"},"modified":"2024-11-18T16:02:18","modified_gmt":"2024-11-18T15:02:18","slug":"lucy-the-lamb","status":"publish","type":"product","link":"https:\/\/baralivres.ma\/?product=lucy-the-lamb","title":{"rendered":"Lucy the Lamb"},"content":{"rendered":"<p>Plongez vos enfants dans l\u2019aventure de Lucy, un adorable agneau qui, sous un soleil d\u2019\u00e9t\u00e9 br\u00fblant, d\u00e9couvre une solution rafra\u00eechissante gr\u00e2ce \u00e0 Patch, le chien astucieux. Ce livre cartonn\u00e9 en forme unique est sp\u00e9cialement con\u00e7u pour captiver les petites mains curieuses et \u00e9veiller l\u2019imagination des plus jeunes.<\/p>\n<p>Avec son format compact (11,5 x 18 x 1,5 cm) et sa couverture rigide r\u00e9sistante, ce livre est parfait pour une utilisation \u00e0 la maison ou en voyage. Publi\u00e9 par North Parade Publishing, il garantit une qualit\u00e9 exceptionnelle.<\/p>\n<p>Id\u00e9al comme cadeau ou pour enrichir la biblioth\u00e8que de votre enfant, <strong>\u00ab\u00a0Lucy the Lamb\u00a0\u00bb<\/strong> promet des moments de partage, d\u2019\u00e9motions et de rires.<\/p>\n<p>Offrez \u00e0 vos petits lecteurs une aventure tendre et \u00e9ducative d\u00e8s aujourd\u2019hui !<\/p>\n","protected":false},"excerpt":{"rendered":"<div class=\"flex max-w-full flex-col flex-grow\">\n<div class=\"min-h-8 text-message flex w-full flex-col items-end gap-2 whitespace-normal break-words [.text-message+&amp;]:mt-5\" dir=\"auto\" data-message-author-role=\"assistant\" data-message-id=\"23607dd7-ffde-48a1-a884-baa8294734f6\" data-message-model-slug=\"gpt-4o\">\n<div class=\"flex w-full flex-col gap-1 empty:hidden first:pt-[3px]\">\n<div class=\"markdown prose w-full break-words dark:prose-invert light\">\n<p><strong>\u00ab\u00a0Lucy the Lamb\u00a0\u00bb<\/strong> est un adorable livre cartonn\u00e9 o\u00f9 Lucy, un agneau curieux, apprend \u00e0 se rafra\u00eechir gr\u00e2ce \u00e0 l\u2019ing\u00e9niosit\u00e9 de Patch le chien. Avec son format pratique et son histoire captivante, il promet des moments tendres et amusants pour les tout-petits.<\/p>\n<\/div>\n<\/div>\n<\/div>\n<\/div>\n","protected":false},"featured_media":22207,"comment_status":"open","ping_status":"closed","template":"","meta":{"inline_featured_image":false},"product_cat":[3951,198],"product_tag":[],"class_list":{"0":"post-22206","1":"product","2":"type-product","3":"status-publish","4":"has-post-thumbnail","6":"product_cat-les-livres-cartonnes-anglais","7":"product_cat-livres-animes","9":"first","10":"instock","11":"shipping-taxable","12":"purchasable","13":"product-type-simple"},"_links":{"self":[{"href":"https:\/\/baralivres.ma\/index.php?rest_route=\/wp\/v2\/product\/22206","targetHints":{"allow":["GET"]}}],"collection":[{"href":"https:\/\/baralivres.ma\/index.php?rest_route=\/wp\/v2\/product"}],"about":[{"href":"https:\/\/baralivres.ma\/index.php?rest_route=\/wp\/v2\/types\/product"}],"replies":[{"embeddable":true,"href":"https:\/\/baralivres.ma\/index.php?rest_route=%2Fwp%2Fv2%2Fcomments&post=22206"}],"version-history":[{"count":1,"href":"https:\/\/baralivres.ma\/index.php?rest_route=\/wp\/v2\/product\/22206\/revisions"}],"predecessor-version":[{"id":22208,"href":"https:\/\/baralivres.ma\/index.php?rest_route=\/wp\/v2\/product\/22206\/revisions\/22208"}],"wp:featuredmedia":[{"embeddable":true,"href":"https:\/\/baralivres.ma\/index.php?rest_route=\/wp\/v2\/media\/22207"}],"wp:attachment":[{"href":"https:\/\/baralivres.ma\/index.php?rest_route=%2Fwp%2Fv2%2Fmedia&parent=22206"}],"wp:term":[{"taxonomy":"product_cat","embeddable":true,"href":"https:\/\/baralivres.ma\/index.php?rest_route=%2Fwp%2Fv2%2Fproduct_cat&post=22206"},{"taxonomy":"product_tag","embeddable":true,"href":"https:\/\/baralivres.ma\/index.php?rest_route=%2Fwp%2Fv2%2Fproduct_tag&post=22206"}],"curies":[{"name":"wp","href":"https:\/\/api.w.org\/{rel}","templated":true}]}}