{"id":22199,"date":"2024-11-15T16:09:14","date_gmt":"2024-11-15T15:09:14","guid":{"rendered":"https:\/\/baralivres.ma\/?post_type=product&#038;p=22199"},"modified":"2024-11-15T16:09:16","modified_gmt":"2024-11-15T15:09:16","slug":"mes-licornes-a-peindre","status":"publish","type":"product","link":"https:\/\/baralivres.ma\/?product=mes-licornes-a-peindre","title":{"rendered":"MES LICORNES \u00c0 PEINDRE"},"content":{"rendered":"<p>Offrez \u00e0 vos enfants des heures de cr\u00e9ativit\u00e9 et de magie avec ce coffret unique ! Ils pourront personnaliser et d\u00e9corer 4 magnifiques figurines de licornes en pl\u00e2tre gr\u00e2ce aux nombreux accessoires inclus.<\/p>\n<p><strong>Le coffret contient tout ce qu\u2019il faut pour s\u2019amuser :<\/strong><\/p>\n<ul>\n<li>\ud83d\udd8c <strong>4 adorables licornes en pl\u00e2tre<\/strong> (6 \u00e0 9 cm) \u00e0 peindre et \u00e0 sublimer.<\/li>\n<li>\ud83c\udfa8 <strong>12 pots de peinture<\/strong> aux couleurs vives pour laisser libre cours \u00e0 leur imagination.<\/li>\n<li>\ud83d\udd8c <strong>2 pinceaux en bois<\/strong> (fin et plat) pour des d\u00e9tails soign\u00e9s.<\/li>\n<li>\ud83d\udcd6 <strong>Un livre de 20 coloriages<\/strong> en couleurs pour prolonger l\u2019aventure.<\/li>\n<li>\ud83d\udc8e <strong>400 strass autocollants<\/strong> (8 couleurs) pour une touche \u00e9tincelante.<\/li>\n<\/ul>\n","protected":false},"excerpt":{"rendered":"<p><strong>n cadeau parfait<\/strong> pour stimuler l\u2019imagination, la cr\u00e9ativit\u00e9 et la motricit\u00e9 des enfants tout en s\u2019amusant ! Transformez chaque licorne en une v\u00e9ritable \u0153uvre d&rsquo;art f\u00e9erique. \ud83e\udd84\ud83c\udf08<\/p>\n","protected":false},"featured_media":22204,"comment_status":"open","ping_status":"closed","template":"","meta":{"inline_featured_image":false},"product_cat":[3875,201,210],"product_tag":[],"class_list":{"0":"post-22199","1":"product","2":"type-product","3":"status-publish","4":"has-post-thumbnail","6":"product_cat-coffret-francais","7":"product_cat-coffret","8":"product_cat-activites-bebe-enfant","10":"first","11":"instock","12":"shipping-taxable","13":"purchasable","14":"product-type-simple"},"_links":{"self":[{"href":"https:\/\/baralivres.ma\/index.php?rest_route=\/wp\/v2\/product\/22199","targetHints":{"allow":["GET"]}}],"collection":[{"href":"https:\/\/baralivres.ma\/index.php?rest_route=\/wp\/v2\/product"}],"about":[{"href":"https:\/\/baralivres.ma\/index.php?rest_route=\/wp\/v2\/types\/product"}],"replies":[{"embeddable":true,"href":"https:\/\/baralivres.ma\/index.php?rest_route=%2Fwp%2Fv2%2Fcomments&post=22199"}],"version-history":[{"count":1,"href":"https:\/\/baralivres.ma\/index.php?rest_route=\/wp\/v2\/product\/22199\/revisions"}],"predecessor-version":[{"id":22205,"href":"https:\/\/baralivres.ma\/index.php?rest_route=\/wp\/v2\/product\/22199\/revisions\/22205"}],"wp:featuredmedia":[{"embeddable":true,"href":"https:\/\/baralivres.ma\/index.php?rest_route=\/wp\/v2\/media\/22204"}],"wp:attachment":[{"href":"https:\/\/baralivres.ma\/index.php?rest_route=%2Fwp%2Fv2%2Fmedia&parent=22199"}],"wp:term":[{"taxonomy":"product_cat","embeddable":true,"href":"https:\/\/baralivres.ma\/index.php?rest_route=%2Fwp%2Fv2%2Fproduct_cat&post=22199"},{"taxonomy":"product_tag","embeddable":true,"href":"https:\/\/baralivres.ma\/index.php?rest_route=%2Fwp%2Fv2%2Fproduct_tag&post=22199"}],"curies":[{"name":"wp","href":"https:\/\/api.w.org\/{rel}","templated":true}]}}