{"id":22185,"date":"2024-11-13T18:26:52","date_gmt":"2024-11-13T17:26:52","guid":{"rendered":"https:\/\/baralivres.ma\/?post_type=product&#038;p=22185"},"modified":"2024-11-13T18:26:52","modified_gmt":"2024-11-13T17:26:52","slug":"discover-chemistry-a-first-introduction-to-science","status":"publish","type":"product","link":"https:\/\/baralivres.ma\/?product=discover-chemistry-a-first-introduction-to-science","title":{"rendered":"DISCOVER CHEMISTRY &#8211; A FIRST INTRODUCTION TO SCIENCE"},"content":{"rendered":"<p>Le coffret <strong>Discover Chemistry &#8211; A First Introduction to Science<\/strong> offre une introduction captivante \u00e0 la chimie \u00e0 travers des exp\u00e9riences simples et amusantes. Id\u00e9al pour les jeunes curieux, il permet de d\u00e9couvrir les bases des r\u00e9actions chimiques, des propri\u00e9t\u00e9s des mat\u00e9riaux et des transformations scientifiques. Con\u00e7u pour \u00eatre pratique et s\u00e9curis\u00e9, ce kit encourage l&rsquo;exploration et la cr\u00e9ativit\u00e9 tout en d\u00e9veloppant une compr\u00e9hension des concepts chimiques fondamentaux. En manipulant les mat\u00e9riaux inclus, les enfants peuvent observer et comprendre les ph\u00e9nom\u00e8nes de mani\u00e8re directe. Parfait pour les petits scientifiques en herbe, il stimule leur esprit d&rsquo;analyse et leur esprit d&rsquo;investigation. Un moyen id\u00e9al pour partager la passion de la science et \u00e9veiller l\u2019int\u00e9r\u00eat pour la chimie d\u00e8s le plus jeune \u00e2ge. Ce coffret est aussi un excellent moyen de d\u00e9velopper la pens\u00e9e logique et la curiosit\u00e9 scientifique, tout en offrant des heures d&rsquo;apprentissage interactif. De plus, il est con\u00e7u pour \u00eatre facilement utilis\u00e9 \u00e0 la maison ou \u00e0 l&rsquo;\u00e9cole. Offrez-le comme un cadeau \u00e9ducatif et inspirant !<\/p>\n","protected":false},"excerpt":{"rendered":"<p>Le coffret <strong>Discover Chemistry &#8211; A First Introduction to Science<\/strong> permet d&rsquo;explorer la chimie \u00e0 travers des exp\u00e9riences amusantes et \u00e9ducatives. Id\u00e9al pour \u00e9veiller la curiosit\u00e9 scientifique des jeunes en d\u00e9couvrant les bases des r\u00e9actions chimiques et des transformations.<\/p>\n","protected":false},"featured_media":22187,"comment_status":"open","ping_status":"closed","template":"","meta":{"inline_featured_image":false},"product_cat":[3876,201],"product_tag":[],"class_list":{"0":"post-22185","1":"product","2":"type-product","3":"status-publish","4":"has-post-thumbnail","6":"product_cat-coffret-anglais","7":"product_cat-coffret","9":"first","10":"instock","11":"shipping-taxable","12":"purchasable","13":"product-type-simple"},"_links":{"self":[{"href":"https:\/\/baralivres.ma\/index.php?rest_route=\/wp\/v2\/product\/22185","targetHints":{"allow":["GET"]}}],"collection":[{"href":"https:\/\/baralivres.ma\/index.php?rest_route=\/wp\/v2\/product"}],"about":[{"href":"https:\/\/baralivres.ma\/index.php?rest_route=\/wp\/v2\/types\/product"}],"replies":[{"embeddable":true,"href":"https:\/\/baralivres.ma\/index.php?rest_route=%2Fwp%2Fv2%2Fcomments&post=22185"}],"version-history":[{"count":1,"href":"https:\/\/baralivres.ma\/index.php?rest_route=\/wp\/v2\/product\/22185\/revisions"}],"predecessor-version":[{"id":22188,"href":"https:\/\/baralivres.ma\/index.php?rest_route=\/wp\/v2\/product\/22185\/revisions\/22188"}],"wp:featuredmedia":[{"embeddable":true,"href":"https:\/\/baralivres.ma\/index.php?rest_route=\/wp\/v2\/media\/22187"}],"wp:attachment":[{"href":"https:\/\/baralivres.ma\/index.php?rest_route=%2Fwp%2Fv2%2Fmedia&parent=22185"}],"wp:term":[{"taxonomy":"product_cat","embeddable":true,"href":"https:\/\/baralivres.ma\/index.php?rest_route=%2Fwp%2Fv2%2Fproduct_cat&post=22185"},{"taxonomy":"product_tag","embeddable":true,"href":"https:\/\/baralivres.ma\/index.php?rest_route=%2Fwp%2Fv2%2Fproduct_tag&post=22185"}],"curies":[{"name":"wp","href":"https:\/\/api.w.org\/{rel}","templated":true}]}}