{"id":22175,"date":"2024-11-13T18:12:13","date_gmt":"2024-11-13T17:12:13","guid":{"rendered":"https:\/\/baralivres.ma\/?post_type=product&#038;p=22175"},"modified":"2024-11-13T18:12:15","modified_gmt":"2024-11-13T17:12:15","slug":"treasury-of-safari-tales","status":"publish","type":"product","link":"https:\/\/baralivres.ma\/?product=treasury-of-safari-tales","title":{"rendered":"Treasury of safari tales"},"content":{"rendered":"<p><strong>D\u00e9couvrez <em>Treasury of Safari Tales<\/em> : un voyage fascinant dans la savane africaine !<\/strong><\/p>\n<p>Embarquez pour une aventure passionnante o\u00f9 les jeunes lecteurs rencontreront des animaux sauvages, des explorateurs courageux et des paysages exotiques. Chaque histoire est remplie de d\u00e9couvertes, de surprises et de le\u00e7ons importantes sur la nature, le respect des animaux et l&rsquo;amiti\u00e9.<\/p>\n<p>Les r\u00e9cits captivants et les illustrations vibrantes plongent les enfants dans l&rsquo;univers magique de la safari, stimulant leur imagination et leur curiosit\u00e9. <em>Treasury of Safari Tales<\/em> est id\u00e9al pour \u00e9veiller l\u2019amour de la faune et de la flore tout en apprenant des valeurs essentielles.<\/p>\n<p>Un livre parfait pour les enfants de 4 \u00e0 8 ans, offrant des moments de lecture \u00e9ducatifs et amusants. Offrez-le \u00e0 votre enfant pour un voyage inoubliable dans la savane !<em>Treasury of Safari Tales<\/em> est un recueil captivant d&rsquo;histoires d&rsquo;animaux sauvages et d&rsquo;aventures dans la savane, parfait pour \u00e9veiller la curiosit\u00e9 des enfants. Id\u00e9al pour les 4 \u00e0 8 ans, il combine magie, d\u00e9couverte et le\u00e7ons pr\u00e9cieuses sur la nature et l&rsquo;amiti\u00e9.<\/p>\n","protected":false},"excerpt":{"rendered":"<p><em>Treasury of Safari Tales<\/em> est un recueil captivant d&rsquo;histoires d&rsquo;animaux sauvages et d&rsquo;aventures dans la savane, parfait pour \u00e9veiller la curiosit\u00e9 des enfants. Id\u00e9al pour les 4 \u00e0 8 ans, il combine magie, d\u00e9couverte et le\u00e7ons pr\u00e9cieuses sur la nature et l&rsquo;amiti\u00e9.<\/p>\n","protected":false},"featured_media":22176,"comment_status":"open","ping_status":"closed","template":"","meta":{"inline_featured_image":false},"product_cat":[3878,199],"product_tag":[],"class_list":{"0":"post-22175","1":"product","2":"type-product","3":"status-publish","4":"has-post-thumbnail","6":"product_cat-les-histoires-anglais","7":"product_cat-histoires","9":"first","10":"instock","11":"shipping-taxable","12":"purchasable","13":"product-type-simple"},"_links":{"self":[{"href":"https:\/\/baralivres.ma\/index.php?rest_route=\/wp\/v2\/product\/22175","targetHints":{"allow":["GET"]}}],"collection":[{"href":"https:\/\/baralivres.ma\/index.php?rest_route=\/wp\/v2\/product"}],"about":[{"href":"https:\/\/baralivres.ma\/index.php?rest_route=\/wp\/v2\/types\/product"}],"replies":[{"embeddable":true,"href":"https:\/\/baralivres.ma\/index.php?rest_route=%2Fwp%2Fv2%2Fcomments&post=22175"}],"version-history":[{"count":1,"href":"https:\/\/baralivres.ma\/index.php?rest_route=\/wp\/v2\/product\/22175\/revisions"}],"predecessor-version":[{"id":22177,"href":"https:\/\/baralivres.ma\/index.php?rest_route=\/wp\/v2\/product\/22175\/revisions\/22177"}],"wp:featuredmedia":[{"embeddable":true,"href":"https:\/\/baralivres.ma\/index.php?rest_route=\/wp\/v2\/media\/22176"}],"wp:attachment":[{"href":"https:\/\/baralivres.ma\/index.php?rest_route=%2Fwp%2Fv2%2Fmedia&parent=22175"}],"wp:term":[{"taxonomy":"product_cat","embeddable":true,"href":"https:\/\/baralivres.ma\/index.php?rest_route=%2Fwp%2Fv2%2Fproduct_cat&post=22175"},{"taxonomy":"product_tag","embeddable":true,"href":"https:\/\/baralivres.ma\/index.php?rest_route=%2Fwp%2Fv2%2Fproduct_tag&post=22175"}],"curies":[{"name":"wp","href":"https:\/\/api.w.org\/{rel}","templated":true}]}}