{"id":22169,"date":"2024-11-13T18:01:42","date_gmt":"2024-11-13T17:01:42","guid":{"rendered":"https:\/\/baralivres.ma\/?post_type=product&#038;p=22169"},"modified":"2024-11-13T18:01:43","modified_gmt":"2024-11-13T17:01:43","slug":"princess-esme-and-her-royal-adventures","status":"publish","type":"product","link":"https:\/\/baralivres.ma\/?product=princess-esme-and-her-royal-adventures","title":{"rendered":"Princess Esme And Her Royal Adventures"},"content":{"rendered":"<p>Embarquez pour un voyage magique aux c\u00f4t\u00e9s de la courageuse princesse Esme, une h\u00e9ro\u00efne pleine de charme et de d\u00e9termination. Ce livre captivant emm\u00e8ne les jeunes lecteurs dans un univers f\u00e9erique o\u00f9 se m\u00ealent myst\u00e8re, amiti\u00e9 et aventures palpitantes.<\/p>\n<p>Avec des personnages attachants et une histoire fascinante, <em>Princess Esme and Her Royal Adventure<\/em> est l&rsquo;occasion parfaite d&rsquo;\u00e9veiller l&rsquo;imagination des enfants, tout en leur enseignant des valeurs importantes comme le courage, la gentillesse et la pers\u00e9v\u00e9rance.<\/p>\n<p>Id\u00e9al pour les petites princesses de 4 \u00e0 8 ans, ce livre est un cadeau merveilleux qui fera briller les yeux des enfants et enrichira leurs moments de lecture. Offrez-le et laissez-les d\u00e9couvrir un monde royal rempli de r\u00eaves et de surprises !<\/p>\n","protected":false},"excerpt":{"rendered":"<p><em>Princess Esme and Her Royal Adventure<\/em> de Grace Swanton suit les aventures fascinantes de la princesse Esme dans un monde magique, rempli de myst\u00e8re et d&rsquo;amiti\u00e9. Un livre id\u00e9al pour les enfants de 4 \u00e0 8 ans, qui allie aventure, courage et valeurs importantes.<\/p>\n","protected":false},"featured_media":22170,"comment_status":"open","ping_status":"closed","template":"","meta":{"inline_featured_image":false},"product_cat":[3878,199],"product_tag":[],"class_list":{"0":"post-22169","1":"product","2":"type-product","3":"status-publish","4":"has-post-thumbnail","6":"product_cat-les-histoires-anglais","7":"product_cat-histoires","8":"pa_auteurs-grace-swanton","10":"first","11":"instock","12":"shipping-taxable","13":"purchasable","14":"product-type-simple"},"_links":{"self":[{"href":"https:\/\/baralivres.ma\/index.php?rest_route=\/wp\/v2\/product\/22169","targetHints":{"allow":["GET"]}}],"collection":[{"href":"https:\/\/baralivres.ma\/index.php?rest_route=\/wp\/v2\/product"}],"about":[{"href":"https:\/\/baralivres.ma\/index.php?rest_route=\/wp\/v2\/types\/product"}],"replies":[{"embeddable":true,"href":"https:\/\/baralivres.ma\/index.php?rest_route=%2Fwp%2Fv2%2Fcomments&post=22169"}],"version-history":[{"count":1,"href":"https:\/\/baralivres.ma\/index.php?rest_route=\/wp\/v2\/product\/22169\/revisions"}],"predecessor-version":[{"id":22171,"href":"https:\/\/baralivres.ma\/index.php?rest_route=\/wp\/v2\/product\/22169\/revisions\/22171"}],"wp:featuredmedia":[{"embeddable":true,"href":"https:\/\/baralivres.ma\/index.php?rest_route=\/wp\/v2\/media\/22170"}],"wp:attachment":[{"href":"https:\/\/baralivres.ma\/index.php?rest_route=%2Fwp%2Fv2%2Fmedia&parent=22169"}],"wp:term":[{"taxonomy":"product_cat","embeddable":true,"href":"https:\/\/baralivres.ma\/index.php?rest_route=%2Fwp%2Fv2%2Fproduct_cat&post=22169"},{"taxonomy":"product_tag","embeddable":true,"href":"https:\/\/baralivres.ma\/index.php?rest_route=%2Fwp%2Fv2%2Fproduct_tag&post=22169"}],"curies":[{"name":"wp","href":"https:\/\/api.w.org\/{rel}","templated":true}]}}