{"id":22165,"date":"2024-11-13T17:49:15","date_gmt":"2024-11-13T16:49:15","guid":{"rendered":"https:\/\/baralivres.ma\/?post_type=product&#038;p=22165"},"modified":"2024-11-13T17:58:33","modified_gmt":"2024-11-13T16:58:33","slug":"treasury-of-fairy-tales","status":"publish","type":"product","link":"https:\/\/baralivres.ma\/?product=treasury-of-fairy-tales","title":{"rendered":"TREASURY OF FAIRY TALES"},"content":{"rendered":"<p>Plongez dans un monde f\u00e9erique avec ce magnifique recueil de contes classiques, richement illustr\u00e9. Adapt\u00e9 aux enfants, il regroupe des histoires intemporelles de princesses, d\u2019animaux parlants et de cr\u00e9atures merveilleuses.<\/p>\n<p>Chaque conte est racont\u00e9 de mani\u00e8re captivante, avec des personnages attachants et des le\u00e7ons pr\u00e9cieuses. Les illustrations vibrantes ajoutent une dimension visuelle qui \u00e9merveille et fascine les jeunes esprits.<\/p>\n<p><em>Treasury of Fairy Tales<\/em> est l&rsquo;outil id\u00e9al pour introduire les enfants au monde des contes et \u00e9veiller leur imagination. Parfait pour des soir\u00e9es douces et r\u00e9confortantes, il cr\u00e9e des souvenirs pr\u00e9cieux et des moments de complicit\u00e9.<\/p>\n<p>Un recueil incontournable qui fera r\u00eaver toute la famille !<\/p>\n","protected":false},"excerpt":{"rendered":"<p><em>Treasury of Fairy Tales<\/em> de Gemma Cary et Kelly Caswell est un recueil enchanteur de contes classiques, richement illustr\u00e9 pour \u00e9merveiller les enfants. Parfait pour stimuler l&rsquo;imagination, il offre des histoires intemporelles pleines de magie et de le\u00e7ons pr\u00e9cieuses.<\/p>\n","protected":false},"featured_media":22166,"comment_status":"open","ping_status":"closed","template":"","meta":{"inline_featured_image":false},"product_cat":[3878,199],"product_tag":[],"class_list":{"0":"post-22165","1":"product","2":"type-product","3":"status-publish","4":"has-post-thumbnail","6":"product_cat-les-histoires-anglais","7":"product_cat-histoires","8":"pa_auteurs-gemma-cary","9":"pa_auteurs-kelly-caswell","11":"first","12":"instock","13":"shipping-taxable","14":"purchasable","15":"product-type-simple"},"_links":{"self":[{"href":"https:\/\/baralivres.ma\/index.php?rest_route=\/wp\/v2\/product\/22165","targetHints":{"allow":["GET"]}}],"collection":[{"href":"https:\/\/baralivres.ma\/index.php?rest_route=\/wp\/v2\/product"}],"about":[{"href":"https:\/\/baralivres.ma\/index.php?rest_route=\/wp\/v2\/types\/product"}],"replies":[{"embeddable":true,"href":"https:\/\/baralivres.ma\/index.php?rest_route=%2Fwp%2Fv2%2Fcomments&post=22165"}],"version-history":[{"count":1,"href":"https:\/\/baralivres.ma\/index.php?rest_route=\/wp\/v2\/product\/22165\/revisions"}],"predecessor-version":[{"id":22167,"href":"https:\/\/baralivres.ma\/index.php?rest_route=\/wp\/v2\/product\/22165\/revisions\/22167"}],"wp:featuredmedia":[{"embeddable":true,"href":"https:\/\/baralivres.ma\/index.php?rest_route=\/wp\/v2\/media\/22166"}],"wp:attachment":[{"href":"https:\/\/baralivres.ma\/index.php?rest_route=%2Fwp%2Fv2%2Fmedia&parent=22165"}],"wp:term":[{"taxonomy":"product_cat","embeddable":true,"href":"https:\/\/baralivres.ma\/index.php?rest_route=%2Fwp%2Fv2%2Fproduct_cat&post=22165"},{"taxonomy":"product_tag","embeddable":true,"href":"https:\/\/baralivres.ma\/index.php?rest_route=%2Fwp%2Fv2%2Fproduct_tag&post=22165"}],"curies":[{"name":"wp","href":"https:\/\/api.w.org\/{rel}","templated":true}]}}