{"id":22159,"date":"2024-11-13T17:39:04","date_gmt":"2024-11-13T16:39:04","guid":{"rendered":"https:\/\/baralivres.ma\/?post_type=product&#038;p=22159"},"modified":"2024-11-13T17:39:05","modified_gmt":"2024-11-13T16:39:05","slug":"my-first-bedtime-stories","status":"publish","type":"product","link":"https:\/\/baralivres.ma\/?product=my-first-bedtime-stories","title":{"rendered":"My First Bedtime Stories"},"content":{"rendered":"<p>Offrez \u00e0 votre enfant un voyage merveilleux avant de s&rsquo;endormir avec cette collection de contes de f\u00e9es, con\u00e7ue pour captiver les petits lecteurs d\u00e8s leur plus jeune \u00e2ge. Chaque histoire, soigneusement \u00e9crite et accompagn\u00e9e d&rsquo;illustrations vibrantes, transporte les enfants dans un univers magique o\u00f9 l&rsquo;imagination prend vie.<\/p>\n<p>Que ce soit pour apprendre de nouvelles valeurs ou simplement passer un moment complice, <em>My First Bedtime Stories<\/em> est le livre parfait pour des soir\u00e9es calmes et pleines de tendresse. Adapt\u00e9 aux enfants de 3 \u00e0 7 ans, il favorise l&rsquo;\u00e9veil \u00e0 la lecture, tout en offrant une fin douce pour garantir des r\u00eaves paisibles.<\/p>\n<p>Faites de chaque coucher un moment sp\u00e9cial avec des histoires qui resteront dans le c\u0153ur de votre enfant. Un v\u00e9ritable incontournable pour toute famille !<\/p>\n","protected":false},"excerpt":{"rendered":"<p><em>My First Bedtime Stories<\/em> est une collection de contes magiques et illustr\u00e9s, id\u00e9ale pour les enfants de 3 \u00e0 7 ans. Parfait pour instaurer une routine de lecture apaisante avant le coucher, tout en \u00e9veillant l&rsquo;imagination et les valeurs.<\/p>\n","protected":false},"featured_media":22160,"comment_status":"open","ping_status":"closed","template":"","meta":{"inline_featured_image":false},"product_cat":[3878,199],"product_tag":[],"class_list":{"0":"post-22159","1":"product","2":"type-product","3":"status-publish","4":"has-post-thumbnail","6":"product_cat-les-histoires-anglais","7":"product_cat-histoires","9":"first","10":"instock","11":"shipping-taxable","12":"purchasable","13":"product-type-simple"},"_links":{"self":[{"href":"https:\/\/baralivres.ma\/index.php?rest_route=\/wp\/v2\/product\/22159","targetHints":{"allow":["GET"]}}],"collection":[{"href":"https:\/\/baralivres.ma\/index.php?rest_route=\/wp\/v2\/product"}],"about":[{"href":"https:\/\/baralivres.ma\/index.php?rest_route=\/wp\/v2\/types\/product"}],"replies":[{"embeddable":true,"href":"https:\/\/baralivres.ma\/index.php?rest_route=%2Fwp%2Fv2%2Fcomments&post=22159"}],"version-history":[{"count":1,"href":"https:\/\/baralivres.ma\/index.php?rest_route=\/wp\/v2\/product\/22159\/revisions"}],"predecessor-version":[{"id":22161,"href":"https:\/\/baralivres.ma\/index.php?rest_route=\/wp\/v2\/product\/22159\/revisions\/22161"}],"wp:featuredmedia":[{"embeddable":true,"href":"https:\/\/baralivres.ma\/index.php?rest_route=\/wp\/v2\/media\/22160"}],"wp:attachment":[{"href":"https:\/\/baralivres.ma\/index.php?rest_route=%2Fwp%2Fv2%2Fmedia&parent=22159"}],"wp:term":[{"taxonomy":"product_cat","embeddable":true,"href":"https:\/\/baralivres.ma\/index.php?rest_route=%2Fwp%2Fv2%2Fproduct_cat&post=22159"},{"taxonomy":"product_tag","embeddable":true,"href":"https:\/\/baralivres.ma\/index.php?rest_route=%2Fwp%2Fv2%2Fproduct_tag&post=22159"}],"curies":[{"name":"wp","href":"https:\/\/api.w.org\/{rel}","templated":true}]}}