{"id":22153,"date":"2024-11-13T17:32:15","date_gmt":"2024-11-13T16:32:15","guid":{"rendered":"https:\/\/baralivres.ma\/?post_type=product&#038;p=22153"},"modified":"2024-11-13T17:32:16","modified_gmt":"2024-11-13T16:32:16","slug":"discover-dinosaurs-educational-box-set","status":"publish","type":"product","link":"https:\/\/baralivres.ma\/?product=discover-dinosaurs-educational-box-set","title":{"rendered":"Discover Dinosaurs &#8211; Educational Box Set"},"content":{"rendered":"<p>Le <strong>Discover Dinosaurs &#8211; Educational Box Set<\/strong> vous plonge dans l&rsquo;univers incroyable des dinosaures ! Ce coffret interactif offre une exploration fascinante de ces cr\u00e9atures pr\u00e9historiques, avec des illustrations d\u00e9taill\u00e9es et des informations captivantes. Apprenez comment les dinosaures vivaient, leurs habitudes alimentaires et pourquoi ils ont disparu. Id\u00e9al pour les jeunes pal\u00e9ontologues, ce coffret stimule la curiosit\u00e9 et l&rsquo;esprit scientifique tout en offrant une aventure \u00e9ducative. Gr\u00e2ce \u00e0 des faits surprenants et des anecdotes passionnantes, il permet de d\u00e9couvrir l&rsquo;\u00e9volution de ces g\u00e9ants de la Terre. Parfait pour les enfants comme les adultes, il offre une exp\u00e9rience immersive et ludique pour tous les passionn\u00e9s de pr\u00e9histoire. Un outil d\u2019apprentissage id\u00e9al pour \u00e9veiller l\u2019imagination et nourrir la passion des dinosaures !<\/p>\n","protected":false},"excerpt":{"rendered":"<div class=\"flex-shrink-0 flex flex-col relative items-end\">\n<div>\n<div class=\"pt-0\">\n<div class=\"gizmo-bot-avatar flex h-8 w-8 items-center justify-center overflow-hidden rounded-full\">\n<div class=\"relative p-1 rounded-sm flex items-center justify-center bg-token-main-surface-primary text-token-text-primary h-8 w-8\"><\/div>\n<\/div>\n<\/div>\n<\/div>\n<\/div>\n<div class=\"group\/conversation-turn relative flex w-full min-w-0 flex-col agent-turn\">\n<div class=\"flex-col gap-1 md:gap-3\">\n<div class=\"flex max-w-full flex-col flex-grow\">\n<div class=\"min-h-8 text-message flex w-full flex-col items-end gap-2 whitespace-normal break-words [.text-message+&amp;]:mt-5\" dir=\"auto\" data-message-author-role=\"assistant\" data-message-id=\"7e38bf57-a40c-45a2-812e-f49670cf787a\" data-message-model-slug=\"gpt-4o-mini\">\n<div class=\"flex w-full flex-col gap-1 empty:hidden first:pt-[3px]\">\n<div class=\"markdown prose w-full break-words dark:prose-invert light\">\n<p>Le <strong>Discover Dinosaurs &#8211; Educational Box Set<\/strong> offre une exploration fascinante des dinosaures, avec des illustrations et informations captivantes. Parfait pour \u00e9veiller la curiosit\u00e9 des jeunes passionn\u00e9s de pal\u00e9ontologie !<\/p>\n<\/div>\n<\/div>\n<\/div>\n<\/div>\n<\/div>\n<\/div>\n","protected":false},"featured_media":22154,"comment_status":"open","ping_status":"closed","template":"","meta":{"inline_featured_image":false},"product_cat":[3876,201],"product_tag":[],"class_list":{"0":"post-22153","1":"product","2":"type-product","3":"status-publish","4":"has-post-thumbnail","6":"product_cat-coffret-anglais","7":"product_cat-coffret","9":"first","10":"instock","11":"shipping-taxable","12":"purchasable","13":"product-type-simple"},"_links":{"self":[{"href":"https:\/\/baralivres.ma\/index.php?rest_route=\/wp\/v2\/product\/22153","targetHints":{"allow":["GET"]}}],"collection":[{"href":"https:\/\/baralivres.ma\/index.php?rest_route=\/wp\/v2\/product"}],"about":[{"href":"https:\/\/baralivres.ma\/index.php?rest_route=\/wp\/v2\/types\/product"}],"replies":[{"embeddable":true,"href":"https:\/\/baralivres.ma\/index.php?rest_route=%2Fwp%2Fv2%2Fcomments&post=22153"}],"version-history":[{"count":1,"href":"https:\/\/baralivres.ma\/index.php?rest_route=\/wp\/v2\/product\/22153\/revisions"}],"predecessor-version":[{"id":22157,"href":"https:\/\/baralivres.ma\/index.php?rest_route=\/wp\/v2\/product\/22153\/revisions\/22157"}],"wp:featuredmedia":[{"embeddable":true,"href":"https:\/\/baralivres.ma\/index.php?rest_route=\/wp\/v2\/media\/22154"}],"wp:attachment":[{"href":"https:\/\/baralivres.ma\/index.php?rest_route=%2Fwp%2Fv2%2Fmedia&parent=22153"}],"wp:term":[{"taxonomy":"product_cat","embeddable":true,"href":"https:\/\/baralivres.ma\/index.php?rest_route=%2Fwp%2Fv2%2Fproduct_cat&post=22153"},{"taxonomy":"product_tag","embeddable":true,"href":"https:\/\/baralivres.ma\/index.php?rest_route=%2Fwp%2Fv2%2Fproduct_tag&post=22153"}],"curies":[{"name":"wp","href":"https:\/\/api.w.org\/{rel}","templated":true}]}}