{"id":22134,"date":"2024-11-13T17:07:06","date_gmt":"2024-11-13T16:07:06","guid":{"rendered":"https:\/\/baralivres.ma\/?post_type=product&#038;p=22134"},"modified":"2024-11-13T17:07:07","modified_gmt":"2024-11-13T16:07:07","slug":"wol-saving-planet-earth","status":"publish","type":"product","link":"https:\/\/baralivres.ma\/?product=wol-saving-planet-earth","title":{"rendered":"WOL SAVING PLANET EARTH"},"content":{"rendered":"<div class=\"flex-shrink-0 flex flex-col relative items-end\">\n<div>\n<div class=\"pt-0\">\n<div class=\"gizmo-bot-avatar flex h-8 w-8 items-center justify-center overflow-hidden rounded-full\">\n<div class=\"relative p-1 rounded-sm flex items-center justify-center bg-token-main-surface-primary text-token-text-primary h-8 w-8\"><\/div>\n<\/div>\n<\/div>\n<\/div>\n<\/div>\n<div class=\"group\/conversation-turn relative flex w-full min-w-0 flex-col agent-turn\">\n<div class=\"flex-col gap-1 md:gap-3\">\n<div class=\"flex max-w-full flex-col flex-grow\">\n<div class=\"min-h-8 text-message flex w-full flex-col items-end gap-2 whitespace-normal break-words [.text-message+&amp;]:mt-5\" dir=\"auto\" data-message-author-role=\"assistant\" data-message-id=\"37d6502a-1fc9-4851-81d4-533dfbc710ed\" data-message-model-slug=\"gpt-4o\">\n<div class=\"flex w-full flex-col gap-1 empty:hidden first:pt-[3px]\">\n<div class=\"markdown prose w-full break-words dark:prose-invert light\">\n<p>D\u00e9couvrez <strong>Saving Planet Earth<\/strong> : un coffret essentiel pour sensibiliser petits et grands aux enjeux de notre plan\u00e8te. Ce livre explore les d\u00e9fis environnementaux les plus urgents, des changements climatiques \u00e0 la protection des \u00e9cosyst\u00e8mes, avec des informations claires et des solutions pratiques. Gr\u00e2ce \u00e0 des illustrations vibrantes et des explications accessibles, il invite les lecteurs \u00e0 comprendre l&rsquo;impact de leurs actions quotidiennes. Ce coffret \u00e9ducatif est id\u00e9al pour cultiver un esprit \u00e9coresponsable et encourager des gestes durables. Cadeau parfait pour les passionn\u00e9s de nature et d\u2019\u00e9cologie, il fait de chaque lecteur un acteur du changement pour un avenir meilleur !<\/p>\n<\/div>\n<\/div>\n<\/div>\n<\/div>\n<\/div>\n<\/div>\n","protected":false},"excerpt":{"rendered":"<p><strong>Saving Planet Earth<\/strong> est un coffret \u00e9ducatif qui sensibilise aux d\u00e9fis environnementaux et encourage des actions durables pour prot\u00e9ger notre plan\u00e8te. Parfait pour inspirer petits et grands \u00e0 devenir des acteurs du changement !<\/p>\n","protected":false},"featured_media":22138,"comment_status":"open","ping_status":"closed","template":"","meta":{"inline_featured_image":false},"product_cat":[3876,201],"product_tag":[],"class_list":{"0":"post-22134","1":"product","2":"type-product","3":"status-publish","4":"has-post-thumbnail","6":"product_cat-coffret-anglais","7":"product_cat-coffret","9":"first","10":"instock","11":"shipping-taxable","12":"purchasable","13":"product-type-simple"},"_links":{"self":[{"href":"https:\/\/baralivres.ma\/index.php?rest_route=\/wp\/v2\/product\/22134","targetHints":{"allow":["GET"]}}],"collection":[{"href":"https:\/\/baralivres.ma\/index.php?rest_route=\/wp\/v2\/product"}],"about":[{"href":"https:\/\/baralivres.ma\/index.php?rest_route=\/wp\/v2\/types\/product"}],"replies":[{"embeddable":true,"href":"https:\/\/baralivres.ma\/index.php?rest_route=%2Fwp%2Fv2%2Fcomments&post=22134"}],"version-history":[{"count":1,"href":"https:\/\/baralivres.ma\/index.php?rest_route=\/wp\/v2\/product\/22134\/revisions"}],"predecessor-version":[{"id":22139,"href":"https:\/\/baralivres.ma\/index.php?rest_route=\/wp\/v2\/product\/22134\/revisions\/22139"}],"wp:featuredmedia":[{"embeddable":true,"href":"https:\/\/baralivres.ma\/index.php?rest_route=\/wp\/v2\/media\/22138"}],"wp:attachment":[{"href":"https:\/\/baralivres.ma\/index.php?rest_route=%2Fwp%2Fv2%2Fmedia&parent=22134"}],"wp:term":[{"taxonomy":"product_cat","embeddable":true,"href":"https:\/\/baralivres.ma\/index.php?rest_route=%2Fwp%2Fv2%2Fproduct_cat&post=22134"},{"taxonomy":"product_tag","embeddable":true,"href":"https:\/\/baralivres.ma\/index.php?rest_route=%2Fwp%2Fv2%2Fproduct_tag&post=22134"}],"curies":[{"name":"wp","href":"https:\/\/api.w.org\/{rel}","templated":true}]}}