{"id":22118,"date":"2024-11-12T18:20:32","date_gmt":"2024-11-12T17:20:32","guid":{"rendered":"https:\/\/baralivres.ma\/?post_type=product&#038;p=22118"},"modified":"2024-11-12T18:20:33","modified_gmt":"2024-11-12T17:20:33","slug":"discover-the-human-body-educational-box-set","status":"publish","type":"product","link":"https:\/\/baralivres.ma\/?product=discover-the-human-body-educational-box-set","title":{"rendered":"Discover The Human Body &#8211; Educational Box Set"},"content":{"rendered":"<p><strong>D\u00e9couvrez <em>Discover The Human Body &#8211; Educational Box Set<\/em> :<\/strong> Ce coffret \u00e9ducatif offre une exploration fascinante du corps humain, permettant aux enfants de comprendre son fonctionnement de mani\u00e8re ludique. \u00c0 travers des mod\u00e8les en 3D, des jeux interactifs et des fiches informatives, les jeunes scientifiques apprendront les diff\u00e9rents syst\u00e8mes du corps, comme le circulatoire, digestif et nerveux. Le kit inclut des activit\u00e9s pratiques pour observer le c\u0153ur, les os et les muscles, et les enfants pourront m\u00eame recr\u00e9er des exp\u00e9riences li\u00e9es \u00e0 la biologie humaine. Parfait pour \u00e9veiller l\u2019int\u00e9r\u00eat pour la m\u00e9decine et la biologie, ce coffret encourage la curiosit\u00e9 et l\u2019observation. Con\u00e7u pour les enfants d\u00e8s 6 ans, il aide \u00e0 d\u00e9velopper des connaissances solides sur le corps tout en s\u2019amusant. Un outil \u00e9ducatif essentiel pour les futurs m\u00e9decins, biologistes et curieux du monde qui les entoure. Un cadeau id\u00e9al pour apprendre tout en jouant !<\/p>\n","protected":false},"excerpt":{"rendered":"<p><em>Discover The Human Body &#8211; Educational Box Set<\/em> permet aux enfants d&rsquo;explorer le corps humain \u00e0 travers des mod\u00e8les 3D, des jeux et des activit\u00e9s interactives. Un coffret id\u00e9al pour \u00e9veiller leur curiosit\u00e9 scientifique et leur compr\u00e9hension de la biologie d\u00e8s 6 ans.<\/p>\n","protected":false},"featured_media":22119,"comment_status":"open","ping_status":"closed","template":"","meta":{"inline_featured_image":false},"product_cat":[3876,201],"product_tag":[],"class_list":{"0":"post-22118","1":"product","2":"type-product","3":"status-publish","4":"has-post-thumbnail","6":"product_cat-coffret-anglais","7":"product_cat-coffret","9":"first","10":"instock","11":"shipping-taxable","12":"purchasable","13":"product-type-simple"},"_links":{"self":[{"href":"https:\/\/baralivres.ma\/index.php?rest_route=\/wp\/v2\/product\/22118","targetHints":{"allow":["GET"]}}],"collection":[{"href":"https:\/\/baralivres.ma\/index.php?rest_route=\/wp\/v2\/product"}],"about":[{"href":"https:\/\/baralivres.ma\/index.php?rest_route=\/wp\/v2\/types\/product"}],"replies":[{"embeddable":true,"href":"https:\/\/baralivres.ma\/index.php?rest_route=%2Fwp%2Fv2%2Fcomments&post=22118"}],"version-history":[{"count":1,"href":"https:\/\/baralivres.ma\/index.php?rest_route=\/wp\/v2\/product\/22118\/revisions"}],"predecessor-version":[{"id":22124,"href":"https:\/\/baralivres.ma\/index.php?rest_route=\/wp\/v2\/product\/22118\/revisions\/22124"}],"wp:featuredmedia":[{"embeddable":true,"href":"https:\/\/baralivres.ma\/index.php?rest_route=\/wp\/v2\/media\/22119"}],"wp:attachment":[{"href":"https:\/\/baralivres.ma\/index.php?rest_route=%2Fwp%2Fv2%2Fmedia&parent=22118"}],"wp:term":[{"taxonomy":"product_cat","embeddable":true,"href":"https:\/\/baralivres.ma\/index.php?rest_route=%2Fwp%2Fv2%2Fproduct_cat&post=22118"},{"taxonomy":"product_tag","embeddable":true,"href":"https:\/\/baralivres.ma\/index.php?rest_route=%2Fwp%2Fv2%2Fproduct_tag&post=22118"}],"curies":[{"name":"wp","href":"https:\/\/api.w.org\/{rel}","templated":true}]}}