{"id":22104,"date":"2024-11-12T18:03:56","date_gmt":"2024-11-12T17:03:56","guid":{"rendered":"https:\/\/baralivres.ma\/?post_type=product&#038;p=22104"},"modified":"2024-11-12T18:03:57","modified_gmt":"2024-11-12T17:03:57","slug":"discover-earthquakes-volcanoes","status":"publish","type":"product","link":"https:\/\/baralivres.ma\/?product=discover-earthquakes-volcanoes","title":{"rendered":"Discover Earthquakes &#038; Volcanoes"},"content":{"rendered":"<p><strong>D\u00e9couvrez <em>Discover Earthquakes &amp; Volcanoes<\/em> :<\/strong> Ce coffret \u00e9ducatif plonge les enfants dans le monde fascinant des tremblements de terre et des volcans. \u00c0 travers des exp\u00e9riences interactives et des mod\u00e8les, ils apprendront pourquoi ces ph\u00e9nom\u00e8nes se produisent et comment ils fa\u00e7onnent notre plan\u00e8te. Le kit inclut des cartes, des informations passionnantes et des jeux pratiques pour comprendre la g\u00e9ologie, la tectonique des plaques et les forces naturelles. Les enfants pourront recr\u00e9er des \u00e9ruptions volcaniques et simuler des tremblements de terre \u00e0 la maison. Parfait pour \u00e9veiller la curiosit\u00e9 scientifique d\u00e8s 6 ans, ce coffret stimule l\u2019observation et l\u2019analyse. Un excellent moyen de rendre l&rsquo;apprentissage de la g\u00e9ographie et des sciences naturelles amusant et pratique. Un cadeau id\u00e9al pour les futurs g\u00e9ologues en herbe !<\/p>\n","protected":false},"excerpt":{"rendered":"<div class=\"flex-shrink-0 flex flex-col relative items-end\">\n<div>\n<div class=\"pt-0\">\n<div class=\"gizmo-bot-avatar flex h-8 w-8 items-center justify-center overflow-hidden rounded-full\">\n<div class=\"relative p-1 rounded-sm flex items-center justify-center bg-token-main-surface-primary text-token-text-primary h-8 w-8\"><\/div>\n<\/div>\n<\/div>\n<\/div>\n<\/div>\n<div class=\"group\/conversation-turn relative flex w-full min-w-0 flex-col agent-turn\">\n<div class=\"flex-col gap-1 md:gap-3\">\n<div class=\"flex max-w-full flex-col flex-grow\">\n<div class=\"min-h-8 text-message flex w-full flex-col items-end gap-2 whitespace-normal break-words [.text-message+&amp;]:mt-5\" dir=\"auto\" data-message-author-role=\"assistant\" data-message-id=\"e389d834-471e-4c88-a3b7-40cf663cafa3\" data-message-model-slug=\"gpt-4o-mini\">\n<div class=\"flex w-full flex-col gap-1 empty:hidden first:pt-[3px]\">\n<div class=\"markdown prose w-full break-words dark:prose-invert light\">\n<p><em>Discover Earthquakes &amp; Volcanoes<\/em> permet aux enfants d\u2019explorer les ph\u00e9nom\u00e8nes des tremblements de terre et des volcans \u00e0 travers des exp\u00e9riences interactives et des mod\u00e8les. Id\u00e9al pour \u00e9veiller la curiosit\u00e9 scientifique et comprendre la g\u00e9ologie d\u00e8s 6 ans.<\/p>\n<\/div>\n<\/div>\n<\/div>\n<\/div>\n<\/div>\n<\/div>\n","protected":false},"featured_media":22106,"comment_status":"open","ping_status":"closed","template":"","meta":{"inline_featured_image":false},"product_cat":[3876,201],"product_tag":[],"class_list":{"0":"post-22104","1":"product","2":"type-product","3":"status-publish","4":"has-post-thumbnail","6":"product_cat-coffret-anglais","7":"product_cat-coffret","9":"first","10":"instock","11":"shipping-taxable","12":"purchasable","13":"product-type-simple"},"_links":{"self":[{"href":"https:\/\/baralivres.ma\/index.php?rest_route=\/wp\/v2\/product\/22104","targetHints":{"allow":["GET"]}}],"collection":[{"href":"https:\/\/baralivres.ma\/index.php?rest_route=\/wp\/v2\/product"}],"about":[{"href":"https:\/\/baralivres.ma\/index.php?rest_route=\/wp\/v2\/types\/product"}],"replies":[{"embeddable":true,"href":"https:\/\/baralivres.ma\/index.php?rest_route=%2Fwp%2Fv2%2Fcomments&post=22104"}],"version-history":[{"count":1,"href":"https:\/\/baralivres.ma\/index.php?rest_route=\/wp\/v2\/product\/22104\/revisions"}],"predecessor-version":[{"id":22110,"href":"https:\/\/baralivres.ma\/index.php?rest_route=\/wp\/v2\/product\/22104\/revisions\/22110"}],"wp:featuredmedia":[{"embeddable":true,"href":"https:\/\/baralivres.ma\/index.php?rest_route=\/wp\/v2\/media\/22106"}],"wp:attachment":[{"href":"https:\/\/baralivres.ma\/index.php?rest_route=%2Fwp%2Fv2%2Fmedia&parent=22104"}],"wp:term":[{"taxonomy":"product_cat","embeddable":true,"href":"https:\/\/baralivres.ma\/index.php?rest_route=%2Fwp%2Fv2%2Fproduct_cat&post=22104"},{"taxonomy":"product_tag","embeddable":true,"href":"https:\/\/baralivres.ma\/index.php?rest_route=%2Fwp%2Fv2%2Fproduct_tag&post=22104"}],"curies":[{"name":"wp","href":"https:\/\/api.w.org\/{rel}","templated":true}]}}