{"id":22099,"date":"2024-11-12T17:56:52","date_gmt":"2024-11-12T16:56:52","guid":{"rendered":"https:\/\/baralivres.ma\/?post_type=product&#038;p=22099"},"modified":"2024-11-12T17:56:53","modified_gmt":"2024-11-12T16:56:53","slug":"discover-physics-a-first-introduction-to-science","status":"publish","type":"product","link":"https:\/\/baralivres.ma\/?product=discover-physics-a-first-introduction-to-science","title":{"rendered":"Discover Physics: A First Introduction to Science"},"content":{"rendered":"<p><strong>D\u00e9couvrez <em>Discover Physics: A First Introduction to Science<\/em><\/strong> : Ce coffret \u00e9ducatif est une porte d\u2019entr\u00e9e fascinante dans le monde de la physique, con\u00e7u pour les enfants d\u00e8s 6 ans. \u00c0 travers des exp\u00e9riences simples et des activit\u00e9s pratiques, les jeunes scientifiques exploreront des concepts de base comme la gravit\u00e9, les forces, et l\u2019\u00e9nergie. Le kit comprend des outils interactifs, des fiches d\u2019explication et des jeux pour rendre l\u2019apprentissage de la physique \u00e0 la fois amusant et accessible. Les enfants pourront observer des ph\u00e9nom\u00e8nes physiques au quotidien et comprendre leur fonctionnement. Ce coffret stimule la curiosit\u00e9, d\u00e9veloppe l\u2019esprit critique et encourage les enfants \u00e0 r\u00e9soudre des probl\u00e8mes par l\u2019exp\u00e9rimentation. Parfait pour d\u00e9couvrir les principes de la science de mani\u00e8re ludique, il aide \u00e0 b\u00e2tir une base solide en physique. Un cadeau id\u00e9al pour les futurs scientifiques et inventeurs. Transformez l\u2019apprentissage de la science en un jeu passionnant \u00e0 la maison.<\/p>\n","protected":false},"excerpt":{"rendered":"<p><em>Discover Physics: A First Introduction to Science<\/em> permet aux enfants de d\u00e9couvrir les bases de la physique \u00e0 travers des exp\u00e9riences ludiques et interactives. Un coffret id\u00e9al pour stimuler leur curiosit\u00e9 scientifique d\u00e8s 6 ans.<\/p>\n","protected":false},"featured_media":22100,"comment_status":"open","ping_status":"closed","template":"","meta":{"inline_featured_image":false},"product_cat":[3876,201],"product_tag":[],"class_list":{"0":"post-22099","1":"product","2":"type-product","3":"status-publish","4":"has-post-thumbnail","6":"product_cat-coffret-anglais","7":"product_cat-coffret","9":"first","10":"instock","11":"shipping-taxable","12":"purchasable","13":"product-type-simple"},"_links":{"self":[{"href":"https:\/\/baralivres.ma\/index.php?rest_route=\/wp\/v2\/product\/22099","targetHints":{"allow":["GET"]}}],"collection":[{"href":"https:\/\/baralivres.ma\/index.php?rest_route=\/wp\/v2\/product"}],"about":[{"href":"https:\/\/baralivres.ma\/index.php?rest_route=\/wp\/v2\/types\/product"}],"replies":[{"embeddable":true,"href":"https:\/\/baralivres.ma\/index.php?rest_route=%2Fwp%2Fv2%2Fcomments&post=22099"}],"version-history":[{"count":1,"href":"https:\/\/baralivres.ma\/index.php?rest_route=\/wp\/v2\/product\/22099\/revisions"}],"predecessor-version":[{"id":22103,"href":"https:\/\/baralivres.ma\/index.php?rest_route=\/wp\/v2\/product\/22099\/revisions\/22103"}],"wp:featuredmedia":[{"embeddable":true,"href":"https:\/\/baralivres.ma\/index.php?rest_route=\/wp\/v2\/media\/22100"}],"wp:attachment":[{"href":"https:\/\/baralivres.ma\/index.php?rest_route=%2Fwp%2Fv2%2Fmedia&parent=22099"}],"wp:term":[{"taxonomy":"product_cat","embeddable":true,"href":"https:\/\/baralivres.ma\/index.php?rest_route=%2Fwp%2Fv2%2Fproduct_cat&post=22099"},{"taxonomy":"product_tag","embeddable":true,"href":"https:\/\/baralivres.ma\/index.php?rest_route=%2Fwp%2Fv2%2Fproduct_tag&post=22099"}],"curies":[{"name":"wp","href":"https:\/\/api.w.org\/{rel}","templated":true}]}}