{"id":22088,"date":"2024-11-12T17:46:18","date_gmt":"2024-11-12T16:46:18","guid":{"rendered":"https:\/\/baralivres.ma\/?post_type=product&#038;p=22088"},"modified":"2024-11-12T17:46:18","modified_gmt":"2024-11-12T16:46:18","slug":"discover-space-educational-box-set","status":"publish","type":"product","link":"https:\/\/baralivres.ma\/?product=discover-space-educational-box-set","title":{"rendered":"Discover Space Educational Box Set"},"content":{"rendered":"<p><strong>D\u00e9couvrez <em>Discover Space &#8211; Educational Box Set<\/em><\/strong> : Offrez \u00e0 vos enfants une aventure intergalactique avec ce coffret \u00e9ducatif qui les plonge dans les myst\u00e8res de l\u2019espace. \u00c0 travers des jeux, des mod\u00e8les et des activit\u00e9s interactives, ils apprendront tout sur les plan\u00e8tes, les \u00e9toiles et les galaxies. Ce kit comprend des cartes du ciel, des exp\u00e9riences simples et des informations captivantes pour \u00e9veiller leur curiosit\u00e9 scientifique. Ils pourront explorer l&rsquo;univers tout en s&rsquo;amusant, de la formation des \u00e9toiles \u00e0 la d\u00e9couverte des trous noirs. Parfait pour les enfants d\u00e8s 6 ans, ce coffret encourage l&rsquo;observation, la r\u00e9flexion et l\u2019apprentissage pratique. Transformez votre salon en une station spatiale et ouvrez la porte de l&rsquo;univers \u00e0 vos jeunes explorateurs. Un cadeau id\u00e9al pour les futurs astronautes en herbe !<\/p>\n","protected":false},"excerpt":{"rendered":"<p><em>Discover Space &#8211; Educational Box Set<\/em> plonge les enfants dans l&rsquo;univers fascinant de l&rsquo;espace \u00e0 travers des activit\u00e9s interactives et des mod\u00e8les ludiques. Id\u00e9al pour \u00e9veiller la curiosit\u00e9 scientifique et l&rsquo;exploration de l&rsquo;univers d\u00e8s 6 ans.<\/p>\n","protected":false},"featured_media":22089,"comment_status":"open","ping_status":"closed","template":"","meta":{"inline_featured_image":false},"product_cat":[3876],"product_tag":[],"class_list":{"0":"post-22088","1":"product","2":"type-product","3":"status-publish","4":"has-post-thumbnail","6":"product_cat-coffret-anglais","8":"first","9":"instock","10":"shipping-taxable","11":"purchasable","12":"product-type-simple"},"_links":{"self":[{"href":"https:\/\/baralivres.ma\/index.php?rest_route=\/wp\/v2\/product\/22088","targetHints":{"allow":["GET"]}}],"collection":[{"href":"https:\/\/baralivres.ma\/index.php?rest_route=\/wp\/v2\/product"}],"about":[{"href":"https:\/\/baralivres.ma\/index.php?rest_route=\/wp\/v2\/types\/product"}],"replies":[{"embeddable":true,"href":"https:\/\/baralivres.ma\/index.php?rest_route=%2Fwp%2Fv2%2Fcomments&post=22088"}],"version-history":[{"count":1,"href":"https:\/\/baralivres.ma\/index.php?rest_route=\/wp\/v2\/product\/22088\/revisions"}],"predecessor-version":[{"id":22092,"href":"https:\/\/baralivres.ma\/index.php?rest_route=\/wp\/v2\/product\/22088\/revisions\/22092"}],"wp:featuredmedia":[{"embeddable":true,"href":"https:\/\/baralivres.ma\/index.php?rest_route=\/wp\/v2\/media\/22089"}],"wp:attachment":[{"href":"https:\/\/baralivres.ma\/index.php?rest_route=%2Fwp%2Fv2%2Fmedia&parent=22088"}],"wp:term":[{"taxonomy":"product_cat","embeddable":true,"href":"https:\/\/baralivres.ma\/index.php?rest_route=%2Fwp%2Fv2%2Fproduct_cat&post=22088"},{"taxonomy":"product_tag","embeddable":true,"href":"https:\/\/baralivres.ma\/index.php?rest_route=%2Fwp%2Fv2%2Fproduct_tag&post=22088"}],"curies":[{"name":"wp","href":"https:\/\/api.w.org\/{rel}","templated":true}]}}