{"id":22085,"date":"2024-11-12T17:40:44","date_gmt":"2024-11-12T16:40:44","guid":{"rendered":"https:\/\/baralivres.ma\/?post_type=product&#038;p=22085"},"modified":"2024-11-12T17:40:44","modified_gmt":"2024-11-12T16:40:44","slug":"discover-bugs-educational-box-set","status":"publish","type":"product","link":"https:\/\/baralivres.ma\/?product=discover-bugs-educational-box-set","title":{"rendered":"Discover Bugs &#8211; Educational Box Set"},"content":{"rendered":"<p><strong>D\u00e9couvrez <em>Discover Bugs<\/em> &#8211; Educational Box Set<\/strong> : Offrez \u00e0 vos enfants une aventure fascinante dans le monde des insectes avec ce coffret \u00e9ducatif complet. Gr\u00e2ce \u00e0 des outils pratiques et des guides d\u00e9taill\u00e9s, les enfants apprendront \u00e0 observer et identifier une grande vari\u00e9t\u00e9 d&rsquo;insectes, tout en explorant leur r\u00f4le crucial dans la nature. Ce coffret inclut des magnifications, des fiches informatives et des activit\u00e9s interactives pour encourager l&rsquo;exploration en ext\u00e9rieur. Parfait pour d\u00e9velopper leur curiosit\u00e9 et leur esprit scientifique, <em>Discover Bugs<\/em> stimule l\u2019observation, l\u2019analyse et la r\u00e9flexion. De la cueillette \u00e0 l\u2019\u00e9tude en laboratoire, chaque \u00e9tape est une occasion d\u2019apprendre tout en s\u2019amusant. Ce kit est id\u00e9al pour les enfants \u00e0 partir de 6 ans et permet de transformer une simple promenade en une v\u00e9ritable exp\u00e9ditions scientifique. Offrez-leur la chance de d\u00e9couvrir la beaut\u00e9 cach\u00e9e du monde des insectes et d\u2019acqu\u00e9rir des connaissances essentielles tout en explorant la biodiversit\u00e9 autour de chez eux. Un cadeau parfait pour les jeunes passionn\u00e9s de nature.<\/p>\n","protected":false},"excerpt":{"rendered":"<p><em>Discover Bugs &#8211; Educational Box Set<\/em> permet aux enfants d&rsquo;explorer le monde fascinant des insectes \u00e0 travers des activit\u00e9s interactives et des outils d&rsquo;observation. Id\u00e9al pour stimuler la curiosit\u00e9 scientifique et l&rsquo;apprentissage de la nature d\u00e8s 6 ans.<\/p>\n","protected":false},"featured_media":22086,"comment_status":"open","ping_status":"closed","template":"","meta":{"inline_featured_image":false},"product_cat":[3876,201],"product_tag":[],"class_list":{"0":"post-22085","1":"product","2":"type-product","3":"status-publish","4":"has-post-thumbnail","6":"product_cat-coffret-anglais","7":"product_cat-coffret","9":"first","10":"instock","11":"shipping-taxable","12":"purchasable","13":"product-type-simple"},"_links":{"self":[{"href":"https:\/\/baralivres.ma\/index.php?rest_route=\/wp\/v2\/product\/22085","targetHints":{"allow":["GET"]}}],"collection":[{"href":"https:\/\/baralivres.ma\/index.php?rest_route=\/wp\/v2\/product"}],"about":[{"href":"https:\/\/baralivres.ma\/index.php?rest_route=\/wp\/v2\/types\/product"}],"replies":[{"embeddable":true,"href":"https:\/\/baralivres.ma\/index.php?rest_route=%2Fwp%2Fv2%2Fcomments&post=22085"}],"version-history":[{"count":1,"href":"https:\/\/baralivres.ma\/index.php?rest_route=\/wp\/v2\/product\/22085\/revisions"}],"predecessor-version":[{"id":22087,"href":"https:\/\/baralivres.ma\/index.php?rest_route=\/wp\/v2\/product\/22085\/revisions\/22087"}],"wp:featuredmedia":[{"embeddable":true,"href":"https:\/\/baralivres.ma\/index.php?rest_route=\/wp\/v2\/media\/22086"}],"wp:attachment":[{"href":"https:\/\/baralivres.ma\/index.php?rest_route=%2Fwp%2Fv2%2Fmedia&parent=22085"}],"wp:term":[{"taxonomy":"product_cat","embeddable":true,"href":"https:\/\/baralivres.ma\/index.php?rest_route=%2Fwp%2Fv2%2Fproduct_cat&post=22085"},{"taxonomy":"product_tag","embeddable":true,"href":"https:\/\/baralivres.ma\/index.php?rest_route=%2Fwp%2Fv2%2Fproduct_tag&post=22085"}],"curies":[{"name":"wp","href":"https:\/\/api.w.org\/{rel}","templated":true}]}}