{"id":22080,"date":"2024-11-12T17:36:35","date_gmt":"2024-11-12T16:36:35","guid":{"rendered":"https:\/\/baralivres.ma\/?post_type=product&#038;p=22080"},"modified":"2024-11-12T17:36:35","modified_gmt":"2024-11-12T16:36:35","slug":"light-sound-motion-a-first-introduction-to-science","status":"publish","type":"product","link":"https:\/\/baralivres.ma\/?product=light-sound-motion-a-first-introduction-to-science","title":{"rendered":"LIGHT, SOUND &#038; MOTION: A First Introduction to Science"},"content":{"rendered":"<div class=\"flex-shrink-0 flex flex-col relative items-end\">\n<div>\n<div class=\"pt-0\">\n<div class=\"gizmo-bot-avatar flex h-8 w-8 items-center justify-center overflow-hidden rounded-full\">\n<div class=\"relative p-1 rounded-sm flex items-center justify-center bg-token-main-surface-primary text-token-text-primary h-8 w-8\"><\/div>\n<\/div>\n<\/div>\n<\/div>\n<\/div>\n<div class=\"group\/conversation-turn relative flex w-full min-w-0 flex-col agent-turn\">\n<div class=\"flex-col gap-1 md:gap-3\">\n<div class=\"flex max-w-full flex-col flex-grow\">\n<div class=\"min-h-8 text-message flex w-full flex-col items-end gap-2 whitespace-normal break-words [.text-message+&amp;]:mt-5\" dir=\"auto\" data-message-author-role=\"assistant\" data-message-id=\"5cf50d14-bb46-435b-a088-701ab2ac9c94\" data-message-model-slug=\"gpt-4o-mini\">\n<div class=\"flex w-full flex-col gap-1 empty:hidden first:pt-[3px]\">\n<div class=\"markdown prose w-full break-words dark:prose-invert light\">\n<p><strong>Light, Sound &amp; Motion: A First Introduction to Science<\/strong> est un coffret interactif con\u00e7u pour initier les enfants \u00e0 la science des ph\u00e9nom\u00e8nes naturels. \u00c0 travers des exp\u00e9riences simples et des activit\u00e9s pratiques, les enfants explorent les bases de la lumi\u00e8re, du son et du mouvement. Le kit comprend des \u00e9l\u00e9ments visuels, des jeux et des exp\u00e9riences pour expliquer comment ces forces influencent notre quotidien. Les jeunes scientifiques pourront observer des r\u00e9actions et d\u00e9couvrir comment la lumi\u00e8re se propage, comment le son voyage et ce qui provoque le mouvement. Ce coffret est une ressource id\u00e9ale pour stimuler la curiosit\u00e9 scientifique tout en favorisant l&rsquo;apprentissage pratique d\u00e8s 6 ans. Un excellent moyen d\u2019allier amusement et \u00e9ducation \u00e0 la maison.<\/p>\n<\/div>\n<\/div>\n<\/div>\n<\/div>\n<\/div>\n<\/div>\n","protected":false},"excerpt":{"rendered":"<p><em>Light, Sound &amp; Motion: A First Introduction to Science<\/em> est un coffret interactif permettant aux enfants d&rsquo;explorer les ph\u00e9nom\u00e8nes de la lumi\u00e8re, du son et du mouvement \u00e0 travers des exp\u00e9riences ludiques. Id\u00e9al pour \u00e9veiller la curiosit\u00e9 scientifique d\u00e8s 6 ans.<\/p>\n","protected":false},"featured_media":22081,"comment_status":"open","ping_status":"closed","template":"","meta":{"inline_featured_image":false},"product_cat":[3876,201],"product_tag":[],"class_list":{"0":"post-22080","1":"product","2":"type-product","3":"status-publish","4":"has-post-thumbnail","6":"product_cat-coffret-anglais","7":"product_cat-coffret","9":"first","10":"instock","11":"shipping-taxable","12":"purchasable","13":"product-type-simple"},"_links":{"self":[{"href":"https:\/\/baralivres.ma\/index.php?rest_route=\/wp\/v2\/product\/22080","targetHints":{"allow":["GET"]}}],"collection":[{"href":"https:\/\/baralivres.ma\/index.php?rest_route=\/wp\/v2\/product"}],"about":[{"href":"https:\/\/baralivres.ma\/index.php?rest_route=\/wp\/v2\/types\/product"}],"replies":[{"embeddable":true,"href":"https:\/\/baralivres.ma\/index.php?rest_route=%2Fwp%2Fv2%2Fcomments&post=22080"}],"version-history":[{"count":1,"href":"https:\/\/baralivres.ma\/index.php?rest_route=\/wp\/v2\/product\/22080\/revisions"}],"predecessor-version":[{"id":22084,"href":"https:\/\/baralivres.ma\/index.php?rest_route=\/wp\/v2\/product\/22080\/revisions\/22084"}],"wp:featuredmedia":[{"embeddable":true,"href":"https:\/\/baralivres.ma\/index.php?rest_route=\/wp\/v2\/media\/22081"}],"wp:attachment":[{"href":"https:\/\/baralivres.ma\/index.php?rest_route=%2Fwp%2Fv2%2Fmedia&parent=22080"}],"wp:term":[{"taxonomy":"product_cat","embeddable":true,"href":"https:\/\/baralivres.ma\/index.php?rest_route=%2Fwp%2Fv2%2Fproduct_cat&post=22080"},{"taxonomy":"product_tag","embeddable":true,"href":"https:\/\/baralivres.ma\/index.php?rest_route=%2Fwp%2Fv2%2Fproduct_tag&post=22080"}],"curies":[{"name":"wp","href":"https:\/\/api.w.org\/{rel}","templated":true}]}}