{"id":22076,"date":"2024-11-12T17:32:19","date_gmt":"2024-11-12T16:32:19","guid":{"rendered":"https:\/\/baralivres.ma\/?post_type=product&#038;p=22076"},"modified":"2024-11-12T17:32:19","modified_gmt":"2024-11-12T16:32:19","slug":"discover-botany-a-first-introduction-to-science","status":"publish","type":"product","link":"https:\/\/baralivres.ma\/?product=discover-botany-a-first-introduction-to-science","title":{"rendered":"Discover Botany: A First Introduction to Science"},"content":{"rendered":"<p><strong>D\u00e9couvrez \u00ab\u00a0Discover Botany: A First Introduction to Science\u00a0\u00bb<\/strong> : Ce coffret captivant est l&rsquo;outil id\u00e9al pour initier les jeunes esprits \u00e0 l&rsquo;univers fascinant des plantes et de la botanique. \u00c0 travers des illustrations vibrantes et des activit\u00e9s interactives, les enfants apprendront les bases de la biologie v\u00e9g\u00e9tale de mani\u00e8re ludique et accessible. Ce kit \u00e9ducatif inclut des fiches informatives, des \u00e9chantillons de plantes et des exp\u00e9riences simples pour \u00e9veiller la curiosit\u00e9 scientifique. Parfait pour les parents d\u00e9sireux de stimuler l&rsquo;apprentissage \u00e0 domicile, il est con\u00e7u pour les enfants d\u00e8s 6 ans. Offrez-leur la possibilit\u00e9 de d\u00e9couvrir la nature, de comprendre la croissance des plantes et de d\u00e9velopper une passion pour la science. Ce coffret est un cadeau id\u00e9al qui allie plaisir et apprentissage pour toute la famille.<\/p>\n","protected":false},"excerpt":{"rendered":"<div class=\"flex-shrink-0 flex flex-col relative items-end\">\n<div>\n<div class=\"pt-0\">\n<div class=\"gizmo-bot-avatar flex h-8 w-8 items-center justify-center overflow-hidden rounded-full\">\n<div class=\"relative p-1 rounded-sm flex items-center justify-center bg-token-main-surface-primary text-token-text-primary h-8 w-8\"><\/div>\n<\/div>\n<\/div>\n<\/div>\n<\/div>\n<div class=\"group\/conversation-turn relative flex w-full min-w-0 flex-col agent-turn\">\n<div class=\"flex-col gap-1 md:gap-3\">\n<div class=\"flex max-w-full flex-col flex-grow\">\n<div class=\"min-h-8 text-message flex w-full flex-col items-end gap-2 whitespace-normal break-words [.text-message+&amp;]:mt-5\" dir=\"auto\" data-message-author-role=\"assistant\" data-message-id=\"f5fa9b7b-d488-46de-8ede-5e59b58b3cbe\" data-message-model-slug=\"gpt-4o-mini\">\n<div class=\"flex w-full flex-col gap-1 empty:hidden first:pt-[3px]\">\n<div class=\"markdown prose w-full break-words dark:prose-invert light\">\n<p>Le coffret <em>Discover Botany: A First Introduction to Science<\/em> offre une approche ludique de la botanique pour les enfants d\u00e8s 6 ans, avec des activit\u00e9s interactives et des illustrations captivantes. Il permet de stimuler la curiosit\u00e9 scientifique et de d\u00e9couvrir les bases des plantes de mani\u00e8re amusante.<\/p>\n<\/div>\n<\/div>\n<\/div>\n<\/div>\n<\/div>\n<\/div>\n","protected":false},"featured_media":22077,"comment_status":"open","ping_status":"closed","template":"","meta":{"inline_featured_image":false},"product_cat":[3876,201],"product_tag":[],"class_list":{"0":"post-22076","1":"product","2":"type-product","3":"status-publish","4":"has-post-thumbnail","6":"product_cat-coffret-anglais","7":"product_cat-coffret","9":"first","10":"instock","11":"shipping-taxable","12":"purchasable","13":"product-type-simple"},"_links":{"self":[{"href":"https:\/\/baralivres.ma\/index.php?rest_route=\/wp\/v2\/product\/22076","targetHints":{"allow":["GET"]}}],"collection":[{"href":"https:\/\/baralivres.ma\/index.php?rest_route=\/wp\/v2\/product"}],"about":[{"href":"https:\/\/baralivres.ma\/index.php?rest_route=\/wp\/v2\/types\/product"}],"replies":[{"embeddable":true,"href":"https:\/\/baralivres.ma\/index.php?rest_route=%2Fwp%2Fv2%2Fcomments&post=22076"}],"version-history":[{"count":1,"href":"https:\/\/baralivres.ma\/index.php?rest_route=\/wp\/v2\/product\/22076\/revisions"}],"predecessor-version":[{"id":22079,"href":"https:\/\/baralivres.ma\/index.php?rest_route=\/wp\/v2\/product\/22076\/revisions\/22079"}],"wp:featuredmedia":[{"embeddable":true,"href":"https:\/\/baralivres.ma\/index.php?rest_route=\/wp\/v2\/media\/22077"}],"wp:attachment":[{"href":"https:\/\/baralivres.ma\/index.php?rest_route=%2Fwp%2Fv2%2Fmedia&parent=22076"}],"wp:term":[{"taxonomy":"product_cat","embeddable":true,"href":"https:\/\/baralivres.ma\/index.php?rest_route=%2Fwp%2Fv2%2Fproduct_cat&post=22076"},{"taxonomy":"product_tag","embeddable":true,"href":"https:\/\/baralivres.ma\/index.php?rest_route=%2Fwp%2Fv2%2Fproduct_tag&post=22076"}],"curies":[{"name":"wp","href":"https:\/\/api.w.org\/{rel}","templated":true}]}}