{"id":22073,"date":"2024-11-12T17:26:23","date_gmt":"2024-11-12T16:26:23","guid":{"rendered":"https:\/\/baralivres.ma\/?post_type=product&#038;p=22073"},"modified":"2024-11-12T17:26:24","modified_gmt":"2024-11-12T16:26:24","slug":"discover-animals-book-and-poster-set","status":"publish","type":"product","link":"https:\/\/baralivres.ma\/?product=discover-animals-book-and-poster-set","title":{"rendered":"Discover Animals Book and Poster Set"},"content":{"rendered":"<p>Plongez dans le monde fascinant des animaux avec le coffret <em>Discover Animals Book and Poster Set<\/em> ! \ud83d\udc3e Ce kit \u00e9ducatif comprend un livre richement illustr\u00e9 et un grand poster pour d\u00e9couvrir les esp\u00e8ces du monde entier. Le livre propose des descriptions captivantes et des anecdotes sur une vari\u00e9t\u00e9 d\u2019animaux, permettant aux enfants d\u2019apprendre sur leurs habitats, comportements et caract\u00e9ristiques uniques. Le poster d\u00e9taill\u00e9 aide les jeunes explorateurs \u00e0 visualiser et \u00e0 situer les animaux dans leur environnement naturel. Ce coffret \u00e9ducatif est parfait pour \u00e9veiller la curiosit\u00e9 et sensibiliser les enfants \u00e0 la biodiversit\u00e9, offrant un m\u00e9lange parfait de connaissances et de plaisir visuel.<\/p>\n","protected":false},"excerpt":{"rendered":"<p>Le coffret <em>Discover Animals Book and Poster Set<\/em> permet aux enfants de d\u00e9couvrir les animaux du monde \u00e0 travers un livre illustr\u00e9 et un poster \u00e9ducatif. Parfait pour \u00e9veiller la curiosit\u00e9 et l&rsquo;amour de la nature !<\/p>\n","protected":false},"featured_media":22074,"comment_status":"open","ping_status":"closed","template":"","meta":{"inline_featured_image":false},"product_cat":[3876,201],"product_tag":[],"class_list":{"0":"post-22073","1":"product","2":"type-product","3":"status-publish","4":"has-post-thumbnail","6":"product_cat-coffret-anglais","7":"product_cat-coffret","9":"first","10":"instock","11":"shipping-taxable","12":"purchasable","13":"product-type-simple"},"_links":{"self":[{"href":"https:\/\/baralivres.ma\/index.php?rest_route=\/wp\/v2\/product\/22073","targetHints":{"allow":["GET"]}}],"collection":[{"href":"https:\/\/baralivres.ma\/index.php?rest_route=\/wp\/v2\/product"}],"about":[{"href":"https:\/\/baralivres.ma\/index.php?rest_route=\/wp\/v2\/types\/product"}],"replies":[{"embeddable":true,"href":"https:\/\/baralivres.ma\/index.php?rest_route=%2Fwp%2Fv2%2Fcomments&post=22073"}],"version-history":[{"count":1,"href":"https:\/\/baralivres.ma\/index.php?rest_route=\/wp\/v2\/product\/22073\/revisions"}],"predecessor-version":[{"id":22075,"href":"https:\/\/baralivres.ma\/index.php?rest_route=\/wp\/v2\/product\/22073\/revisions\/22075"}],"wp:featuredmedia":[{"embeddable":true,"href":"https:\/\/baralivres.ma\/index.php?rest_route=\/wp\/v2\/media\/22074"}],"wp:attachment":[{"href":"https:\/\/baralivres.ma\/index.php?rest_route=%2Fwp%2Fv2%2Fmedia&parent=22073"}],"wp:term":[{"taxonomy":"product_cat","embeddable":true,"href":"https:\/\/baralivres.ma\/index.php?rest_route=%2Fwp%2Fv2%2Fproduct_cat&post=22073"},{"taxonomy":"product_tag","embeddable":true,"href":"https:\/\/baralivres.ma\/index.php?rest_route=%2Fwp%2Fv2%2Fproduct_tag&post=22073"}],"curies":[{"name":"wp","href":"https:\/\/api.w.org\/{rel}","templated":true}]}}