{"id":22068,"date":"2024-11-12T17:17:33","date_gmt":"2024-11-12T16:17:33","guid":{"rendered":"https:\/\/baralivres.ma\/?post_type=product&#038;p=22068"},"modified":"2024-11-12T17:17:34","modified_gmt":"2024-11-12T16:17:34","slug":"discover-the-human-body-educational-model-set","status":"publish","type":"product","link":"https:\/\/baralivres.ma\/?product=discover-the-human-body-educational-model-set","title":{"rendered":"Discover The Human Body Educational Model Set"},"content":{"rendered":"<p>Explorez le corps humain avec le coffret \u00e9ducatif <em>Discover The Human Body Educational Model Set<\/em> ! \ud83e\udde0\ud83e\udec0 Ce kit fascinant offre aux enfants une introduction compl\u00e8te \u00e0 l&rsquo;anatomie humaine gr\u00e2ce \u00e0 des mod\u00e8les r\u00e9alistes et des cartes informatives d\u00e9taill\u00e9es. Le livret p\u00e9dagogique inclus propose des explications claires et des illustrations captivantes, permettant aux jeunes d&rsquo;apprendre comment fonctionnent les organes et les syst\u00e8mes du corps. Avec des activit\u00e9s pratiques et des pi\u00e8ces interactives, ce coffret transforme la science en un jeu stimulant. Id\u00e9al pour \u00e9veiller la curiosit\u00e9 des enfants pour la biologie et l&rsquo;anatomie, il constitue une ressource \u00e9ducative ludique et instructive pour d\u00e9couvrir les merveilles du corps humain !<\/p>\n","protected":false},"excerpt":{"rendered":"<p>Le coffret <em>Discover The Human Body Educational Model Set<\/em> initie les enfants \u00e0 l&rsquo;anatomie avec des mod\u00e8les r\u00e9alistes et un livret p\u00e9dagogique. Id\u00e9al pour d\u00e9couvrir les myst\u00e8res du corps humain de mani\u00e8re ludique !<\/p>\n","protected":false},"featured_media":22069,"comment_status":"open","ping_status":"closed","template":"","meta":{"inline_featured_image":false},"product_cat":[3876,201],"product_tag":[],"class_list":{"0":"post-22068","1":"product","2":"type-product","3":"status-publish","4":"has-post-thumbnail","6":"product_cat-coffret-anglais","7":"product_cat-coffret","9":"first","10":"instock","11":"shipping-taxable","12":"purchasable","13":"product-type-simple"},"_links":{"self":[{"href":"https:\/\/baralivres.ma\/index.php?rest_route=\/wp\/v2\/product\/22068","targetHints":{"allow":["GET"]}}],"collection":[{"href":"https:\/\/baralivres.ma\/index.php?rest_route=\/wp\/v2\/product"}],"about":[{"href":"https:\/\/baralivres.ma\/index.php?rest_route=\/wp\/v2\/types\/product"}],"replies":[{"embeddable":true,"href":"https:\/\/baralivres.ma\/index.php?rest_route=%2Fwp%2Fv2%2Fcomments&post=22068"}],"version-history":[{"count":1,"href":"https:\/\/baralivres.ma\/index.php?rest_route=\/wp\/v2\/product\/22068\/revisions"}],"predecessor-version":[{"id":22072,"href":"https:\/\/baralivres.ma\/index.php?rest_route=\/wp\/v2\/product\/22068\/revisions\/22072"}],"wp:featuredmedia":[{"embeddable":true,"href":"https:\/\/baralivres.ma\/index.php?rest_route=\/wp\/v2\/media\/22069"}],"wp:attachment":[{"href":"https:\/\/baralivres.ma\/index.php?rest_route=%2Fwp%2Fv2%2Fmedia&parent=22068"}],"wp:term":[{"taxonomy":"product_cat","embeddable":true,"href":"https:\/\/baralivres.ma\/index.php?rest_route=%2Fwp%2Fv2%2Fproduct_cat&post=22068"},{"taxonomy":"product_tag","embeddable":true,"href":"https:\/\/baralivres.ma\/index.php?rest_route=%2Fwp%2Fv2%2Fproduct_tag&post=22068"}],"curies":[{"name":"wp","href":"https:\/\/api.w.org\/{rel}","templated":true}]}}