{"id":22053,"date":"2024-11-12T17:03:56","date_gmt":"2024-11-12T16:03:56","guid":{"rendered":"https:\/\/baralivres.ma\/?post_type=product&#038;p=22053"},"modified":"2024-11-12T17:03:57","modified_gmt":"2024-11-12T16:03:57","slug":"discover-dinosaurs-educational-model-set","status":"publish","type":"product","link":"https:\/\/baralivres.ma\/?product=discover-dinosaurs-educational-model-set","title":{"rendered":"Discover Dinosaurs Educational Model Set"},"content":{"rendered":"<div class=\"flex-shrink-0 flex flex-col relative items-end\">\n<div>\n<div class=\"pt-0\">\n<div class=\"gizmo-bot-avatar flex h-8 w-8 items-center justify-center overflow-hidden rounded-full\">\n<div class=\"relative p-1 rounded-sm flex items-center justify-center bg-token-main-surface-primary text-token-text-primary h-8 w-8\"><\/div>\n<\/div>\n<\/div>\n<\/div>\n<\/div>\n<div class=\"group\/conversation-turn relative flex w-full min-w-0 flex-col agent-turn\">\n<div class=\"flex-col gap-1 md:gap-3\">\n<div class=\"flex max-w-full flex-col flex-grow\">\n<div class=\"min-h-8 text-message flex w-full flex-col items-end gap-2 whitespace-normal break-words [.text-message+&amp;]:mt-5\" dir=\"auto\" data-message-author-role=\"assistant\" data-message-id=\"0177708e-2a9e-42a2-ad0f-c6fa4c057344\" data-message-model-slug=\"gpt-4o\">\n<div class=\"flex w-full flex-col gap-1 empty:hidden first:pt-[3px]\">\n<div class=\"markdown prose w-full break-words dark:prose-invert light\">\n<p>D\u00e9couvrez le coffret \u00e9ducatif <em>Discover Dinosaurs<\/em> : une aventure fascinante pour les jeunes explorateurs ! \ud83e\udd96 Ce mod\u00e8le \u00e9ducatif permet aux enfants d&rsquo;en apprendre davantage sur les dinosaures tout en s&rsquo;amusant. Con\u00e7u avec soin, il inclut des r\u00e9pliques r\u00e9alistes, des cartes d&rsquo;information et un livret \u00e9ducatif riche en anecdotes. Gr\u00e2ce \u00e0 son approche ludique, il stimule la curiosit\u00e9 et l&rsquo;imagination, offrant un voyage captivant dans le pass\u00e9 pr\u00e9historique. Id\u00e9al pour les petits passionn\u00e9s de science et les curieux de tout \u00e2ge. Ce coffret est une id\u00e9e cadeau parfaite, alliant d\u00e9couverte et apprentissage pour des heures de plaisir \u00e9ducatif.<\/p>\n<\/div>\n<\/div>\n<\/div>\n<\/div>\n<\/div>\n<\/div>\n","protected":false},"excerpt":{"rendered":"<p>Le coffret <em>Discover Dinosaurs<\/em> propose une immersion ludique dans l\u2019univers des dinosaures avec des mod\u00e8les r\u00e9alistes et un livret \u00e9ducatif. Parfait pour \u00e9veiller la curiosit\u00e9 des enfants tout en apprenant<\/p>\n","protected":false},"featured_media":22057,"comment_status":"open","ping_status":"closed","template":"","meta":{"inline_featured_image":false},"product_cat":[3876,201],"product_tag":[],"class_list":{"0":"post-22053","1":"product","2":"type-product","3":"status-publish","4":"has-post-thumbnail","6":"product_cat-coffret-anglais","7":"product_cat-coffret","9":"first","10":"instock","11":"shipping-taxable","12":"purchasable","13":"product-type-simple"},"_links":{"self":[{"href":"https:\/\/baralivres.ma\/index.php?rest_route=\/wp\/v2\/product\/22053","targetHints":{"allow":["GET"]}}],"collection":[{"href":"https:\/\/baralivres.ma\/index.php?rest_route=\/wp\/v2\/product"}],"about":[{"href":"https:\/\/baralivres.ma\/index.php?rest_route=\/wp\/v2\/types\/product"}],"replies":[{"embeddable":true,"href":"https:\/\/baralivres.ma\/index.php?rest_route=%2Fwp%2Fv2%2Fcomments&post=22053"}],"version-history":[{"count":1,"href":"https:\/\/baralivres.ma\/index.php?rest_route=\/wp\/v2\/product\/22053\/revisions"}],"predecessor-version":[{"id":22058,"href":"https:\/\/baralivres.ma\/index.php?rest_route=\/wp\/v2\/product\/22053\/revisions\/22058"}],"wp:featuredmedia":[{"embeddable":true,"href":"https:\/\/baralivres.ma\/index.php?rest_route=\/wp\/v2\/media\/22057"}],"wp:attachment":[{"href":"https:\/\/baralivres.ma\/index.php?rest_route=%2Fwp%2Fv2%2Fmedia&parent=22053"}],"wp:term":[{"taxonomy":"product_cat","embeddable":true,"href":"https:\/\/baralivres.ma\/index.php?rest_route=%2Fwp%2Fv2%2Fproduct_cat&post=22053"},{"taxonomy":"product_tag","embeddable":true,"href":"https:\/\/baralivres.ma\/index.php?rest_route=%2Fwp%2Fv2%2Fproduct_tag&post=22053"}],"curies":[{"name":"wp","href":"https:\/\/api.w.org\/{rel}","templated":true}]}}