{"id":22049,"date":"2024-11-08T18:19:32","date_gmt":"2024-11-08T17:19:32","guid":{"rendered":"https:\/\/baralivres.ma\/?post_type=product&#038;p=22049"},"modified":"2024-11-08T18:19:33","modified_gmt":"2024-11-08T17:19:33","slug":"discover-science-static-shocker-box","status":"publish","type":"product","link":"https:\/\/baralivres.ma\/?product=discover-science-static-shocker-box","title":{"rendered":"Discover Science Static Shocker Box"},"content":{"rendered":"<p><strong>Discover Science Static Shocker Box<\/strong> est un kit \u00e9ducatif fascinant qui permet d&rsquo;explorer les principes de l&rsquo;\u00e9lectricit\u00e9 statique. En utilisant des mat\u00e9riaux simples, les enfants peuvent r\u00e9aliser des exp\u00e9riences pour comprendre les forces \u00e9lectriques invisibles. Le kit comprend des instructions faciles \u00e0 suivre pour cr\u00e9er des effets \u00e9lectrostatiques amusants et surprenants, comme faire l\u00e9viter des objets ou produire des \u00e9tincelles. Parfait pour \u00e9veiller la curiosit\u00e9 scientifique, il permet de d\u00e9couvrir la science de mani\u00e8re interactive. Ce jeu est id\u00e9al pour les jeunes curieux int\u00e9ress\u00e9s par la physique et l&rsquo;\u00e9lectricit\u00e9. Il aide \u00e0 d\u00e9velopper des comp\u00e9tences en observation, en exp\u00e9rimentation et en r\u00e9solution de probl\u00e8mes. Un outil \u00e9ducatif amusant pour les \u00e9coles, les familles et les passionn\u00e9s de science.<\/p>\n","protected":false},"excerpt":{"rendered":"<p><strong>Discover Science Static Shocker Box<\/strong> est un kit \u00e9ducatif permettant d&rsquo;explorer les principes de l&rsquo;\u00e9lectricit\u00e9 statique \u00e0 travers des exp\u00e9riences amusantes. Id\u00e9al pour \u00e9veiller la curiosit\u00e9 scientifique des enfants et les initier aux ph\u00e9nom\u00e8nes \u00e9lectriques de mani\u00e8re interactive.<\/p>\n","protected":false},"featured_media":22050,"comment_status":"open","ping_status":"closed","template":"","meta":{"inline_featured_image":false},"product_cat":[3876,201],"product_tag":[],"class_list":{"0":"post-22049","1":"product","2":"type-product","3":"status-publish","4":"has-post-thumbnail","6":"product_cat-coffret-anglais","7":"product_cat-coffret","9":"first","10":"instock","11":"shipping-taxable","12":"purchasable","13":"product-type-simple"},"_links":{"self":[{"href":"https:\/\/baralivres.ma\/index.php?rest_route=\/wp\/v2\/product\/22049","targetHints":{"allow":["GET"]}}],"collection":[{"href":"https:\/\/baralivres.ma\/index.php?rest_route=\/wp\/v2\/product"}],"about":[{"href":"https:\/\/baralivres.ma\/index.php?rest_route=\/wp\/v2\/types\/product"}],"replies":[{"embeddable":true,"href":"https:\/\/baralivres.ma\/index.php?rest_route=%2Fwp%2Fv2%2Fcomments&post=22049"}],"version-history":[{"count":1,"href":"https:\/\/baralivres.ma\/index.php?rest_route=\/wp\/v2\/product\/22049\/revisions"}],"predecessor-version":[{"id":22051,"href":"https:\/\/baralivres.ma\/index.php?rest_route=\/wp\/v2\/product\/22049\/revisions\/22051"}],"wp:featuredmedia":[{"embeddable":true,"href":"https:\/\/baralivres.ma\/index.php?rest_route=\/wp\/v2\/media\/22050"}],"wp:attachment":[{"href":"https:\/\/baralivres.ma\/index.php?rest_route=%2Fwp%2Fv2%2Fmedia&parent=22049"}],"wp:term":[{"taxonomy":"product_cat","embeddable":true,"href":"https:\/\/baralivres.ma\/index.php?rest_route=%2Fwp%2Fv2%2Fproduct_cat&post=22049"},{"taxonomy":"product_tag","embeddable":true,"href":"https:\/\/baralivres.ma\/index.php?rest_route=%2Fwp%2Fv2%2Fproduct_tag&post=22049"}],"curies":[{"name":"wp","href":"https:\/\/api.w.org\/{rel}","templated":true}]}}