{"id":22036,"date":"2024-11-08T17:57:35","date_gmt":"2024-11-08T16:57:35","guid":{"rendered":"https:\/\/baralivres.ma\/?post_type=product&#038;p=22036"},"modified":"2024-11-08T17:57:36","modified_gmt":"2024-11-08T16:57:36","slug":"biology-an-introduction-to-science-500-fantastic-facts","status":"publish","type":"product","link":"https:\/\/baralivres.ma\/?product=biology-an-introduction-to-science-500-fantastic-facts","title":{"rendered":"Biology: An Introduction to Science (500 Fantastic Facts)"},"content":{"rendered":"<p><strong>Biology: An Introduction to Science (500 Fantastic Facts)<\/strong> est un guide visuel et captivant qui d\u00e9voile les merveilles de la biologie. D\u00e9couvrez 500 faits fascinants sur la vie, des cellules aux \u00e9cosyst\u00e8mes, et explorez le monde fascinant des plantes, des animaux et des humains. Ce livre est une introduction id\u00e9ale pour les jeunes curieux, offrant des informations \u00e9ducatives sur le fonctionnement de la nature. Avec des illustrations vibrantes et des explications claires, il permet de comprendre la diversit\u00e9 du vivant et les processus biologiques qui nous entourent. Chaque fait est con\u00e7u pour captiver et \u00e9duquer les enfants de tous \u00e2ges. Parfait pour les \u00e9tudiants, les enseignants et les passionn\u00e9s de biologie, il stimule la curiosit\u00e9 scientifique. Ce guide aide \u00e0 d\u00e9velopper une meilleure compr\u00e9hension des ph\u00e9nom\u00e8nes biologiques. Une ressource id\u00e9ale pour les jeunes esprits en qu\u00eate de d\u00e9couvertes. Un ouvrage essentiel pour plonger dans les bases de la biologie de mani\u00e8re ludique et interactive.<\/p>\n","protected":false},"excerpt":{"rendered":"<p><strong>Biology: An Introduction to Science (500 Fantastic Facts)<\/strong> offre 500 faits fascinants sur la biologie, des cellules aux \u00e9cosyst\u00e8mes, \u00e0 travers des illustrations et des explications claires. Un guide \u00e9ducatif et captivant pour \u00e9veiller la curiosit\u00e9 des enfants de tous \u00e2ges sur le monde vivant.<\/p>\n","protected":false},"featured_media":22037,"comment_status":"open","ping_status":"closed","template":"","meta":{"inline_featured_image":false},"product_cat":[3899,3706],"product_tag":[],"class_list":{"0":"post-22036","1":"product","2":"type-product","3":"status-publish","4":"has-post-thumbnail","6":"product_cat-encyclopedies_anglais","7":"product_cat-encyclopedie-2","9":"first","10":"instock","11":"shipping-taxable","12":"purchasable","13":"product-type-simple"},"_links":{"self":[{"href":"https:\/\/baralivres.ma\/index.php?rest_route=\/wp\/v2\/product\/22036","targetHints":{"allow":["GET"]}}],"collection":[{"href":"https:\/\/baralivres.ma\/index.php?rest_route=\/wp\/v2\/product"}],"about":[{"href":"https:\/\/baralivres.ma\/index.php?rest_route=\/wp\/v2\/types\/product"}],"replies":[{"embeddable":true,"href":"https:\/\/baralivres.ma\/index.php?rest_route=%2Fwp%2Fv2%2Fcomments&post=22036"}],"version-history":[{"count":1,"href":"https:\/\/baralivres.ma\/index.php?rest_route=\/wp\/v2\/product\/22036\/revisions"}],"predecessor-version":[{"id":22038,"href":"https:\/\/baralivres.ma\/index.php?rest_route=\/wp\/v2\/product\/22036\/revisions\/22038"}],"wp:featuredmedia":[{"embeddable":true,"href":"https:\/\/baralivres.ma\/index.php?rest_route=\/wp\/v2\/media\/22037"}],"wp:attachment":[{"href":"https:\/\/baralivres.ma\/index.php?rest_route=%2Fwp%2Fv2%2Fmedia&parent=22036"}],"wp:term":[{"taxonomy":"product_cat","embeddable":true,"href":"https:\/\/baralivres.ma\/index.php?rest_route=%2Fwp%2Fv2%2Fproduct_cat&post=22036"},{"taxonomy":"product_tag","embeddable":true,"href":"https:\/\/baralivres.ma\/index.php?rest_route=%2Fwp%2Fv2%2Fproduct_tag&post=22036"}],"curies":[{"name":"wp","href":"https:\/\/api.w.org\/{rel}","templated":true}]}}